{"id":4007,"date":"2021-07-12T09:16:59","date_gmt":"2021-07-12T09:16:59","guid":{"rendered":"https:\/\/www.ifindpass.com\/?page_id=4007"},"modified":"2021-07-27T01:27:21","modified_gmt":"2021-07-27T01:27:21","slug":"return-policy","status":"publish","type":"page","link":"https:\/\/www.ifindpass.com\/pt\/return-policy\/","title":{"rendered":"Pol\u00edtica de devolu\u00e7\u00e3o"},"content":{"rendered":"<div class=\"gb-container gb-container-6d264d71 gb-headline gb-headline-0fcd8a68\"><div class=\"gb-inside-container\">\n<div class=\"gb-grid-wrapper gb-grid-wrapper-b75a8e92\">\n<div class=\"gb-grid-column gb-grid-column-cc09e3e0\"><div class=\"gb-container gb-container-cc09e3e0\"><div class=\"gb-inside-container\">\n\n<h1 class=\"gb-headline gb-headline-0fcd8a68 gb-headline-text\">Politica de reembolso<\/h1>\n\n\n\n<p class=\"gb-headline gb-headline-e0de5141 gb-headline-text\"><\/p>\n\n<\/div><\/div><\/div>\n<\/div>\n<\/div><\/div>\n\n<div class=\"gb-container gb-container-a1aaac52 wp-block-image size-large is-resized\"><div class=\"gb-inside-container\">\n<div class=\"gb-grid-wrapper gb-grid-wrapper-086e17e1\">\n<div class=\"gb-grid-column gb-grid-column-417290a3\"><div class=\"gb-container gb-container-417290a3\"><div class=\"gb-inside-container\">\n\n<p>Nosso site possui um sistema autom\u00e1tico de verifica\u00e7\u00e3o de todos os pedidos dos clientes. Desta forma, podemos evitar erros, mas em raros cen\u00e1rios, se a senha recuperada estiver incorreta, podemos compens\u00e1-lo. Tudo depende da sua escolha! Resolveremos o problema ou reembolsaremos seu dinheiro em tr\u00eas dias \u00fateis.<\/p>\n\n\n\n<h2 class=\"gb-headline gb-headline-5275f094 gb-headline-text\">Pedido personalizado<\/h2>\n\n\n\n<p class=\"gb-headline gb-headline-7a2681ce gb-headline-text\">Voc\u00ea pode fazer pedidos personalizados por meio da p\u00e1gina de pedidos personalizados. Se a p\u00e1gina n\u00e3o responder, voc\u00ea pode entrar em contato com nossa equipe t\u00e9cnica. Os pedidos personalizados s\u00e3o:<\/p>\n\n\n\n<p class=\"gb-headline gb-headline-34024260\"><span class=\"gb-icon\"><svg aria-hidden=\"true\" height=\"1em\" width=\"1em\" viewbox=\"0 0 256 512\" xmlns=\"http:\/\/www.w3.org\/2000\/svg\"><path fill=\"currentColor\" d=\"M224.3 273l-136 136c-9.4 9.4-24.6 9.4-33.9 0l-22.6-22.6c-9.4-9.4-9.4-24.6 0-33.9l96.4-96.4-96.4-96.4c-9.4-9.4-9.4-24.6 0-33.9L54.3 103c9.4-9.4 24.6-9.4 33.9 0l136 136c9.5 9.4 9.5 24.6.1 34z\"><\/path><\/svg><\/span><span class=\"gb-headline-text\"><strong>1. Recupera\u00e7\u00e3o de senha do arquivo n\u00e3o mencionado na lista de formatos.<\/strong><\/span><\/p>\n\n\n\n<p class=\"gb-headline gb-headline-b91cd9b0\"><span class=\"gb-icon\"><svg aria-hidden=\"true\" height=\"1em\" width=\"1em\" viewbox=\"0 0 256 512\" xmlns=\"http:\/\/www.w3.org\/2000\/svg\"><path fill=\"currentColor\" d=\"M224.3 273l-136 136c-9.4 9.4-24.6 9.4-33.9 0l-22.6-22.6c-9.4-9.4-9.4-24.6 0-33.9l96.4-96.4-96.4-96.4c-9.4-9.4-9.4-24.6 0-33.9L54.3 103c9.4-9.4 24.6-9.4 33.9 0l136 136c9.5 9.4 9.5 24.6.1 34z\"><\/path><\/svg><\/span><span class=\"gb-headline-text\"><strong>2. Tamb\u00e9m oferecemos uma ordem personalizada de for\u00e7a bruta com m\u00e1scara.<\/strong><\/span><\/p>\n\n\n\n<p class=\"gb-headline gb-headline-81c795ac\"><span class=\"gb-icon\"><svg aria-hidden=\"true\" height=\"1em\" width=\"1em\" viewbox=\"0 0 256 512\" xmlns=\"http:\/\/www.w3.org\/2000\/svg\"><path fill=\"currentColor\" d=\"M224.3 273l-136 136c-9.4 9.4-24.6 9.4-33.9 0l-22.6-22.6c-9.4-9.4-9.4-24.6 0-33.9l96.4-96.4-96.4-96.4c-9.4-9.4-9.4-24.6 0-33.9L54.3 103c9.4-9.4 24.6-9.4 33.9 0l136 136c9.5 9.4 9.5 24.6.1 34z\"><\/path><\/svg><\/span><span class=\"gb-headline-text\"><strong>3. Qualquer trabalho que precise ser executado por meio de acordo individual.<\/strong><\/span><\/p>\n\n\n\n<p class=\"gb-headline gb-headline-bbc64fd8 gb-headline-text\"><strong>Garantimos fornecer a todos os pedidos acima uma pol\u00edtica de reembolso justa. No entanto, n\u00e3o h\u00e1 pol\u00edtica de devolu\u00e7\u00e3o para pedidos n\u00e3o aceitos.<\/strong><\/p>\n\n\n\n<h2 class=\"gb-headline gb-headline-96640c50 gb-headline-text\">Termos e Condi\u00e7\u00f5es<\/h2>\n\n\n\n<p class=\"gb-headline gb-headline-aaf765ad gb-headline-text\">No momento em que aceita nossos servi\u00e7os, voc\u00ea concorda com os termos de que n\u00e3o est\u00e1 violando nenhuma lei sobre direitos autorais ou quest\u00f5es de privacidade existentes em sua regi\u00e3o. Al\u00e9m disso, voc\u00ea fornecer\u00e1 uma declara\u00e7\u00e3o de que est\u00e1 usando os servi\u00e7os de recupera\u00e7\u00e3o como detentor de direitos autorais.<\/p>\n\n\n\n<p class=\"gb-headline gb-headline-84d21672 gb-headline-text\">Ao mesmo tempo, nosso site n\u00e3o se responsabiliza se voc\u00ea cometer um erro ao fornecer informa\u00e7\u00f5es sobre a estrutura da senha. Al\u00e9m disso, iFindPass.com n\u00e3o ser\u00e1 respons\u00e1vel por quaisquer danos incidentais, conseq\u00fcenciais, diretos, indiretos ou especiais em quaisquer circunst\u00e2ncias.<\/p>\n\n<\/div><\/div><\/div>\n<\/div>\n<\/div><\/div>","protected":false},"excerpt":{"rendered":"","protected":false},"author":1,"featured_media":0,"parent":0,"menu_order":0,"comment_status":"closed","ping_status":"closed","template":"","meta":{"_generate-full-width-content":"true"},"yoast_head":"<!-- This site is optimized with the Yoast SEO Premium plugin v16.3 (Yoast SEO v16.3) - https:\/\/yoast.com\/wordpress\/plugins\/seo\/ -->\n<title>Refund Policy<\/title>\n<meta name=\"description\" content=\"Here in this page you can learn about our policies and conditions regarding your purchases and refunds. please read carefully before taking orders.\" \/>\n<meta name=\"robots\" content=\"index, follow, max-snippet:-1, max-image-preview:large, max-video-preview:-1\" \/>\n<link rel=\"canonical\" href=\"https:\/\/www.ifindpass.com\/pt\/return-policy\/\" \/>\n<meta property=\"og:locale\" content=\"pt_PT\" \/>\n<meta property=\"og:type\" content=\"article\" \/>\n<meta property=\"og:title\" content=\"Refund Policy\" \/>\n<meta property=\"og:description\" content=\"Here in this page you can learn about our policies and conditions regarding your purchases and refunds. please read carefully before taking orders.\" \/>\n<meta property=\"og:url\" content=\"https:\/\/www.ifindpass.com\/pt\/return-policy\/\" \/>\n<meta property=\"og:site_name\" content=\"iFindPass\" \/>\n<meta property=\"article:modified_time\" content=\"2021-07-27T01:27:21+00:00\" \/>\n<meta name=\"twitter:card\" content=\"summary_large_image\" \/>\n<meta name=\"twitter:label1\" content=\"Tempo estimado de leitura\">\n\t<meta name=\"twitter:data1\" content=\"2 minutos\">\n<script type=\"application\/ld+json\" class=\"yoast-schema-graph\">{\"@context\":\"https:\/\/schema.org\",\"@graph\":[{\"@type\":\"WebSite\",\"@id\":\"https:\/\/www.ifindpass.com\/fr\/#website\",\"url\":\"https:\/\/www.ifindpass.com\/fr\/\",\"name\":\"iFindPass\",\"description\":\"Password Recovery\",\"potentialAction\":[{\"@type\":\"SearchAction\",\"target\":\"https:\/\/www.ifindpass.com\/fr\/?s={search_term_string}\",\"query-input\":\"required name=search_term_string\"}],\"inLanguage\":\"pt-PT\"},{\"@type\":\"WebPage\",\"@id\":\"https:\/\/www.ifindpass.com\/return-policy\/#webpage\",\"url\":\"https:\/\/www.ifindpass.com\/return-policy\/\",\"name\":\"Refund Policy\",\"isPartOf\":{\"@id\":\"https:\/\/www.ifindpass.com\/fr\/#website\"},\"datePublished\":\"2021-07-12T09:16:59+00:00\",\"dateModified\":\"2021-07-27T01:27:21+00:00\",\"description\":\"Here in this page you can learn about our policies and conditions regarding your purchases and refunds. please read carefully before taking orders.\",\"breadcrumb\":{\"@id\":\"https:\/\/www.ifindpass.com\/return-policy\/#breadcrumb\"},\"inLanguage\":\"pt-PT\",\"potentialAction\":[{\"@type\":\"ReadAction\",\"target\":[\"https:\/\/www.ifindpass.com\/return-policy\/\"]}]},{\"@type\":\"BreadcrumbList\",\"@id\":\"https:\/\/www.ifindpass.com\/return-policy\/#breadcrumb\",\"itemListElement\":[{\"@type\":\"ListItem\",\"position\":1,\"item\":{\"@id\":\"https:\/\/www.ifindpass.com\/return-policy\/#webpage\"}}]}]}<\/script>\n<!-- \/ Yoast SEO Premium plugin. -->","_links":{"self":[{"href":"https:\/\/www.ifindpass.com\/pt\/wp-json\/wp\/v2\/pages\/4007"}],"collection":[{"href":"https:\/\/www.ifindpass.com\/pt\/wp-json\/wp\/v2\/pages"}],"about":[{"href":"https:\/\/www.ifindpass.com\/pt\/wp-json\/wp\/v2\/types\/page"}],"author":[{"embeddable":true,"href":"https:\/\/www.ifindpass.com\/pt\/wp-json\/wp\/v2\/users\/1"}],"replies":[{"embeddable":true,"href":"https:\/\/www.ifindpass.com\/pt\/wp-json\/wp\/v2\/comments?post=4007"}],"version-history":[{"count":1,"href":"https:\/\/www.ifindpass.com\/pt\/wp-json\/wp\/v2\/pages\/4007\/revisions"}],"predecessor-version":[{"id":4486,"href":"https:\/\/www.ifindpass.com\/pt\/wp-json\/wp\/v2\/pages\/4007\/revisions\/4486"}],"wp:attachment":[{"href":"https:\/\/www.ifindpass.com\/pt\/wp-json\/wp\/v2\/media?parent=4007"}],"curies":[{"name":"wp","href":"https:\/\/api.w.org\/{rel}","templated":true}]}}