{"id":3967,"date":"2021-07-12T07:31:13","date_gmt":"2021-07-12T07:31:13","guid":{"rendered":"https:\/\/www.ifindpass.com\/?page_id=3967"},"modified":"2021-07-26T06:32:05","modified_gmt":"2021-07-26T06:32:05","slug":"infrastructure","status":"publish","type":"page","link":"https:\/\/www.ifindpass.com\/pt\/infrastructure\/","title":{"rendered":"A infraestrutura"},"content":{"rendered":"<div class=\"gb-container gb-container-b34c6840 gb-headline gb-headline-0fcd8a68\"><div class=\"gb-inside-container\">\n<div class=\"gb-grid-wrapper gb-grid-wrapper-04a2c8c0\">\n<div class=\"gb-grid-column gb-grid-column-87aea20b\"><div class=\"gb-container gb-container-87aea20b\"><div class=\"gb-inside-container\">\n\n<h1 class=\"gb-headline gb-headline-6a46ab6b gb-headline-text\">A infraestrutura<\/h1>\n\n\n\n<p class=\"gb-headline gb-headline-55f6c2c3 gb-headline-text\">Para realizar o servi\u00e7o de recupera\u00e7\u00e3o de senha para voc\u00ea de forma r\u00e1pida e eficaz, temos uma estrutura \u00fanica de hardware e software. Cada servidor funciona 24 horas por dia, 7 dias por semana, para recuperar sua senha o mais r\u00e1pido poss\u00edvel.<\/p>\n\n\n\n<p class=\"gb-headline gb-headline-e074ea26 gb-headline-text\">Al\u00e9m disso, usamos GPU, as placas gr\u00e1ficas de alto desempenho que quebram senhas muito rapidamente para voc\u00ea.<\/p>\n\n<\/div><\/div><\/div>\n<\/div>\n<\/div><\/div>\n\n<div class=\"gb-container gb-container-92fba456\"><div class=\"gb-inside-container\">\n\n<h3 class=\"gb-headline gb-headline-916f36e5\"><span class=\"gb-icon\"><svg height=\"200\" width=\"200\" xmlns=\"http:\/\/www.w3.org\/2000\/svg\" version=\"1.1\" viewbox=\"0 0 1024 1024\" class=\"icon\"><path fill=\"#347aeb\" d=\"M842.27328 123.57888H181.74208L0.72704 512.6656V901.7344h1022.54336V512.6656L842.27328 123.57888z m102.528 699.81184H79.18336V545.89184h865.61792v277.49888zM549.6832 627.32544h114.65472v114.64192h-114.65472V627.328z m199.06048 0h114.63936v114.64192h-114.6368V627.328z\"><\/path><\/svg><\/span><span class=\"gb-headline-text\">Hardware<\/span><\/h3>\n\n\n\n<p class=\"gb-headline gb-headline-2407340a gb-headline-text\">Ao contr\u00e1rio das CPUs, usamos clusters de computa\u00e7\u00e3o com GPU de alto desempenho, ou seja, servidores de unidades de processamento gr\u00e1fico. Por que exatamente escolhemos GPUs? \u00c9 porque eles realizam a tarefa de forma eficaz e tamb\u00e9m realizam v\u00e1rios c\u00e1lculos complexos.<\/p>\n\n\n\n<p class=\"gb-headline gb-headline-c852661d gb-headline-text\">O n\u00facleo da GPU \u00e9 muito mais simples que o da CPU em termos de composi\u00e7\u00e3o, o que permite colocar gr\u00e1ficos em microchips junto com a realiza\u00e7\u00e3o de c\u00e1lculos. Em placas de v\u00eddeo modernas, a an\u00e1lise \u00e9 feita cem vezes mais r\u00e1pido que CPUs.<\/p>\n\n\n\n<p class=\"gb-headline gb-headline-91c9b40e gb-headline-text\">Um servidor GPU \u00e9 um computador de alto desempenho com v\u00e1rias placas de v\u00eddeo de alta tecnologia. Um dos servidores como este pode recuperar senhas atrav\u00e9s de um milh\u00e3o de variantes em alguns segundos.<\/p>\n\n\n\n<p class=\"gb-headline gb-headline-c4f7b591 gb-headline-text\">Nosso sistema est\u00e1 em constante aprimoramento, com a adi\u00e7\u00e3o de novos hardwares e o aumento de servidores. Apesar dos problemas usuais de m\u00e9todos de criptografia no mundo real, isso acelera nosso trabalho.<br><br>Usamos 32 placas gr\u00e1ficas RTX3080 de alto desempenho para crackear senhas e nossa m\u00e1quina tem uma capacidade de c\u00e1lculo de senhas de at\u00e9 20 milh\u00f5es por segundo. Assim, em menos de 60 segundos, podemos verificar 1 bilh\u00e3o de senhas, raz\u00e3o pela qual nossa capacidade de recupera\u00e7\u00e3o de senha \u00e9 muito maior do que a de computadores dom\u00e9sticos.<\/p>\n\n\n<div class=\"gb-container gb-container-c8952c05\"><div class=\"gb-inside-container\">\n<div class=\"gb-grid-wrapper gb-grid-wrapper-71324b8e\">\n<div class=\"gb-grid-column gb-grid-column-e27d72d4\"><div class=\"gb-container gb-container-e27d72d4\"><div class=\"gb-inside-container\">\n\n<div class=\"wp-block-image is-style-default\"><figure class=\"aligncenter size-large is-resized\"><img src=\"https:\/\/www.ifindpass.com\/wp-content\/uploads\/2021\/07\/rtx3080.png\" alt=\"RTX3080\" class=\"wp-image-4196\" width=\"541\" height=\"428\" srcset=\"https:\/\/www.ifindpass.com\/wp-content\/uploads\/2021\/07\/rtx3080.png 721w, https:\/\/www.ifindpass.com\/wp-content\/uploads\/2021\/07\/rtx3080-300x238.png 300w\" sizes=\"(max-width: 541px) 100vw, 541px\" \/><\/figure><\/div>\n\n<\/div><\/div><\/div>\n\n<div class=\"gb-grid-column gb-grid-column-5aafe0ce\"><div class=\"gb-container gb-container-5aafe0ce\"><div class=\"gb-inside-container\">\n\n<div class=\"wp-block-image is-style-default\"><figure class=\"aligncenter size-large is-resized\"><img src=\"https:\/\/www.ifindpass.com\/wp-content\/uploads\/2021\/07\/graphic-machine-2.png\" alt=\"M\u00e1quina\" class=\"wp-image-4197\" width=\"541\" height=\"428\" srcset=\"https:\/\/www.ifindpass.com\/wp-content\/uploads\/2021\/07\/graphic-machine-2.png 721w, https:\/\/www.ifindpass.com\/wp-content\/uploads\/2021\/07\/graphic-machine-2-300x238.png 300w\" sizes=\"(max-width: 541px) 100vw, 541px\" \/><\/figure><\/div>\n\n<\/div><\/div><\/div>\n<\/div>\n<\/div><\/div>\n\n\n<h3 class=\"gb-headline gb-headline-dc82a4ff\"><span class=\"gb-icon\"><svg height=\"200\" width=\"200\" xmlns=\"http:\/\/www.w3.org\/2000\/svg\" version=\"1.1\" viewbox=\"0 0 1024 1024\" class=\"icon\"><path fill=\"#347aeb\" d=\"M907.115287 355.174596l-92.75523 92.75523a131.195517 131.195517 0 0 1-185.510462 0L536.028767 355.174596a131.261115 131.261115 0 0 1 0-185.510462l92.820828-92.75523a131.064322 131.064322 0 0 1 185.510462 0l92.75523 92.75523a131.195517 131.195517 0 0 1 0 185.510462zM328.018275 983.994709H65.62724a65.597759 65.597759 0 0 1-65.597758-65.597758v-262.391035a65.597759 65.597759 0 0 1 65.597758-65.597758h262.391035a65.597759 65.597759 0 0 1 65.597758 65.597758v262.391035a65.597759 65.597759 0 0 1-65.597758 65.597758z m0-524.782068H65.62724a65.597759 65.597759 0 0 1-65.597758-65.597759V131.223848a65.597759 65.597759 0 0 1 65.597758-65.597759h262.391035a65.597759 65.597759 0 0 1 65.597758 65.597759v262.391034a65.597759 65.597759 0 0 1-65.597758 65.597759z m262.391034 131.195517h262.391034a65.597759 65.597759 0 0 1 65.597759 65.597758v262.391035a65.597759 65.597759 0 0 1-65.597759 65.597758H590.409309a65.597759 65.597759 0 0 1-65.597759-65.597758v-262.391035a65.597759 65.597759 0 0 1 65.597759-65.597758z\"><\/path><\/svg><\/span><span class=\"gb-headline-text\">Programas<\/span><\/h3>\n\n\n\n<p class=\"gb-headline gb-headline-8b794768 gb-headline-text\">O software foi desenvolvido para garantir que todo o sistema funcione sem interrup\u00e7\u00e3o sob carga m\u00e1xima de hardware. Cada servidor foi carregado com uma capacidade de 100%.<\/p>\n\n\n\n<p class=\"gb-headline gb-headline-6f8a703d gb-headline-text\">Por meio de um processador GPU, a recupera\u00e7\u00e3o de senha mais r\u00e1pida \u00e9 poss\u00edvel. Al\u00e9m disso, o software de quebra de senha \u00e9 otimizado para a estrutura OpenCL, garantindo a f\u00e1cil quebra de senhas.<\/p>\n\n\n\n<h3 class=\"gb-headline gb-headline-0ce08154\"><span class=\"gb-icon\"><svg height=\"200\" width=\"200\" xmlns=\"http:\/\/www.w3.org\/2000\/svg\" version=\"1.1\" viewbox=\"0 0 1024 1024\" class=\"icon\"><path fill=\"#347aeb\" d=\"M949.449394 102.670934v506.527141c0 30.514865-7.121683 60.518826-21.359889 90.522787-14.238206 30.003961-33.053899 58.991276-56.452242 87.472848a660.778672 660.778672 0 0 1-79.845422 80.351166 895.489742 895.489742 0 0 1-91.033691 67.640509c-31.020607 19.83234-61.029729 36.108998-90.017044 49.330558-28.987315 13.22156-54.413789 21.865632-76.284581 26.954023l-10.171621 2.033292-9.660719-2.033292c-22.376535-5.08323-48.313912-13.732463-78.317873-26.954023s-60.518826-29.498218-92.556079-49.330558c-32.037253-19.83234-63.568764-42.208875-94.083628-67.640509-31.020607-25.426473-58.485534-51.874754-82.384458-80.351166-24.409827-28.481572-43.736424-57.468887-58.485534-87.472848-15.254852-30.003961-22.376535-60.007922-22.376535-90.522787V102.670934l35.598095-5.594134 396.166854-78.317873 405.321829 78.317873 25.942538 5.594134z m-431.259206-10.682525l-4.577488-1.016646-341.242162 61.029729v319.37653h345.81965V91.988409z m343.786357 379.895356h-343.786357v454.652387c22.376535-5.594134 46.28062-13.732463 72.217996-24.409827 25.937377-11.188268 51.874754-23.904085 76.790324-39.158937 25.426473-15.254852 49.841462-31.531511 73.234643-49.841461 23.393181-18.309951 44.247328-38.142291 62.046375-58.991277 18.309951-20.848986 32.548157-42.719778 43.225521-65.602056 10.677364-22.887439 16.271498-45.769717 16.271498-69.162898V471.883765z\"><\/path><\/svg><\/span><span class=\"gb-headline-text\">Seguran\u00e7a<\/span><\/h3>\n\n\n\n<p class=\"gb-headline gb-headline-3383880c gb-headline-text\">Para resolver seus problemas de seguran\u00e7a de forma eficaz, usamos sistemas operacionais de servidor Linux. Devido a isso, todas as trocas de dados entre visitantes e visitantes do site s\u00e3o seguras. Al\u00e9m disso, os arquivos que voc\u00ea carrega s\u00e3o armazenados em nosso armazenamento seguro especial que protege seus dados de forma eficiente.<\/p>\n\n\n\n<h3 class=\"gb-headline gb-headline-e1f035bf\"><span class=\"gb-icon\"><svg height=\"200\" width=\"200\" xmlns=\"http:\/\/www.w3.org\/2000\/svg\" version=\"1.1\" viewbox=\"0 0 1024 1024\" class=\"icon\"><path fill=\"#347aeb\" d=\"M665.002667 128a42.666667 42.666667 0 0 1 30.165333 12.501333l188.330667 188.330667a42.666667 42.666667 0 0 1 12.501333 30.165333V853.333333a42.666667 42.666667 0 0 1-42.666667 42.666667H170.666667a42.666667 42.666667 0 0 1-42.666667-42.666667V170.666667a42.666667 42.666667 0 0 1 42.666667-42.666667h494.336zM512 554.666667a128 128 0 1 0 0 256 128 128 0 0 0 0-256z m42.666667-341.333334H213.333333v128h341.333334V213.333333z\"><\/path><\/svg><\/span><span class=\"gb-headline-text\">privacidade<\/span><\/h3>\n\n\n\n<p class=\"gb-headline gb-headline-16a92e83 gb-headline-text\">A fim de proteger melhor a privacidade dos usu\u00e1rios, nosso servidor armazenar\u00e1 apenas temporariamente seus arquivos carregados, e todos os arquivos carregados ser\u00e3o exclu\u00eddos em 48 horas automaticamente, independentemente de a senha do arquivo ser quebrada ou n\u00e3o.<\/p>\n\n<\/div><\/div>","protected":false},"excerpt":{"rendered":"","protected":false},"author":1,"featured_media":0,"parent":0,"menu_order":0,"comment_status":"closed","ping_status":"closed","template":"","meta":{"_generate-full-width-content":"true"},"yoast_head":"<!-- This site is optimized with the Yoast SEO Premium plugin v16.3 (Yoast SEO v16.3) - https:\/\/yoast.com\/wordpress\/plugins\/seo\/ -->\n<title>iFindPass Infrastructure<\/title>\n<meta name=\"description\" content=\"In this page you will understand why iFindPass is capable of cracking passwords for you and our infrastructure strengths that make everything happen.\" \/>\n<meta name=\"robots\" content=\"index, follow, max-snippet:-1, max-image-preview:large, max-video-preview:-1\" \/>\n<link rel=\"canonical\" href=\"https:\/\/www.ifindpass.com\/pt\/infrastructure\/\" \/>\n<meta property=\"og:locale\" content=\"pt_PT\" \/>\n<meta property=\"og:type\" content=\"article\" \/>\n<meta property=\"og:title\" content=\"iFindPass Infrastructure\" \/>\n<meta property=\"og:description\" content=\"In this page you will understand why iFindPass is capable of cracking passwords for you and our infrastructure strengths that make everything happen.\" \/>\n<meta property=\"og:url\" content=\"https:\/\/www.ifindpass.com\/pt\/infrastructure\/\" \/>\n<meta property=\"og:site_name\" content=\"iFindPass\" \/>\n<meta property=\"article:modified_time\" content=\"2021-07-26T06:32:05+00:00\" \/>\n<meta property=\"og:image\" content=\"https:\/\/www.ifindpass.com\/wp-content\/uploads\/2021\/07\/rtx3080.png\" \/>\n<meta name=\"twitter:card\" content=\"summary_large_image\" \/>\n<meta name=\"twitter:label1\" content=\"Tempo estimado de leitura\">\n\t<meta name=\"twitter:data1\" content=\"3 minutos\">\n<script type=\"application\/ld+json\" class=\"yoast-schema-graph\">{\"@context\":\"https:\/\/schema.org\",\"@graph\":[{\"@type\":\"WebSite\",\"@id\":\"https:\/\/www.ifindpass.com\/fr\/#website\",\"url\":\"https:\/\/www.ifindpass.com\/fr\/\",\"name\":\"iFindPass\",\"description\":\"Password Recovery\",\"potentialAction\":[{\"@type\":\"SearchAction\",\"target\":\"https:\/\/www.ifindpass.com\/fr\/?s={search_term_string}\",\"query-input\":\"required name=search_term_string\"}],\"inLanguage\":\"pt-PT\"},{\"@type\":\"ImageObject\",\"@id\":\"https:\/\/www.ifindpass.com\/infrastructure\/#primaryimage\",\"inLanguage\":\"pt-PT\",\"url\":\"https:\/\/www.ifindpass.com\/wp-content\/uploads\/2021\/07\/rtx3080.png\",\"contentUrl\":\"https:\/\/www.ifindpass.com\/wp-content\/uploads\/2021\/07\/rtx3080.png\",\"width\":721,\"height\":571},{\"@type\":\"WebPage\",\"@id\":\"https:\/\/www.ifindpass.com\/infrastructure\/#webpage\",\"url\":\"https:\/\/www.ifindpass.com\/infrastructure\/\",\"name\":\"iFindPass Infrastructure\",\"isPartOf\":{\"@id\":\"https:\/\/www.ifindpass.com\/fr\/#website\"},\"primaryImageOfPage\":{\"@id\":\"https:\/\/www.ifindpass.com\/infrastructure\/#primaryimage\"},\"datePublished\":\"2021-07-12T07:31:13+00:00\",\"dateModified\":\"2021-07-26T06:32:05+00:00\",\"description\":\"In this page you will understand why iFindPass is capable of cracking passwords for you and our infrastructure strengths that make everything happen.\",\"breadcrumb\":{\"@id\":\"https:\/\/www.ifindpass.com\/infrastructure\/#breadcrumb\"},\"inLanguage\":\"pt-PT\",\"potentialAction\":[{\"@type\":\"ReadAction\",\"target\":[\"https:\/\/www.ifindpass.com\/infrastructure\/\"]}]},{\"@type\":\"BreadcrumbList\",\"@id\":\"https:\/\/www.ifindpass.com\/infrastructure\/#breadcrumb\",\"itemListElement\":[{\"@type\":\"ListItem\",\"position\":1,\"item\":{\"@id\":\"https:\/\/www.ifindpass.com\/infrastructure\/#webpage\"}}]}]}<\/script>\n<!-- \/ Yoast SEO Premium plugin. -->","_links":{"self":[{"href":"https:\/\/www.ifindpass.com\/pt\/wp-json\/wp\/v2\/pages\/3967"}],"collection":[{"href":"https:\/\/www.ifindpass.com\/pt\/wp-json\/wp\/v2\/pages"}],"about":[{"href":"https:\/\/www.ifindpass.com\/pt\/wp-json\/wp\/v2\/types\/page"}],"author":[{"embeddable":true,"href":"https:\/\/www.ifindpass.com\/pt\/wp-json\/wp\/v2\/users\/1"}],"replies":[{"embeddable":true,"href":"https:\/\/www.ifindpass.com\/pt\/wp-json\/wp\/v2\/comments?post=3967"}],"version-history":[{"count":1,"href":"https:\/\/www.ifindpass.com\/pt\/wp-json\/wp\/v2\/pages\/3967\/revisions"}],"predecessor-version":[{"id":4453,"href":"https:\/\/www.ifindpass.com\/pt\/wp-json\/wp\/v2\/pages\/3967\/revisions\/4453"}],"wp:attachment":[{"href":"https:\/\/www.ifindpass.com\/pt\/wp-json\/wp\/v2\/media?parent=3967"}],"curies":[{"name":"wp","href":"https:\/\/api.w.org\/{rel}","templated":true}]}}