{"id":3224,"date":"2021-06-23T10:14:10","date_gmt":"2021-06-23T10:14:10","guid":{"rendered":"https:\/\/www.iseeguard.com\/?page_id=3224"},"modified":"2021-09-28T01:34:51","modified_gmt":"2021-09-28T01:34:51","slug":"terms-of-service","status":"publish","type":"page","link":"https:\/\/www.ifindpass.com\/pt\/terms-of-service\/","title":{"rendered":"Termos de servi\u00e7o"},"content":{"rendered":"<div class=\"gb-container gb-container-6d264d71 gb-headline gb-headline-0fcd8a68\"><div class=\"gb-inside-container\">\n<div class=\"gb-grid-wrapper gb-grid-wrapper-b75a8e92\">\n<div class=\"gb-grid-column gb-grid-column-cc09e3e0\"><div class=\"gb-container gb-container-cc09e3e0\"><div class=\"gb-inside-container\">\n\n<h1 class=\"gb-headline gb-headline-0fcd8a68 gb-headline-text\">Termos de servi\u00e7o<\/h1>\n\n\n\n<p class=\"gb-headline gb-headline-53f88472 gb-headline-text\">\u00daltima atualiza\u00e7\u00e3o: 11 de maio de 2021<\/p>\n\n<\/div><\/div><\/div>\n<\/div>\n<\/div><\/div>\n\n<div class=\"gb-container gb-container-1918cd5e\"><div class=\"gb-inside-container\">\n\n<h3 class=\"gb-headline gb-headline-b1e4ca68\"><span class=\"gb-icon\"><svg viewbox=\"0 0 60 4.688\" xmlns=\"https:\/\/www.w3.org\/2000\/svg\"><path d=\"M57.656 0H2.344a2.343 2.343 0 100 4.688h55.312a2.344 2.344 0 000-4.688z\"><\/path><\/svg><\/span><span class=\"gb-headline-text\">Pol\u00edtica de Privacidade<\/span><\/h3>\n\n\n\n<p class=\"gb-headline gb-headline-8c5b0612 gb-headline-text\">Nossa Pol\u00edtica de Privacidade est\u00e1 dispon\u00edvel em uma p\u00e1gina separada. Nossa Pol\u00edtica de Privacidade explica como processamos informa\u00e7\u00f5es sobre voc\u00ea. Voc\u00ea deve compreender que, por meio do uso do site, reconhece que o processamento dessas informa\u00e7\u00f5es ser\u00e1 realizado de acordo com a Pol\u00edtica de Privacidade.<\/p>\n\n\n\n<h3 class=\"gb-headline gb-headline-8fbdd611\"><span class=\"gb-icon\"><svg viewbox=\"0 0 60 4.688\" xmlns=\"https:\/\/www.w3.org\/2000\/svg\"><path d=\"M57.656 0H2.344a2.343 2.343 0 100 4.688h55.312a2.344 2.344 0 000-4.688z\"><\/path><\/svg><\/span><span class=\"gb-headline-text\">Sua conta<\/span><\/h3>\n\n\n\n<p class=\"gb-headline gb-headline-faeca95f gb-headline-text\">Ao usar o site, voc\u00ea ser\u00e1 respons\u00e1vel por garantir a confidencialidade de sua conta, senha e outras credenciais e pelo acesso seguro ao seu dispositivo. Voc\u00ea n\u00e3o deve atribuir sua conta a ningu\u00e9m. A Empresa n\u00e3o \u00e9 respons\u00e1vel por acesso n\u00e3o autorizado \u00e0 sua conta que resulte de apropria\u00e7\u00e3o ind\u00e9bita ou roubo de sua conta. A Empresa pode recusar ou cancelar o servi\u00e7o, encerrar sua conta e remover ou editar conte\u00fado.<\/p>\n\n\n\n<h3 class=\"gb-headline gb-headline-e7491245\"><span class=\"gb-icon\"><svg viewbox=\"0 0 60 4.688\" xmlns=\"https:\/\/www.w3.org\/2000\/svg\"><path d=\"M57.656 0H2.344a2.343 2.343 0 100 4.688h55.312a2.344 2.344 0 000-4.688z\"><\/path><\/svg><\/span><span class=\"gb-headline-text\">Servi\u00e7os<\/span><\/h3>\n\n\n\n<p class=\"gb-headline gb-headline-0863563f gb-headline-text\">O site permite que voc\u00ea use os Servi\u00e7os dispon\u00edveis no site. Voc\u00ea n\u00e3o deve usar os servi\u00e7os para fins ilegais.<\/p>\n\n\n\n<p class=\"gb-headline gb-headline-b3ec778b gb-headline-text\">O site permite que voc\u00ea use os servi\u00e7os dispon\u00edveis no site. Voc\u00ea n\u00e3o deve usar os servi\u00e7os para fins ilegais. Podemos, a nosso exclusivo crit\u00e9rio, definir taxas de uso do site para voc\u00ea. Todos os pre\u00e7os s\u00e3o publicados separadamente nas p\u00e1ginas relevantes do site. Podemos, a nosso exclusivo crit\u00e9rio, a qualquer momento alterar quaisquer taxas. O site permite que voc\u00ea use os servi\u00e7os dispon\u00edveis no site. Voc\u00ea n\u00e3o deve usar os servi\u00e7os para fins ilegais.<\/p>\n\n\n\n<p class=\"gb-headline gb-headline-8d391999 gb-headline-text\">Podemos usar sistemas de pagamento certificados, que tamb\u00e9m podem ter suas comiss\u00f5es. Essas comiss\u00f5es podem estar impl\u00edcitas em voc\u00ea ao escolher um sistema de pagamento espec\u00edfico. Informa\u00e7\u00f5es detalhadas sobre as comiss\u00f5es de tais sistemas de pagamento podem ser encontradas em seus sites.<\/p>\n\n\n\n<h3 class=\"gb-headline gb-headline-67779771\"><span class=\"gb-icon\"><svg viewbox=\"0 0 60 4.688\" xmlns=\"https:\/\/www.w3.org\/2000\/svg\"><path d=\"M57.656 0H2.344a2.343 2.343 0 100 4.688h55.312a2.344 2.344 0 000-4.688z\"><\/path><\/svg><\/span><span class=\"gb-headline-text\">Servi\u00e7os terceirizados<\/span><\/h3>\n\n\n\n<p class=\"gb-headline gb-headline-3987aaa3 gb-headline-text\">O site pode incluir links para outros sites, aplicativos e plataformas (doravante os &quot;Sites Vinculados&quot;).<\/p>\n\n\n\n<p class=\"gb-headline gb-headline-53a40ef6 gb-headline-text\">A Empresa n\u00e3o controla os Sites Vinculados e n\u00e3o ser\u00e1 respons\u00e1vel pelo conte\u00fado e outros materiais dos Sites Vinculados. A Empresa disponibiliza esses links a voc\u00ea para fornecer a funcionalidade ou servi\u00e7os no site.<\/p>\n\n\n\n<h3 class=\"gb-headline gb-headline-c38b6763\"><span class=\"gb-icon\"><svg viewbox=\"0 0 60 4.688\" xmlns=\"https:\/\/www.w3.org\/2000\/svg\"><path d=\"M57.656 0H2.344a2.343 2.343 0 100 4.688h55.312a2.344 2.344 0 000-4.688z\"><\/path><\/svg><\/span><span class=\"gb-headline-text\">Usos proibidos e propriedade intelectual<\/span><\/h3>\n\n\n\n<p class=\"gb-headline gb-headline-d28e5580 gb-headline-text\">A Empresa concede a voc\u00ea uma licen\u00e7a intransfer\u00edvel, n\u00e3o exclusiva e revog\u00e1vel para acessar e usar o site a partir de um dispositivo de acordo com os Termos. Voc\u00ea n\u00e3o deve usar o site para fins ilegais ou proibidos. Voc\u00ea n\u00e3o pode usar o site de forma que desabilite, danifique ou interfira no site.<\/p>\n\n\n\n<p class=\"gb-headline gb-headline-52b5fd73 gb-headline-text\">Todo o conte\u00fado presente no site inclui texto, c\u00f3digo, gr\u00e1ficos, logotipos, imagens, compila\u00e7\u00e3o, software usado no site (doravante e anteriormente o &quot;Conte\u00fado&quot;). O Conte\u00fado \u00e9 propriedade da Empresa ou de seus contratados e protegido por leis de propriedade intelectual que protegem tais direitos. Voc\u00ea concorda em usar todos os direitos autorais e outros avisos de propriedade ou restri\u00e7\u00f5es contidos no Conte\u00fado e voc\u00ea est\u00e1 proibido de alterar o Conte\u00fado.<\/p>\n\n\n\n<p class=\"gb-headline gb-headline-a4cf55e4 gb-headline-text\">Voc\u00ea n\u00e3o pode publicar, transmitir, modificar, fazer engenharia reversa, participar da transfer\u00eancia ou criar e vender trabalhos derivados, ou de qualquer forma usar qualquer parte do Conte\u00fado. O desfrute do site n\u00e3o lhe dar\u00e1 o direito de fazer qualquer uso ilegal e n\u00e3o permitido do Conte\u00fado e, em particular, voc\u00ea n\u00e3o deve alterar direitos de propriedade ou avisos sobre o Conte\u00fado. Voc\u00ea deve usar o Conte\u00fado apenas para seu uso pessoal e n\u00e3o comercial. A Empresa n\u00e3o concede a voc\u00ea nenhuma licen\u00e7a de propriedade intelectual da Empresa.<\/p>\n\n\n\n<h3 class=\"gb-headline gb-headline-1d542d56\"><span class=\"gb-icon\"><svg viewbox=\"0 0 60 4.688\" xmlns=\"https:\/\/www.w3.org\/2000\/svg\"><path d=\"M57.656 0H2.344a2.343 2.343 0 100 4.688h55.312a2.344 2.344 0 000-4.688z\"><\/path><\/svg><\/span><span class=\"gb-headline-text\">Os Materiais da Empresa<\/span><\/h3>\n\n\n\n<p class=\"gb-headline gb-headline-5f88c03e gb-headline-text\">Ao postar, carregar, inserir, fornecer ou enviar seu Conte\u00fado, voc\u00ea est\u00e1 concedendo \u00e0 Empresa o uso de seu Conte\u00fado em conex\u00e3o com a opera\u00e7\u00e3o dos neg\u00f3cios da Empresa, incluindo, mas n\u00e3o se limitando a, os direitos de transmitir, exibir publicamente, distribuir, executar publicamente, copiar , reproduzir e traduzir seu conte\u00fado; e publicar seu nome em conex\u00e3o com seu conte\u00fado.<\/p>\n\n\n\n<p class=\"gb-headline gb-headline-216ce585 gb-headline-text\">Nenhuma compensa\u00e7\u00e3o ser\u00e1 paga em rela\u00e7\u00e3o ao uso de seu Conte\u00fado. A Empresa n\u00e3o ter\u00e1 nenhuma obriga\u00e7\u00e3o de publicar ou desfrutar de qualquer Conte\u00fado que voc\u00ea possa nos enviar e pode remover seu Conte\u00fado a qualquer momento.<\/p>\n\n\n\n<p class=\"gb-headline gb-headline-ef93ccda gb-headline-text\">Ao postar, carregar, inserir, fornecer ou enviar seu Conte\u00fado, voc\u00ea garante e declara que possui todos os direitos de seu Conte\u00fado.<\/p>\n\n\n\n<h3 class=\"gb-headline gb-headline-bd24058b\"><span class=\"gb-icon\"><svg viewbox=\"0 0 60 4.688\" xmlns=\"https:\/\/www.w3.org\/2000\/svg\"><path d=\"M57.656 0H2.344a2.343 2.343 0 100 4.688h55.312a2.344 2.344 0 000-4.688z\"><\/path><\/svg><\/span><span class=\"gb-headline-text\">Os Materiais da Empresa<\/span><\/h3>\n\n\n\n<p class=\"gb-headline gb-headline-de8b587b gb-headline-text\">As informa\u00e7\u00f5es dispon\u00edveis no site podem conter erros tipogr\u00e1ficos ou imprecis\u00f5es. A Empresa n\u00e3o ser\u00e1 respons\u00e1vel por essas imprecis\u00f5es e erros.<\/p>\n\n\n\n<p class=\"gb-headline gb-headline-118319f8 gb-headline-text\">A Empresa n\u00e3o faz representa\u00e7\u00f5es sobre a disponibilidade, precis\u00e3o, confiabilidade, adequa\u00e7\u00e3o e oportunidade do Conte\u00fado contido e dos servi\u00e7os dispon\u00edveis no site. Na extens\u00e3o m\u00e1xima permitida pela lei aplic\u00e1vel, todo esse Conte\u00fado e servi\u00e7os s\u00e3o fornecidos &quot;no estado em que se encontram&quot;. A Empresa se isenta de todas as garantias e condi\u00e7\u00f5es relativas a este Conte\u00fado e servi\u00e7os, incluindo garantias e disposi\u00e7\u00f5es de comercializa\u00e7\u00e3o, adequa\u00e7\u00e3o a uma determinada finalidade.<\/p>\n\n\n\n<p class=\"gb-headline gb-headline-b98d4bc2 gb-headline-text\">Na medida m\u00e1xima permitida pela lei aplic\u00e1vel, em nenhum caso a Empresa ser\u00e1 respons\u00e1vel por quaisquer danos diretos, indiretos, incidentais, conseq\u00fcenciais, especiais, punitivos, incluindo, mas n\u00e3o se limitando a, danos por perda de divers\u00e3o, dados ou lucros, em a liga\u00e7\u00e3o com a frui\u00e7\u00e3o ou execu\u00e7\u00e3o do site no contexto da incapacidade ou atraso para usufruir do site ou dos seus servi\u00e7os, ou de qualquer Conte\u00fado do site, ou de outra forma decorrente da frui\u00e7\u00e3o do site, com base contratual e n\u00e3o - responsabilidade contratual ou outro motivo.<\/p>\n\n\n\n<p class=\"gb-headline gb-headline-876d1315 gb-headline-text\">Se a exclus\u00e3o ou limita\u00e7\u00e3o de responsabilidade por danos, sejam consequentes ou incidentais, forem proibidas em um caso particular, a exclus\u00e3o ou limita\u00e7\u00e3o de responsabilidade n\u00e3o se aplicar\u00e1 a voc\u00ea.<\/p>\n\n\n\n<h3 class=\"gb-headline gb-headline-710393c6\"><span class=\"gb-icon\"><svg viewbox=\"0 0 60 4.688\" xmlns=\"https:\/\/www.w3.org\/2000\/svg\"><path d=\"M57.656 0H2.344a2.343 2.343 0 100 4.688h55.312a2.344 2.344 0 000-4.688z\"><\/path><\/svg><\/span><span class=\"gb-headline-text\">Indeniza\u00e7\u00e3o<\/span><\/h3>\n\n\n\n<p class=\"gb-headline gb-headline-9d4b6a91 gb-headline-text\">Voc\u00ea concorda em indenizar, defender e isentar de responsabilidade a Empresa, seus gerentes, diretores, funcion\u00e1rios, agentes e terceiros, por quaisquer custos, perdas, despesas (incluindo honor\u00e1rios advocat\u00edcios), responsabilidades relacionadas ou decorrentes de seu gozo ou incapacidade para desfrutar do site ou seus servi\u00e7os e servi\u00e7os e produtos da Empresa, sua viola\u00e7\u00e3o dos Termos ou sua viola\u00e7\u00e3o de quaisquer direitos de terceiros, ou sua viola\u00e7\u00e3o da lei aplic\u00e1vel. A Empresa pode assumir a defesa exclusiva e voc\u00ea deve cooperar com a Empresa na defesa de quaisquer defesas dispon\u00edveis.<\/p>\n\n\n\n<h3 class=\"gb-headline gb-headline-5ac6df7c\"><span class=\"gb-icon\"><svg viewbox=\"0 0 60 4.688\" xmlns=\"https:\/\/www.w3.org\/2000\/svg\"><path d=\"M57.656 0H2.344a2.343 2.343 0 100 4.688h55.312a2.344 2.344 0 000-4.688z\"><\/path><\/svg><\/span><span class=\"gb-headline-text\">Rescis\u00e3o e Restri\u00e7\u00e3o de Acesso<\/span><\/h3>\n\n\n\n<p class=\"gb-headline gb-headline-5642661c gb-headline-text\">A Empresa pode encerrar seu acesso e conta ao site e seus servi\u00e7os relacionados ou qualquer parte a qualquer momento, sem aviso pr\u00e9vio, em caso de viola\u00e7\u00e3o dos Termos.<\/p>\n\n\n\n<h3 class=\"gb-headline gb-headline-2d957027\"><span class=\"gb-icon\"><svg viewbox=\"0 0 60 4.688\" xmlns=\"https:\/\/www.w3.org\/2000\/svg\"><path d=\"M57.656 0H2.344a2.343 2.343 0 100 4.688h55.312a2.344 2.344 0 000-4.688z\"><\/path><\/svg><\/span><span class=\"gb-headline-text\">Diversos<\/span><\/h3>\n\n\n\n<p class=\"gb-headline gb-headline-56c52ba5 gb-headline-text\">A lei aplic\u00e1vel dos Termos deve ser a legisla\u00e7\u00e3o substantiva do pa\u00eds onde a Empresa est\u00e1 estabelecida, exceto as regras de conflito de leis. Voc\u00ea n\u00e3o deve usar o site em jurisdi\u00e7\u00f5es que n\u00e3o cumpram todas as disposi\u00e7\u00f5es dos Termos.<\/p>\n\n\n\n<p class=\"gb-headline gb-headline-6435ab92 gb-headline-text\">Nenhuma joint venture, parceria, emprego ou relacionamento de ag\u00eancia deve estar impl\u00edcito entre voc\u00ea e a Empresa como resultado dos Termos ou do uso do site.<\/p>\n\n\n\n<p class=\"gb-headline gb-headline-f63c2377 gb-headline-text\">Nada nos Termos deve ser uma derroga\u00e7\u00e3o do direito da Empresa de cumprir as solicita\u00e7\u00f5es ou requisitos governamentais, judiciais, policiais e de aplica\u00e7\u00e3o da lei em rela\u00e7\u00e3o ao seu aproveitamento do site.<\/p>\n\n\n\n<p class=\"gb-headline gb-headline-5aacc676 gb-headline-text\">Se qualquer parte dos Termos for considerada nula ou inexequ\u00edvel de acordo com a lei aplic\u00e1vel, ent\u00e3o as cl\u00e1usulas nulas ou inexequ\u00edveis ser\u00e3o consideradas substitu\u00eddas por cl\u00e1usulas v\u00e1lidas e exequ\u00edveis ser\u00e3o semelhantes \u00e0 vers\u00e3o original dos Termos e outras partes e se\u00e7\u00f5es do Os termos ser\u00e3o aplic\u00e1veis a voc\u00ea e \u00e0 Empresa.<\/p>\n\n\n\n<p class=\"gb-headline gb-headline-c0a8908f gb-headline-text\">Os Termos constituem o acordo integral entre voc\u00ea e a Empresa em rela\u00e7\u00e3o ao aproveitamento do site e os Termos substituem todas as comunica\u00e7\u00f5es e ofertas anteriores, sejam eletr\u00f4nicas, orais ou escritas, entre voc\u00ea e a Empresa.<\/p>\n\n\n\n<p class=\"gb-headline gb-headline-7ce21a07 gb-headline-text\">A Empresa e suas afiliadas n\u00e3o ser\u00e3o respons\u00e1veis por uma falha ou atraso no cumprimento de suas obriga\u00e7\u00f5es quando a falha ou atraso resultar de qualquer causa al\u00e9m do controle razo\u00e1vel da Empresa, incluindo falhas t\u00e9cnicas, desastres naturais, bloqueios, embargos, motins, atos, regulamentos, legisla\u00e7\u00e3o , ou ordens do governo, atos terroristas, guerra ou qualquer outra for\u00e7a fora do controle da Empresa.<\/p>\n\n\n\n<p class=\"gb-headline gb-headline-789302c8 gb-headline-text\">Em caso de controv\u00e9rsias, demandas, reivindica\u00e7\u00f5es, disputas ou causas de a\u00e7\u00e3o entre a Empresa e voc\u00ea em rela\u00e7\u00e3o ao site ou outras quest\u00f5es relacionadas, ou os Termos, voc\u00ea e a Empresa concordam em tentar resolver tais controv\u00e9rsias, demandas, reivindica\u00e7\u00f5es, disputas , ou as causas de a\u00e7\u00e3o por negocia\u00e7\u00e3o de boa-f\u00e9, e em caso de insucesso dessa negocia\u00e7\u00e3o, exclusivamente atrav\u00e9s dos tribunais do pa\u00eds onde a Companhia est\u00e1 instalada.<\/p>\n\n\n\n<h3 class=\"gb-headline gb-headline-d3bce61d\"><span class=\"gb-icon\"><svg viewbox=\"0 0 60 4.688\" xmlns=\"https:\/\/www.w3.org\/2000\/svg\"><path d=\"M57.656 0H2.344a2.343 2.343 0 100 4.688h55.312a2.344 2.344 0 000-4.688z\"><\/path><\/svg><\/span><span class=\"gb-headline-text\">Reclama\u00e7\u00f5es<\/span><\/h3>\n\n\n\n<p class=\"gb-headline gb-headline-59c4f053 gb-headline-text\">Estamos empenhados em resolver quaisquer reclama\u00e7\u00f5es sobre nossa coleta ou uso de seus dados pessoais. Se voc\u00ea quiser fazer uma reclama\u00e7\u00e3o sobre estes Termos ou nossas pr\u00e1ticas em rela\u00e7\u00e3o aos seus dados pessoais, entre em contato conosco atrav\u00e9s do nosso site. Responderemos \u00e0 sua reclama\u00e7\u00e3o o mais breve poss\u00edvel e, em qualquer caso, no prazo de 30 dias. Esperamos resolver qualquer reclama\u00e7\u00e3o que tenhamos trazido ao nosso conhecimento, no entanto, se achar que a sua reclama\u00e7\u00e3o n\u00e3o foi resolvida de forma adequada, reserva-se o direito de contactar a sua autoridade supervisora de protec\u00e7\u00e3o de dados local.<\/p>\n\n\n\n<h3 class=\"gb-headline gb-headline-67e627a4\"><span class=\"gb-icon\"><svg viewbox=\"0 0 60 4.688\" xmlns=\"https:\/\/www.w3.org\/2000\/svg\"><path d=\"M57.656 0H2.344a2.343 2.343 0 100 4.688h55.312a2.344 2.344 0 000-4.688z\"><\/path><\/svg><\/span><span class=\"gb-headline-text\">Informa\u00e7\u00f5es de contato<\/span><\/h3>\n\n\n\n<p class=\"gb-headline gb-headline-1d2a1a20 gb-headline-text\">Agradecemos seus coment\u00e1rios ou perguntas sobre nossos Termos. Voc\u00ea pode entrar em contato conosco atrav\u00e9s das informa\u00e7\u00f5es de contato dispon\u00edveis em nosso site.<\/p>\n\n<\/div><\/div>","protected":false},"excerpt":{"rendered":"","protected":false},"author":1,"featured_media":0,"parent":0,"menu_order":0,"comment_status":"closed","ping_status":"closed","template":"","meta":{"_generate-full-width-content":"true"},"yoast_head":"<!-- This site is optimized with the Yoast SEO Premium plugin v16.3 (Yoast SEO v16.3) - https:\/\/yoast.com\/wordpress\/plugins\/seo\/ -->\n<title>Terms of Service<\/title>\n<meta name=\"description\" content=\"Please read the following information carefully to understand our practices regarding your use of the website.\" \/>\n<meta name=\"robots\" content=\"index, follow, max-snippet:-1, max-image-preview:large, max-video-preview:-1\" \/>\n<link rel=\"canonical\" href=\"https:\/\/www.ifindpass.com\/pt\/terms-of-service\/\" \/>\n<meta property=\"og:locale\" content=\"pt_PT\" \/>\n<meta property=\"og:type\" content=\"article\" \/>\n<meta property=\"og:title\" content=\"Terms of Service\" \/>\n<meta property=\"og:description\" content=\"Please read the following information carefully to understand our practices regarding your use of the website.\" \/>\n<meta property=\"og:url\" content=\"https:\/\/www.ifindpass.com\/pt\/terms-of-service\/\" \/>\n<meta property=\"og:site_name\" content=\"iFindPass\" \/>\n<meta property=\"article:modified_time\" content=\"2021-09-28T01:34:51+00:00\" \/>\n<meta name=\"twitter:card\" content=\"summary_large_image\" \/>\n<meta name=\"twitter:label1\" content=\"Tempo estimado de leitura\">\n\t<meta name=\"twitter:data1\" content=\"7 minutos\">\n<script type=\"application\/ld+json\" class=\"yoast-schema-graph\">{\"@context\":\"https:\/\/schema.org\",\"@graph\":[{\"@type\":\"WebSite\",\"@id\":\"https:\/\/www.ifindpass.com\/fr\/#website\",\"url\":\"https:\/\/www.ifindpass.com\/fr\/\",\"name\":\"iFindPass\",\"description\":\"Password Recovery\",\"potentialAction\":[{\"@type\":\"SearchAction\",\"target\":\"https:\/\/www.ifindpass.com\/fr\/?s={search_term_string}\",\"query-input\":\"required name=search_term_string\"}],\"inLanguage\":\"pt-PT\"},{\"@type\":\"WebPage\",\"@id\":\"https:\/\/www.ifindpass.com\/fr\/terms-of-service\/#webpage\",\"url\":\"https:\/\/www.ifindpass.com\/fr\/terms-of-service\/\",\"name\":\"Terms of Service\",\"isPartOf\":{\"@id\":\"https:\/\/www.ifindpass.com\/fr\/#website\"},\"datePublished\":\"2021-06-23T10:14:10+00:00\",\"dateModified\":\"2021-09-28T01:34:51+00:00\",\"description\":\"Please read the following information carefully to understand our practices regarding your use of the website.\",\"breadcrumb\":{\"@id\":\"https:\/\/www.ifindpass.com\/fr\/terms-of-service\/#breadcrumb\"},\"inLanguage\":\"pt-PT\",\"potentialAction\":[{\"@type\":\"ReadAction\",\"target\":[\"https:\/\/www.ifindpass.com\/fr\/terms-of-service\/\"]}]},{\"@type\":\"BreadcrumbList\",\"@id\":\"https:\/\/www.ifindpass.com\/fr\/terms-of-service\/#breadcrumb\",\"itemListElement\":[{\"@type\":\"ListItem\",\"position\":1,\"item\":{\"@id\":\"https:\/\/www.ifindpass.com\/fr\/terms-of-service\/#webpage\"}}]}]}<\/script>\n<!-- \/ Yoast SEO Premium plugin. -->","_links":{"self":[{"href":"https:\/\/www.ifindpass.com\/pt\/wp-json\/wp\/v2\/pages\/3224"}],"collection":[{"href":"https:\/\/www.ifindpass.com\/pt\/wp-json\/wp\/v2\/pages"}],"about":[{"href":"https:\/\/www.ifindpass.com\/pt\/wp-json\/wp\/v2\/types\/page"}],"author":[{"embeddable":true,"href":"https:\/\/www.ifindpass.com\/pt\/wp-json\/wp\/v2\/users\/1"}],"replies":[{"embeddable":true,"href":"https:\/\/www.ifindpass.com\/pt\/wp-json\/wp\/v2\/comments?post=3224"}],"version-history":[{"count":2,"href":"https:\/\/www.ifindpass.com\/pt\/wp-json\/wp\/v2\/pages\/3224\/revisions"}],"predecessor-version":[{"id":4670,"href":"https:\/\/www.ifindpass.com\/pt\/wp-json\/wp\/v2\/pages\/3224\/revisions\/4670"}],"wp:attachment":[{"href":"https:\/\/www.ifindpass.com\/pt\/wp-json\/wp\/v2\/media?parent=3224"}],"curies":[{"name":"wp","href":"https:\/\/api.w.org\/{rel}","templated":true}]}}