{"id":3224,"date":"2021-06-23T10:14:10","date_gmt":"2021-06-23T10:14:10","guid":{"rendered":"https:\/\/www.iseeguard.com\/?page_id=3224"},"modified":"2021-09-28T01:34:51","modified_gmt":"2021-09-28T01:34:51","slug":"terms-of-service","status":"publish","type":"page","link":"https:\/\/www.ifindpass.com\/it\/terms-of-service\/","title":{"rendered":"Termini di servizio"},"content":{"rendered":"<div class=\"gb-container gb-container-6d264d71 gb-headline gb-headline-0fcd8a68\"><div class=\"gb-inside-container\">\n<div class=\"gb-grid-wrapper gb-grid-wrapper-b75a8e92\">\n<div class=\"gb-grid-column gb-grid-column-cc09e3e0\"><div class=\"gb-container gb-container-cc09e3e0\"><div class=\"gb-inside-container\">\n\n<h1 class=\"gb-headline gb-headline-0fcd8a68 gb-headline-text\">Termini di servizio<\/h1>\n\n\n\n<p class=\"gb-headline gb-headline-53f88472 gb-headline-text\">Ultimo aggiornamento: 11 maggio 2021<\/p>\n\n<\/div><\/div><\/div>\n<\/div>\n<\/div><\/div>\n\n<div class=\"gb-container gb-container-1918cd5e\"><div class=\"gb-inside-container\">\n\n<h3 class=\"gb-headline gb-headline-b1e4ca68\"><span class=\"gb-icon\"><svg viewbox=\"0 0 60 4.688\" xmlns=\"https:\/\/www.w3.org\/2000\/svg\"><path d=\"M57.656 0H2.344a2.343 2.343 0 100 4.688h55.312a2.344 2.344 0 000-4.688z\"><\/path><\/svg><\/span><span class=\"gb-headline-text\">politica sulla riservatezza<\/span><\/h3>\n\n\n\n<p class=\"gb-headline gb-headline-8c5b0612 gb-headline-text\">La nostra Informativa sulla privacy \u00e8 disponibile in una pagina separata. La nostra Informativa sulla privacy ti spiega come trattiamo le informazioni su di te. Comprenderai che attraverso l&#039;utilizzo del sito web riconosci che il trattamento di queste informazioni sar\u00e0 effettuato in conformit\u00e0 con l&#039;Informativa sulla privacy.<\/p>\n\n\n\n<h3 class=\"gb-headline gb-headline-8fbdd611\"><span class=\"gb-icon\"><svg viewbox=\"0 0 60 4.688\" xmlns=\"https:\/\/www.w3.org\/2000\/svg\"><path d=\"M57.656 0H2.344a2.343 2.343 0 100 4.688h55.312a2.344 2.344 0 000-4.688z\"><\/path><\/svg><\/span><span class=\"gb-headline-text\">Il tuo account<\/span><\/h3>\n\n\n\n<p class=\"gb-headline gb-headline-faeca95f gb-headline-text\">Quando si utilizza il sito Web, l&#039;utente \u00e8 responsabile di garantire la riservatezza del proprio account, password e altre credenziali e dell&#039;accesso sicuro al proprio dispositivo. Non assegnerai il tuo account a nessuno. La Societ\u00e0 non \u00e8 responsabile per l&#039;accesso non autorizzato al tuo account derivante da appropriazione indebita o furto del tuo account. La Societ\u00e0 pu\u00f2 rifiutare o annullare il servizio, chiudere il tuo account e rimuovere o modificare il contenuto.<\/p>\n\n\n\n<h3 class=\"gb-headline gb-headline-e7491245\"><span class=\"gb-icon\"><svg viewbox=\"0 0 60 4.688\" xmlns=\"https:\/\/www.w3.org\/2000\/svg\"><path d=\"M57.656 0H2.344a2.343 2.343 0 100 4.688h55.312a2.344 2.344 0 000-4.688z\"><\/path><\/svg><\/span><span class=\"gb-headline-text\">Servizi<\/span><\/h3>\n\n\n\n<p class=\"gb-headline gb-headline-0863563f gb-headline-text\">Il sito Web consente di utilizzare i Servizi disponibili sul sito Web. Non utilizzerai i servizi per scopi illegali.<\/p>\n\n\n\n<p class=\"gb-headline gb-headline-b3ec778b gb-headline-text\">Il sito Web consente di utilizzare i Servizi disponibili sul sito Web. Non utilizzerai i servizi per scopi illegali. Possiamo, a nostra esclusiva discrezione, stabilire tariffe per l&#039;utilizzo del sito Web per te. Tutti i prezzi sono pubblicati separatamente nelle pagine pertinenti del sito. Possiamo, a nostra esclusiva discrezione, modificare in qualsiasi momento le tariffe. Il sito Web consente di utilizzare i Servizi disponibili sul sito Web. Non utilizzerai i servizi per scopi illegali.<\/p>\n\n\n\n<p class=\"gb-headline gb-headline-8d391999 gb-headline-text\">Potremmo utilizzare sistemi di pagamento certificati, che possono anche avere le loro commissioni. Tali commissioni possono essere implicate su di te quando scegli un particolare sistema di pagamento. Informazioni dettagliate sulle commissioni di tali sistemi di pagamento possono essere trovate sui loro siti web.<\/p>\n\n\n\n<h3 class=\"gb-headline gb-headline-67779771\"><span class=\"gb-icon\"><svg viewbox=\"0 0 60 4.688\" xmlns=\"https:\/\/www.w3.org\/2000\/svg\"><path d=\"M57.656 0H2.344a2.343 2.343 0 100 4.688h55.312a2.344 2.344 0 000-4.688z\"><\/path><\/svg><\/span><span class=\"gb-headline-text\">Servizi di terze parti<\/span><\/h3>\n\n\n\n<p class=\"gb-headline gb-headline-3987aaa3 gb-headline-text\">Il sito Web pu\u00f2 includere collegamenti ad altri siti Web, applicazioni e piattaforme (di seguito i &quot;Siti collegati&quot;).<\/p>\n\n\n\n<p class=\"gb-headline gb-headline-53a40ef6 gb-headline-text\">La Societ\u00e0 non controlla i Siti collegati e non sar\u00e0 responsabile per il contenuto e altri materiali dei Siti collegati. La Societ\u00e0 mette a tua disposizione questi collegamenti per fornire funzionalit\u00e0 o servizi sul sito web.<\/p>\n\n\n\n<h3 class=\"gb-headline gb-headline-c38b6763\"><span class=\"gb-icon\"><svg viewbox=\"0 0 60 4.688\" xmlns=\"https:\/\/www.w3.org\/2000\/svg\"><path d=\"M57.656 0H2.344a2.343 2.343 0 100 4.688h55.312a2.344 2.344 0 000-4.688z\"><\/path><\/svg><\/span><span class=\"gb-headline-text\">Usi vietati e propriet\u00e0 intellettuale<\/span><\/h3>\n\n\n\n<p class=\"gb-headline gb-headline-d28e5580 gb-headline-text\">La Societ\u00e0 concede all&#039;utente una licenza non trasferibile, non esclusiva e revocabile per accedere e utilizzare il sito Web da un dispositivo in conformit\u00e0 con i Termini. Non utilizzerai il sito web per scopi illegali o proibiti. Non \u00e8 possibile utilizzare il sito Web in modo tale da disabilitare, danneggiare o interferire con il sito Web.<\/p>\n\n\n\n<p class=\"gb-headline gb-headline-52b5fd73 gb-headline-text\">Tutti i contenuti presenti sul sito web comprendono testi, codici, grafici, loghi, immagini, compilazioni, software utilizzati nel sito web (di seguito e di seguito i &quot;Contenuti&quot;). Il Contenuto \u00e8 di propriet\u00e0 della Societ\u00e0 o dei suoi appaltatori e protetto dalle leggi sulla propriet\u00e0 intellettuale che tutelano tali diritti. Accetti di utilizzare tutti i diritti d&#039;autore e altri avvisi o restrizioni di propriet\u00e0 contenuti nel Contenuto e ti \u00e8 vietato modificare il Contenuto.<\/p>\n\n\n\n<p class=\"gb-headline gb-headline-a4cf55e4 gb-headline-text\">L&#039;utente non pu\u00f2 pubblicare, trasmettere, modificare, decodificare, partecipare al trasferimento, creare e vendere opere derivate o utilizzare in alcun modo alcuno dei Contenuti. Il tuo godimento del sito web non ti autorizzer\u00e0 a fare alcun uso illegale e non consentito del Contenuto e, in particolare, non modificherai i diritti di propriet\u00e0 o gli avvisi nel Contenuto. Utilizzerai il Contenuto solo per tuo uso personale e non commerciale. La Societ\u00e0 non concede alcuna licenza alla propriet\u00e0 intellettuale della Societ\u00e0.<\/p>\n\n\n\n<h3 class=\"gb-headline gb-headline-1d542d56\"><span class=\"gb-icon\"><svg viewbox=\"0 0 60 4.688\" xmlns=\"https:\/\/www.w3.org\/2000\/svg\"><path d=\"M57.656 0H2.344a2.343 2.343 0 100 4.688h55.312a2.344 2.344 0 000-4.688z\"><\/path><\/svg><\/span><span class=\"gb-headline-text\">I materiali dell&#039;azienda<\/span><\/h3>\n\n\n\n<p class=\"gb-headline gb-headline-5f88c03e gb-headline-text\">Pubblicando, caricando, inserendo, fornendo o inviando i tuoi Contenuti, concedi alla Societ\u00e0 di utilizzare i tuoi Contenuti in relazione alle operazioni dell&#039;attivit\u00e0 della Societ\u00e0 inclusi, ma non limitati a, i diritti di trasmettere, visualizzare pubblicamente, distribuire, eseguire pubblicamente, copiare , riprodurre e tradurre i tuoi Contenuti; e di pubblicare il tuo nome in relazione ai tuoi Contenuti.<\/p>\n\n\n\n<p class=\"gb-headline gb-headline-216ce585 gb-headline-text\">Nessun compenso sar\u00e0 pagato in relazione all&#039;utilizzo dei tuoi Contenuti. La Societ\u00e0 non avr\u00e0 alcun obbligo di pubblicare o fruire dei Contenuti che potresti inviarci e potr\u00e0 rimuovere i tuoi Contenuti in qualsiasi momento.<\/p>\n\n\n\n<p class=\"gb-headline gb-headline-ef93ccda gb-headline-text\">Pubblicando, caricando, inserendo, fornendo o inviando i tuoi Contenuti, garantisci e dichiari di possedere tutti i diritti sui tuoi Contenuti.<\/p>\n\n\n\n<h3 class=\"gb-headline gb-headline-bd24058b\"><span class=\"gb-icon\"><svg viewbox=\"0 0 60 4.688\" xmlns=\"https:\/\/www.w3.org\/2000\/svg\"><path d=\"M57.656 0H2.344a2.343 2.343 0 100 4.688h55.312a2.344 2.344 0 000-4.688z\"><\/path><\/svg><\/span><span class=\"gb-headline-text\">I materiali dell&#039;azienda<\/span><\/h3>\n\n\n\n<p class=\"gb-headline gb-headline-de8b587b gb-headline-text\">Le informazioni disponibili tramite il sito Web possono includere errori tipografici o imprecisioni. La Societ\u00e0 non sar\u00e0 responsabile di tali inesattezze ed errori.<\/p>\n\n\n\n<p class=\"gb-headline gb-headline-118319f8 gb-headline-text\">La Societ\u00e0 non rilascia alcuna garanzia in merito alla disponibilit\u00e0, accuratezza, affidabilit\u00e0, idoneit\u00e0 e tempestivit\u00e0 dei Contenuti contenuti e dei servizi disponibili sul sito web. Nella misura massima consentita dalla legge applicabile, tutti questi Contenuti e servizi sono forniti &quot;cos\u00ec come sono&quot;. La Societ\u00e0 declina tutte le garanzie e le condizioni relative a questo Contenuto e servizi, comprese le garanzie e le disposizioni di commerciabilit\u00e0, idoneit\u00e0 per un determinato scopo.<\/p>\n\n\n\n<p class=\"gb-headline gb-headline-b98d4bc2 gb-headline-text\">Nella misura massima consentita dalla legge applicabile, in nessun caso la Societ\u00e0 sar\u00e0 responsabile per danni diretti, indiretti, incidentali, consequenziali, speciali, punitivi inclusi, ma non limitati a, danni per perdita di godimento, dati o profitti, in il collegamento con la fruizione o l&#039;esecuzione del sito web nel contesto dell&#039;impossibilit\u00e0 o del ritardo nella fruizione del sito web o dei suoi servizi, o per qualsiasi Contenuto del sito web, o comunque derivante dalla fruizione del sito web, basata su contratto e non -responsabilit\u00e0 contrattuale o altro motivo.<\/p>\n\n\n\n<p class=\"gb-headline gb-headline-876d1315 gb-headline-text\">Se l&#039;esclusione o la limitazione di responsabilit\u00e0 per danni, consequenziali o incidentali, sono vietate in un caso particolare, l&#039;esclusione o la limitazione di responsabilit\u00e0 non si applicher\u00e0 all&#039;utente.<\/p>\n\n\n\n<h3 class=\"gb-headline gb-headline-710393c6\"><span class=\"gb-icon\"><svg viewbox=\"0 0 60 4.688\" xmlns=\"https:\/\/www.w3.org\/2000\/svg\"><path d=\"M57.656 0H2.344a2.343 2.343 0 100 4.688h55.312a2.344 2.344 0 000-4.688z\"><\/path><\/svg><\/span><span class=\"gb-headline-text\">Indennizzo<\/span><\/h3>\n\n\n\n<p class=\"gb-headline gb-headline-9d4b6a91 gb-headline-text\">Accetti di indennizzare, difendere e tenere indenne la Societ\u00e0, i suoi dirigenti, direttori, dipendenti, agenti e terze parti, per qualsiasi costo, perdita, spesa (incluse le spese legali), responsabilit\u00e0 relative o derivanti dal tuo godimento o incapacit\u00e0 per usufruire del sito Web o dei suoi servizi e dei servizi e prodotti della Societ\u00e0, la tua violazione dei Termini o la tua violazione di qualsiasi diritto di terzi, o la tua violazione della legge applicabile. La Societ\u00e0 pu\u00f2 assumersi l&#039;esclusiva difesa e l&#039;utente dovr\u00e0 collaborare con la Societ\u00e0 per far valere tutte le difese disponibili.<\/p>\n\n\n\n<h3 class=\"gb-headline gb-headline-5ac6df7c\"><span class=\"gb-icon\"><svg viewbox=\"0 0 60 4.688\" xmlns=\"https:\/\/www.w3.org\/2000\/svg\"><path d=\"M57.656 0H2.344a2.343 2.343 0 100 4.688h55.312a2.344 2.344 0 000-4.688z\"><\/path><\/svg><\/span><span class=\"gb-headline-text\">Rescissione e restrizione di accesso<\/span><\/h3>\n\n\n\n<p class=\"gb-headline gb-headline-5642661c gb-headline-text\">La Societ\u00e0 pu\u00f2 interrompere l&#039;accesso e l&#039;account dell&#039;utente al sito Web e ai servizi correlati oa qualsiasi parte in qualsiasi momento, senza preavviso, in caso di violazione dei Termini.<\/p>\n\n\n\n<h3 class=\"gb-headline gb-headline-2d957027\"><span class=\"gb-icon\"><svg viewbox=\"0 0 60 4.688\" xmlns=\"https:\/\/www.w3.org\/2000\/svg\"><path d=\"M57.656 0H2.344a2.343 2.343 0 100 4.688h55.312a2.344 2.344 0 000-4.688z\"><\/path><\/svg><\/span><span class=\"gb-headline-text\">Varie<\/span><\/h3>\n\n\n\n<p class=\"gb-headline gb-headline-56c52ba5 gb-headline-text\">La legge applicabile ai Termini sar\u00e0 la legge sostanziale del paese in cui \u00e8 costituita la Societ\u00e0, ad eccezione delle norme sul conflitto di leggi. Non utilizzerai il sito web in giurisdizioni che non applicano tutte le disposizioni dei Termini.<\/p>\n\n\n\n<p class=\"gb-headline gb-headline-6435ab92 gb-headline-text\">Nessuna joint venture, partnership, impiego o rapporto di agenzia sar\u00e0 implicita tra l&#039;utente e la Societ\u00e0 a seguito dei Termini o dell&#039;utilizzo del sito web.<\/p>\n\n\n\n<p class=\"gb-headline gb-headline-f63c2377 gb-headline-text\">Nulla nei Termini deve essere una deroga al diritto della Societ\u00e0 di conformarsi a richieste o requisiti governativi, tribunali, di polizia e delle forze dell&#039;ordine in merito all&#039;utilizzo del sito Web da parte dell&#039;utente.<\/p>\n\n\n\n<p class=\"gb-headline gb-headline-5aacc676 gb-headline-text\">Se una qualsiasi parte dei Termini \u00e8 determinata essere nulla o inapplicabile in conformit\u00e0 con la legge applicabile, le clausole nulle o inapplicabili saranno considerate sostituite da clausole valide e applicabili saranno simili alla versione originale dei Termini e altre parti e sezioni del I termini saranno applicabili a te e alla Societ\u00e0.<\/p>\n\n\n\n<p class=\"gb-headline gb-headline-c0a8908f gb-headline-text\">I Termini costituiscono l&#039;intero accordo tra l&#039;utente e la Societ\u00e0 in merito alla fruizione del sito Web e i Termini sostituiscono tutte le precedenti comunicazioni e offerte, sia elettroniche, orali o scritte, tra l&#039;utente e la Societ\u00e0.<\/p>\n\n\n\n<p class=\"gb-headline gb-headline-7ce21a07 gb-headline-text\">La Societ\u00e0 e le sue affiliate non saranno responsabili per il mancato o ritardato adempimento dei propri obblighi qualora il mancato o il ritardo derivi da qualsiasi causa al di fuori del ragionevole controllo della Societ\u00e0, inclusi guasti tecnici, disastri naturali, blocchi, embarghi, sommosse, atti, regolamenti, leggi , o ordini del governo, atti terroristici, guerre o qualsiasi altra forza al di fuori del controllo della Societ\u00e0.<\/p>\n\n\n\n<p class=\"gb-headline gb-headline-789302c8 gb-headline-text\">In caso di controversie, richieste, reclami, controversie o cause di azione tra la Societ\u00e0 e l&#039;utente in relazione al sito Web o ad altre questioni correlate, o ai Termini, l&#039;utente e la Societ\u00e0 accettano di tentare di risolvere tali controversie, richieste, reclami, controversie , o cause di azione da negoziato in buona fede, e in caso di fallimento di tale negoziazione, esclusivamente attraverso i tribunali del Paese in cui la Societ\u00e0 ha sede.<\/p>\n\n\n\n<h3 class=\"gb-headline gb-headline-d3bce61d\"><span class=\"gb-icon\"><svg viewbox=\"0 0 60 4.688\" xmlns=\"https:\/\/www.w3.org\/2000\/svg\"><path d=\"M57.656 0H2.344a2.343 2.343 0 100 4.688h55.312a2.344 2.344 0 000-4.688z\"><\/path><\/svg><\/span><span class=\"gb-headline-text\">Denunce, contestazioni<\/span><\/h3>\n\n\n\n<p class=\"gb-headline gb-headline-59c4f053 gb-headline-text\">Ci impegniamo a risolvere eventuali reclami sulla nostra raccolta o sull&#039;utilizzo dei dati personali dell&#039;utente. Se desideri presentare un reclamo in merito a questi Termini o alle nostre pratiche in relazione ai tuoi dati personali, ti preghiamo di contattarci tramite il nostro sito web. Risponderemo al tuo reclamo non appena possibile e in ogni caso entro 30 giorni. Ci auguriamo di risolvere qualsiasi reclamo portato alla nostra attenzione, tuttavia, se ritieni che il tuo reclamo non sia stato adeguatamente risolto, ti riservi il diritto di contattare la tua autorit\u00e0 di vigilanza sulla protezione dei dati locale.<\/p>\n\n\n\n<h3 class=\"gb-headline gb-headline-67e627a4\"><span class=\"gb-icon\"><svg viewbox=\"0 0 60 4.688\" xmlns=\"https:\/\/www.w3.org\/2000\/svg\"><path d=\"M57.656 0H2.344a2.343 2.343 0 100 4.688h55.312a2.344 2.344 0 000-4.688z\"><\/path><\/svg><\/span><span class=\"gb-headline-text\">Informazioni sui contatti<\/span><\/h3>\n\n\n\n<p class=\"gb-headline gb-headline-1d2a1a20 gb-headline-text\">Accogliamo con favore i vostri commenti o domande sui nostri Termini. Puoi contattarci tramite le informazioni di contatto disponibili sul nostro sito web.<\/p>\n\n<\/div><\/div>","protected":false},"excerpt":{"rendered":"","protected":false},"author":1,"featured_media":0,"parent":0,"menu_order":0,"comment_status":"closed","ping_status":"closed","template":"","meta":{"_generate-full-width-content":"true"},"yoast_head":"<!-- This site is optimized with the Yoast SEO Premium plugin v16.3 (Yoast SEO v16.3) - https:\/\/yoast.com\/wordpress\/plugins\/seo\/ -->\n<title>Terms of Service<\/title>\n<meta name=\"description\" content=\"Please read the following information carefully to understand our practices regarding your use of the website.\" \/>\n<meta name=\"robots\" content=\"index, follow, max-snippet:-1, max-image-preview:large, max-video-preview:-1\" \/>\n<link rel=\"canonical\" href=\"https:\/\/www.ifindpass.com\/it\/terms-of-service\/\" \/>\n<meta property=\"og:locale\" content=\"it_IT\" \/>\n<meta property=\"og:type\" content=\"article\" \/>\n<meta property=\"og:title\" content=\"Terms of Service\" \/>\n<meta property=\"og:description\" content=\"Please read the following information carefully to understand our practices regarding your use of the website.\" \/>\n<meta property=\"og:url\" content=\"https:\/\/www.ifindpass.com\/it\/terms-of-service\/\" \/>\n<meta property=\"og:site_name\" content=\"iFindPass\" \/>\n<meta property=\"article:modified_time\" content=\"2021-09-28T01:34:51+00:00\" \/>\n<meta name=\"twitter:card\" content=\"summary_large_image\" \/>\n<meta name=\"twitter:label1\" content=\"Tempo di lettura stimato\">\n\t<meta name=\"twitter:data1\" content=\"7 minuti\">\n<script type=\"application\/ld+json\" class=\"yoast-schema-graph\">{\"@context\":\"https:\/\/schema.org\",\"@graph\":[{\"@type\":\"WebSite\",\"@id\":\"https:\/\/www.ifindpass.com\/fr\/#website\",\"url\":\"https:\/\/www.ifindpass.com\/fr\/\",\"name\":\"iFindPass\",\"description\":\"Password Recovery\",\"potentialAction\":[{\"@type\":\"SearchAction\",\"target\":\"https:\/\/www.ifindpass.com\/fr\/?s={search_term_string}\",\"query-input\":\"required name=search_term_string\"}],\"inLanguage\":\"it-IT\"},{\"@type\":\"WebPage\",\"@id\":\"https:\/\/www.ifindpass.com\/fr\/terms-of-service\/#webpage\",\"url\":\"https:\/\/www.ifindpass.com\/fr\/terms-of-service\/\",\"name\":\"Terms of Service\",\"isPartOf\":{\"@id\":\"https:\/\/www.ifindpass.com\/fr\/#website\"},\"datePublished\":\"2021-06-23T10:14:10+00:00\",\"dateModified\":\"2021-09-28T01:34:51+00:00\",\"description\":\"Please read the following information carefully to understand our practices regarding your use of the website.\",\"breadcrumb\":{\"@id\":\"https:\/\/www.ifindpass.com\/fr\/terms-of-service\/#breadcrumb\"},\"inLanguage\":\"it-IT\",\"potentialAction\":[{\"@type\":\"ReadAction\",\"target\":[\"https:\/\/www.ifindpass.com\/fr\/terms-of-service\/\"]}]},{\"@type\":\"BreadcrumbList\",\"@id\":\"https:\/\/www.ifindpass.com\/fr\/terms-of-service\/#breadcrumb\",\"itemListElement\":[{\"@type\":\"ListItem\",\"position\":1,\"item\":{\"@id\":\"https:\/\/www.ifindpass.com\/fr\/terms-of-service\/#webpage\"}}]}]}<\/script>\n<!-- \/ Yoast SEO Premium plugin. -->","_links":{"self":[{"href":"https:\/\/www.ifindpass.com\/it\/wp-json\/wp\/v2\/pages\/3224"}],"collection":[{"href":"https:\/\/www.ifindpass.com\/it\/wp-json\/wp\/v2\/pages"}],"about":[{"href":"https:\/\/www.ifindpass.com\/it\/wp-json\/wp\/v2\/types\/page"}],"author":[{"embeddable":true,"href":"https:\/\/www.ifindpass.com\/it\/wp-json\/wp\/v2\/users\/1"}],"replies":[{"embeddable":true,"href":"https:\/\/www.ifindpass.com\/it\/wp-json\/wp\/v2\/comments?post=3224"}],"version-history":[{"count":2,"href":"https:\/\/www.ifindpass.com\/it\/wp-json\/wp\/v2\/pages\/3224\/revisions"}],"predecessor-version":[{"id":4670,"href":"https:\/\/www.ifindpass.com\/it\/wp-json\/wp\/v2\/pages\/3224\/revisions\/4670"}],"wp:attachment":[{"href":"https:\/\/www.ifindpass.com\/it\/wp-json\/wp\/v2\/media?parent=3224"}],"curies":[{"name":"wp","href":"https:\/\/api.w.org\/{rel}","templated":true}]}}