{"id":4425,"date":"2021-07-26T03:45:53","date_gmt":"2021-07-26T03:45:53","guid":{"rendered":"https:\/\/www.ifindpass.com\/?page_id=4425"},"modified":"2021-07-26T03:51:11","modified_gmt":"2021-07-26T03:51:11","slug":"free-pdf-password-unlocker","status":"publish","type":"page","link":"https:\/\/www.ifindpass.com\/fr\/free-pdf-password-unlocker\/","title":{"rendered":"D\u00e9bloqueur de mot de passe PDF gratuit"},"content":{"rendered":"<div class=\"gb-container gb-container-486dd3a1 gb-headline gb-headline-0fcd8a68\"><div class=\"gb-inside-container\">\n<div class=\"gb-grid-wrapper gb-grid-wrapper-4cfcf3af\">\n<div class=\"gb-grid-column gb-grid-column-3dd44067\"><div class=\"gb-container gb-container-3dd44067\"><div class=\"gb-inside-container\">\n\n<h1 class=\"gb-headline gb-headline-8404bb68 gb-headline-text\">D\u00e9bloqueur de mot de passe PDF gratuit<\/h1>\n\n\n\n<p class=\"gb-headline gb-headline-a75dc094 gb-headline-text\">Supprimez le mot de passe du propri\u00e9taire du PDF en un seul clic, ce qui permet de copier, modifier et imprimer des fichiers PDF gratuitement.<\/p>\n\n<\/div><\/div><\/div>\n<\/div>\n<\/div><\/div>\n\n<div class=\"gb-container gb-container-fc85ffe9\"><div class=\"gb-inside-container\">\n\n<p>iFindPass PDF Password Unlocker est un outil de suppression de mot de passe PDF facile \u00e0 utiliser qui aide les utilisateurs \u00e0 supprimer les restrictions sur l&#039;impression, l&#039;\u00e9dition et la copie.<\/p>\n\n\n\n<p>T\u00e9l\u00e9charger PDF Password Unlocker :<\/p>\n\n\n\n<p> <a href=\"https:\/\/www.ifindpass.com\/files\/Free_PDF_Unlocker.zip\">https:\/\/www.ifindpass.com\/files\/Free_PDF_Unlocker.zip<\/a><\/p>\n\n\n\n<p><strong>Noter:<\/strong> <\/p>\n\n\n\n<p>Cet outil ne peut supprimer que le mot de passe propri\u00e9taire du PDF, pas le mot de passe ouvert.<br>Si vous devez d\u00e9chiffrer le mot de passe d&#039;ouverture du fichier PDF, veuillez utiliser Online PDF Password Recovery\u00a0: <a href=\"https:\/\/www.ifindpass.com\/fr\/pdf-password-recovery-online\/\">https:\/\/www.ifindpass.com\/pdf-password-recovery-online\/<\/a><\/p>\n\n\n\n<p><\/p>\n\n<\/div><\/div>\n\n\n<p><\/p>","protected":false},"excerpt":{"rendered":"<p>iFindPass PDF Password Unlocker est un outil de suppression de mot de passe PDF facile \u00e0 utiliser qui aide les utilisateurs \u00e0 supprimer les restrictions sur l&#039;impression, l&#039;\u00e9dition et la copie. T\u00e9l\u00e9charger PDF Passsword Unlocker : https:\/\/www.ifindpass.com\/files\/Free_PDF_Unlocker.zip Remarque : Cet outil ne peut supprimer que le mot de passe propri\u00e9taire du PDF, pas le mot de passe ouvert. Si vous devez d\u00e9chiffrer le mot de passe ouvert du fichier PDF , veuillez utiliser en ligne\u2026 <a title=\"D\u00e9bloqueur de mot de passe PDF gratuit\" class=\"read-more\" href=\"https:\/\/www.ifindpass.com\/fr\/free-pdf-password-unlocker\/\" aria-label=\"Plus sur D\u00e9bloqueur de mot de passe PDF gratuit\">Lire plus<\/a><\/p>","protected":false},"author":1,"featured_media":0,"parent":0,"menu_order":0,"comment_status":"closed","ping_status":"closed","template":"","meta":{"_generate-full-width-content":"true"},"yoast_head":"<!-- This site is optimized with the Yoast SEO Premium plugin v16.3 (Yoast SEO v16.3) - https:\/\/yoast.com\/wordpress\/plugins\/seo\/ -->\n<title>Free PDF Password Unlocker - iFindPass<\/title>\n<meta name=\"description\" content=\"iFindPass PDF Password Unlocker is an easy-to-use PDF password removal tool that helps users remove restrictions on printing, editing, and copying.\" \/>\n<meta name=\"robots\" content=\"index, follow, max-snippet:-1, max-image-preview:large, max-video-preview:-1\" \/>\n<link rel=\"canonical\" href=\"https:\/\/www.ifindpass.com\/fr\/free-pdf-password-unlocker\/\" \/>\n<meta property=\"og:locale\" content=\"fr_FR\" \/>\n<meta property=\"og:type\" content=\"article\" \/>\n<meta property=\"og:title\" content=\"Free PDF Password Unlocker - iFindPass\" \/>\n<meta property=\"og:description\" content=\"iFindPass PDF Password Unlocker is an easy-to-use PDF password removal tool that helps users remove restrictions on printing, editing, and copying.\" \/>\n<meta property=\"og:url\" content=\"https:\/\/www.ifindpass.com\/fr\/free-pdf-password-unlocker\/\" \/>\n<meta property=\"og:site_name\" content=\"iFindPass\" \/>\n<meta property=\"article:modified_time\" content=\"2021-07-26T03:51:11+00:00\" \/>\n<meta name=\"twitter:card\" content=\"summary_large_image\" \/>\n<meta name=\"twitter:label1\" content=\"Dur\u00e9e de lecture est.\">\n\t<meta name=\"twitter:data1\" content=\"1 minute\">\n<script type=\"application\/ld+json\" class=\"yoast-schema-graph\">{\"@context\":\"https:\/\/schema.org\",\"@graph\":[{\"@type\":\"WebSite\",\"@id\":\"https:\/\/www.ifindpass.com\/fr\/#website\",\"url\":\"https:\/\/www.ifindpass.com\/fr\/\",\"name\":\"iFindPass\",\"description\":\"Password Recovery\",\"potentialAction\":[{\"@type\":\"SearchAction\",\"target\":\"https:\/\/www.ifindpass.com\/fr\/?s={search_term_string}\",\"query-input\":\"required name=search_term_string\"}],\"inLanguage\":\"fr-FR\"},{\"@type\":\"WebPage\",\"@id\":\"https:\/\/www.ifindpass.com\/zh\/free-pdf-password-unlocker\/#webpage\",\"url\":\"https:\/\/www.ifindpass.com\/zh\/free-pdf-password-unlocker\/\",\"name\":\"Free PDF Password Unlocker - iFindPass\",\"isPartOf\":{\"@id\":\"https:\/\/www.ifindpass.com\/fr\/#website\"},\"datePublished\":\"2021-07-26T03:45:53+00:00\",\"dateModified\":\"2021-07-26T03:51:11+00:00\",\"description\":\"iFindPass PDF Password Unlocker is an easy-to-use PDF password removal tool that helps users remove restrictions on printing, editing, and copying.\",\"breadcrumb\":{\"@id\":\"https:\/\/www.ifindpass.com\/zh\/free-pdf-password-unlocker\/#breadcrumb\"},\"inLanguage\":\"fr-FR\",\"potentialAction\":[{\"@type\":\"ReadAction\",\"target\":[\"https:\/\/www.ifindpass.com\/zh\/free-pdf-password-unlocker\/\"]}]},{\"@type\":\"BreadcrumbList\",\"@id\":\"https:\/\/www.ifindpass.com\/zh\/free-pdf-password-unlocker\/#breadcrumb\",\"itemListElement\":[{\"@type\":\"ListItem\",\"position\":1,\"item\":{\"@id\":\"https:\/\/www.ifindpass.com\/zh\/free-pdf-password-unlocker\/#webpage\"}}]}]}<\/script>\n<!-- \/ Yoast SEO Premium plugin. -->","_links":{"self":[{"href":"https:\/\/www.ifindpass.com\/fr\/wp-json\/wp\/v2\/pages\/4425"}],"collection":[{"href":"https:\/\/www.ifindpass.com\/fr\/wp-json\/wp\/v2\/pages"}],"about":[{"href":"https:\/\/www.ifindpass.com\/fr\/wp-json\/wp\/v2\/types\/page"}],"author":[{"embeddable":true,"href":"https:\/\/www.ifindpass.com\/fr\/wp-json\/wp\/v2\/users\/1"}],"replies":[{"embeddable":true,"href":"https:\/\/www.ifindpass.com\/fr\/wp-json\/wp\/v2\/comments?post=4425"}],"version-history":[{"count":1,"href":"https:\/\/www.ifindpass.com\/fr\/wp-json\/wp\/v2\/pages\/4425\/revisions"}],"predecessor-version":[{"id":4430,"href":"https:\/\/www.ifindpass.com\/fr\/wp-json\/wp\/v2\/pages\/4425\/revisions\/4430"}],"wp:attachment":[{"href":"https:\/\/www.ifindpass.com\/fr\/wp-json\/wp\/v2\/media?parent=4425"}],"curies":[{"name":"wp","href":"https:\/\/api.w.org\/{rel}","templated":true}]}}