{"id":4373,"date":"2021-07-23T08:16:10","date_gmt":"2021-07-23T08:16:10","guid":{"rendered":"https:\/\/www.ifindpass.com\/?page_id=4373"},"modified":"2021-07-23T09:57:50","modified_gmt":"2021-07-23T09:57:50","slug":"brute-force-calculator","status":"publish","type":"page","link":"https:\/\/www.ifindpass.com\/fr\/brute-force-calculator\/","title":{"rendered":"Calculateur de force brute"},"content":{"rendered":"<div class=\"gb-container gb-container-6d264d71 gb-headline gb-headline-0fcd8a68\"><div class=\"gb-inside-container\">\n<div class=\"gb-grid-wrapper gb-grid-wrapper-b75a8e92\">\n<div class=\"gb-grid-column gb-grid-column-cc09e3e0\"><div class=\"gb-container gb-container-cc09e3e0\"><div class=\"gb-inside-container\">\n\n<h1 class=\"gb-headline gb-headline-0fcd8a68 gb-headline-text\">Calculateur de force brute<\/h1>\n\n\n\n<p class=\"gb-headline gb-headline-53f88472 gb-headline-text\">\u00c0 l&#039;aide du calculateur de force brute en ligne, vous pouvez estimer le temps qu&#039;il faut pour rechercher des mots de passe \u00e0 l&#039;aide d&#039;attaques par force brute.<\/p>\n\n<\/div><\/div><\/div>\n<\/div>\n<\/div><\/div>\n\n<div class=\"gb-container gb-container-6a5859e1\"><div class=\"gb-inside-container\">\n\n<p>Nous calculerons le nombre de toutes les combinaisons de mots de passe en fonction des informations que vous entrez. Le \u00ab\u00a0temps de r\u00e9cup\u00e9ration estim\u00e9\u00a0\u00bb fait r\u00e9f\u00e9rence au temps n\u00e9cessaire pour rechercher compl\u00e8tement tous les mots de passe. Si vous avez de la chance, peut-\u00eatre que votre mot de passe sera d\u00e9tect\u00e9 avec succ\u00e8s en tr\u00e8s peu de temps.<\/p>\n\n\n\n<figure class=\"wp-block-table\"><table><tbody><tr><td><br><style>\r\n.skillbar-bar{display:flex;}.form-bordered,.form-bordered *{box-sizing:border-box;}.form-group{display:flex;border-bottom:1px solid #eff2f7;padding-bottom:15px;margin-bottom:15px;}.form-group>label{width:33.33%;}.form-group-r{width:66.7%;}.input-group{display:flex;}select{text-transform:none;}.form-control{display:block;width:100%;height:34px;padding:6px 12px;font-size:14px;line-height:1.42857143;color:#555;background-color:#fff;background-image:none;border:1px solid #ccc;border-radius:4px;-webkit-box-shadow:inset 0 1px 1px rgb(0 0 0 \/ 8%);box-shadow:inset 0 1px 1px rgb(0 0 0 \/ 8%);-webkit-transition:border-color ease-in-out .15s,-webkit-box-shadow ease-in-out .15s;-o-transition:border-color ease-in-out .15s,box-shadow ease-in-out .15s;transition:border-color ease-in-out .15s,box-shadow ease-in-out .15s;}.spinner-up,.spinner-down{width:34px;height:34px;display:flex;justify-content:center;align-items:center;font-size:24px;line-height:1;white-space:nowrap;cursor:pointer;background:#fff;border:1px solid #dcdfe6;color:#606266;-webkit-appearance:none;text-align:center;box-sizing:border-box;outline:none;margin:0;transition:.1s;font-weight:500;-moz-user-select:none;-webkit-user-select:none;-ms-user-select:none;padding:12px 20px;font-size:14px;border-radius:4px;}.spinner-up{border-radius:5px 0 0 5px;}.spinner-down{border-radius:0 5px 5px 0;}.input-control{height:34px;-webkit-appearance:none;background-color:#fff;background-image:none;border-radius:4px;border:1px solid #dcdfe6;box-sizing:border-box;color:#606266;display:inline-block;font-size:inherit;line-height:40px;outline:none;padding:0 15px;transition:border-color .2s cubic-bezier(.645,.045,.355,1);width:76px;}.checkbox-custom{display:flex;align-items:center;flex-wrap:nowrap;position:relative;margin-bottom:20px;margin-top:0;}.checkbox-custom label,.checkbox-custom input{cursor:pointer;}input[name=\"charset_lowercase\"]{width:15px;height:15px;}.ts-bt{padding:0 15px;line-height:38px;text-transform:uppercase;color:#fff!important;font-size:11px;letter-spacing:1px;display:inline-block;text-decoration:none;border:1px solid #1389ef;border-radius:3px;background:#0574d4;border-color:#0574d4;transition:all .3s ease 0s;}.ts-bt:hover{background:#3997e8;}.wpb_text_column{width:100%;}.skillbar{margin-top:30px;}.skillbar-f{margin-top:20px;}.skillbar-title{line-height:30px;}.skill-bar-bg{font-size:14px;line-height:34px;margin-top:5px;}.skillbarstyle3 .skillbar-bar{color:#fff;}\r\n\t\t<\/style>\r\n<script src=\"https:\/\/www.ifindpass.com\/js\/jquery.js\"><\/script> \r\n<script>\r\n\t\t\tvar zMlybSQ1 = {\t\t\t\t1: 119700000000,\t\t\t\t2: 176400000,\t\t\t\t3: 1953000,\t\t\t\t4: 441000,\t\t\t\t5: 18207000000,\t\t\t\t6: 837900000,\t\t\t\t7: 151200000000,\t\t\t\t8: 2394000,\t\t\t\t9: 13734000000,\t\t\t\t10: 7245000,\t\t\t\t11: 3591000,\t\t\t\t12: 504000,\t\t\t};\t\t\tvar JmFLvqnRK2 = 0;\t\t\tvar yONT3 = 0;\t\t\tvar Tsij4 = 0;\t\t\tvar IHKOV5 = 0;\t\t\tjQuery(window[\"\\x64\\x6f\\x63\\x75\\x6d\\x65\\x6e\\x74\"])[\"\\x72\\x65\\x61\\x64\\x79\"](function () {\t\t\t\tchangeBtn();\t\t\t\tjQuery('\\x2e\\x73\\x70\\x69\\x6e\\x6e\\x65\\x72\\x2d\\x75\\x70')[\"\\x63\\x6c\\x69\\x63\\x6b\"](function () {\t\t\t\t\tcpl(1);\t\t\t\t\tthis[\"\\x62\\x6c\\x75\\x72\"]();\t\t\t\t});\t\t\t\tjQuery('\\x2e\\x73\\x70\\x69\\x6e\\x6e\\x65\\x72\\x2d\\x64\\x6f\\x77\\x6e')[\"\\x63\\x6c\\x69\\x63\\x6b\"](function () {\t\t\t\t\tcpl(-1);\t\t\t\t\tthis[\"\\x62\\x6c\\x75\\x72\"]();\t\t\t\t});\t\t\t\tfunction cpl(diDgW6) {\t\t\t\t\tvar z7 = window[\"\\x70\\x61\\x72\\x73\\x65\\x49\\x6e\\x74\"](jQuery('\\x23\\x70\\x61\\x73\\x73\\x5f\\x6c\\x65\\x6e')[\"\\x76\\x61\\x6c\"]());\t\t\t\t\tz7 += diDgW6;\t\t\t\t\tif (isNaN(z7) || z7 <= 0)\t\t\t\t\t\tz7 = 1;\t\t\t\t\telse if (z7 >= 100)\t\t\t\t\t\tz7 = 99;\t\t\t\t\tjQuery('\\x23\\x70\\x61\\x73\\x73\\x5f\\x6c\\x65\\x6e')[\"\\x76\\x61\\x6c\"](z7);\t\t\t\t}\t\t\t\tjQuery('\\x23\\x62\\x74\\x6e\\x5f\\x63\\x61\\x6c')[\"\\x63\\x6c\\x69\\x63\\x6b\"](function () {\t\t\t\t\tif (jQuery('\\x23\\x62\\x74\\x6e\\x5f\\x63\\x61\\x6c')[\"\\x70\\x72\\x6f\\x70\"]('\\x64\\x69\\x73\\x61\\x62\\x6c\\x65\\x64'))\t\t\t\t\t\treturn false;\t\t\t\t\tvar JvXge$u8 = jQuery('\\x23\\x68\\x61\\x73\\x68\\x5f\\x74\\x79\\x70\\x65')[\"\\x76\\x61\\x6c\"]();\t\t\t\t\tJmFLvqnRK2 = zMlybSQ1[JvXge$u8];\t\t\t\t\tyONT3 = window[\"\\x70\\x61\\x72\\x73\\x65\\x49\\x6e\\x74\"]((zMlybSQ1[JvXge$u8] \/ 50));\t\t\t\t\tTsij4 = window[\"\\x70\\x61\\x72\\x73\\x65\\x49\\x6e\\x74\"]((zMlybSQ1[JvXge$u8] \/ 300));\t\t\t\t\tvar qIhVLB$9 = jQuery('\\x23\\x70\\x61\\x73\\x73\\x5f\\x6c\\x65\\x6e')[\"\\x76\\x61\\x6c\"]();\t\t\t\t\tvar K10 = 0;\t\t\t\t\tif (jQuery(\"\\x23\\x63\\x68\\x61\\x72\\x73\\x65\\x74\\x5f\\x6c\\x6f\\x77\\x65\\x72\\x63\\x61\\x73\\x65\")[\"\\x69\\x73\"]('\\x3a\\x63\\x68\\x65\\x63\\x6b\\x65\\x64'))\t\t\t\t\t\tK10 += 26;\t\t\t\t\tif (jQuery(\"\\x23\\x63\\x68\\x61\\x72\\x73\\x65\\x74\\x5f\\x75\\x70\\x70\\x65\\x72\\x63\\x61\\x73\\x65\")[\"\\x69\\x73\"]('\\x3a\\x63\\x68\\x65\\x63\\x6b\\x65\\x64'))\t\t\t\t\t\tK10 += 26;\t\t\t\t\tif (jQuery(\"\\x23\\x63\\x68\\x61\\x72\\x73\\x65\\x74\\x5f\\x64\\x69\\x67\\x69\\x74\\x73\")[\"\\x69\\x73\"]('\\x3a\\x63\\x68\\x65\\x63\\x6b\\x65\\x64'))\t\t\t\t\t\tK10 += 10;\t\t\t\t\tif (jQuery(\"\\x23\\x63\\x68\\x61\\x72\\x73\\x65\\x74\\x5f\\x73\\x70\\x65\\x63\")[\"\\x69\\x73\"]('\\x3a\\x63\\x68\\x65\\x63\\x6b\\x65\\x64'))\t\t\t\t\t\tK10 += 33;\t\t\t\t\tvar isbsPNuEw11 = window[\"\\x4d\\x61\\x74\\x68\"][\"\\x70\\x6f\\x77\"](K10, qIhVLB$9);\t\t\t\t\tvar J_L_AEL13 = isbsPNuEw11 \/ JmFLvqnRK2;\t\t\t\t\tjQuery(\"\\x23\\x63\\x6f\\x6d\\x62\\x5f\\x63\\x6f\\x75\\x6e\\x74\")[\"\\x68\\x74\\x6d\\x6c\"](isbsPNuEw11[\"\\x74\\x6f\\x4c\\x6f\\x63\\x61\\x6c\\x65\\x53\\x74\\x72\\x69\\x6e\\x67\"]());\t\t\t\t\tIHKOV5 = J_L_AEL13;\t\t\t\t\tvar oGqPjsySa14 = window[\"\\x70\\x61\\x72\\x73\\x65\\x49\\x6e\\x74\"](J_L_AEL13);\t\t\t\t\tif (qIhVLB$9 > 13 && oGqPjsySa14 < 100)\t\t\t\t\t\tIHKOV5 = -1;\t\t\t\t\tjQuery(\"\\x23\\x62\\x63\\x5f\\x72\\x65\\x73\\x75\\x6c\\x74\\x73\")[\"\\x73\\x68\\x6f\\x77\"]();\t\t\t\t\tshowRet();\t\t\t\t\tthis[\"\\x62\\x6c\\x75\\x72\"]();\t\t\t\t\treturn false;\t\t\t\t});\t\t\t\tfunction getEst(wjhBonoZI15) {\t\t\t\t\tvar uhz_HZo16 = '\\x73';\t\t\t\t\tif (wjhBonoZI15 < 60) {\t\t\t\t\t\tif (wjhBonoZI15 == 1)\t\t\t\t\t\t\tuhz_HZo16 = '';\t\t\t\t\t\treturn wjhBonoZI15 + ' \\x73\\x65\\x63\\x6f\\x6e\\x64' + uhz_HZo16;\t\t\t\t\t}\t\t\t\t\telse if (wjhBonoZI15 >= 60 && wjhBonoZI15 < 3600) {\t\t\t\t\t\tvar m17 = window[\"\\x70\\x61\\x72\\x73\\x65\\x49\\x6e\\x74\"](wjhBonoZI15 \/ 60, 10) + 1;\t\t\t\t\t\tif (m17 == 1)\t\t\t\t\t\t\tuhz_HZo16 = '';\t\t\t\t\t\treturn m17 + ' \\x6d\\x69\\x6e\\x75\\x74\\x65' + uhz_HZo16;\t\t\t\t\t}\t\t\t\t\telse if (wjhBonoZI15 >= 3600 && wjhBonoZI15 < 86400) {\t\t\t\t\t\tvar a18 = window[\"\\x70\\x61\\x72\\x73\\x65\\x49\\x6e\\x74\"](wjhBonoZI15 \/ 3600, 10) + 1;\t\t\t\t\t\tif (a18 == 1)\t\t\t\t\t\t\tuhz_HZo16 = '';\t\t\t\t\t\treturn a18 + ' \\x68\\x6f\\x75\\x72' + uhz_HZo16;\t\t\t\t\t}\t\t\t\t\telse if (wjhBonoZI15 >= 86400 && wjhBonoZI15 < 31536000) {\t\t\t\t\t\tvar l19 = window[\"\\x70\\x61\\x72\\x73\\x65\\x49\\x6e\\x74\"](wjhBonoZI15 \/ 86400, 10) + 1;\t\t\t\t\t\tif (l19 == 1)\t\t\t\t\t\t\tuhz_HZo16 = '';\t\t\t\t\t\treturn l19 + ' \\x64\\x61\\x79' + uhz_HZo16;\t\t\t\t\t}\t\t\t\t\telse if (wjhBonoZI15 < 315360000000) {\t\t\t\t\t\tvar XMR20 = window[\"\\x70\\x61\\x72\\x73\\x65\\x49\\x6e\\x74\"](wjhBonoZI15 \/ 31536000, 10) + 1;\t\t\t\t\t\tif (XMR20 == 1)\t\t\t\t\t\t\tuhz_HZo16 = '';\t\t\t\t\t\treturn XMR20 + ' \\x79\\x65\\x61\\x72' + uhz_HZo16;\t\t\t\t\t}\t\t\t\t\treturn '\\u221e';\t\t\t\t}\t\t\t\tfunction showRet() {\t\t\t\t\tjQuery(\"\\x23\\x6c\\x6d\\x70\\x5f\\x68\\x61\\x73\\x68\\x72\\x61\\x74\\x65\")[\"\\x68\\x74\\x6d\\x6c\"](getSpeed(JmFLvqnRK2, 0));\t\t\t\t\tjQuery(\"\\x23\\x67\\x70\\x63\\x5f\\x68\\x61\\x73\\x68\\x72\\x61\\x74\\x65\")[\"\\x68\\x74\\x6d\\x6c\"](getSpeed(yONT3, 0));\t\t\t\t\tjQuery(\"\\x23\\x6f\\x70\\x63\\x5f\\x68\\x61\\x73\\x68\\x72\\x61\\x74\\x65\")[\"\\x68\\x74\\x6d\\x6c\"](getSpeed(Tsij4, 0));\t\t\t\t\tvar kdtSuOswn21 = IHKOV5 * 50;\t\t\t\t\tvar zo_n22 = IHKOV5 * 300;\t\t\t\t\tif (IHKOV5 == 1) {\t\t\t\t\t\tkdtSuOswn21 = IHKOV5;\t\t\t\t\t\tzo_n22 = IHKOV5;\t\t\t\t\t}\t\t\t\t\tif (IHKOV5 >= 0) {\t\t\t\t\t\tIHKOV5 = window[\"\\x70\\x61\\x72\\x73\\x65\\x49\\x6e\\x74\"](IHKOV5, 10) + 1;\t\t\t\t\t\tkdtSuOswn21 = window[\"\\x70\\x61\\x72\\x73\\x65\\x49\\x6e\\x74\"](kdtSuOswn21, 10) + 1;\t\t\t\t\t\tzo_n22 = window[\"\\x70\\x61\\x72\\x73\\x65\\x49\\x6e\\x74\"](zo_n22, 10) + 1;\t\t\t\t\t\tIHKOV5 = getEst(IHKOV5);\t\t\t\t\t\tif (IHKOV5 > 31536000000 || IHKOV5 == '\\u221e')\t\t\t\t\t\t\tkdtSuOswn21 = '\\u221e';\t\t\t\t\t\telse\t\t\t\t\t\t\tkdtSuOswn21 = getEst(kdtSuOswn21);\t\t\t\t\t\tif (IHKOV5 > 3153600000 || IHKOV5 == '\\u221e')\t\t\t\t\t\t\tzo_n22 = '\\u221e' || IHKOV5 == '\\u221e';\t\t\t\t\t\telse\t\t\t\t\t\t\tzo_n22 = getEst(zo_n22);\t\t\t\t\t}\t\t\t\t\telse {\t\t\t\t\t\tIHKOV5 = '\\u221e';\t\t\t\t\t\tkdtSuOswn21 = '\\u221e';\t\t\t\t\t\tzo_n22 = '\\u221e';\t\t\t\t\t}\t\t\t\t\tjQuery(\"\\x23\\x6c\\x6d\\x70\\x5f\\x74\\x69\\x6d\\x65\\x65\\x73\\x74\\x69\\x6d\\x61\\x74\\x65\")[\"\\x68\\x74\\x6d\\x6c\"](IHKOV5);\t\t\t\t\tjQuery(\"\\x23\\x67\\x70\\x63\\x5f\\x74\\x69\\x6d\\x65\\x65\\x73\\x74\\x69\\x6d\\x61\\x74\\x65\")[\"\\x68\\x74\\x6d\\x6c\"](kdtSuOswn21);\t\t\t\t\tjQuery(\"\\x23\\x6f\\x70\\x63\\x5f\\x74\\x69\\x6d\\x65\\x65\\x73\\x74\\x69\\x6d\\x61\\x74\\x65\")[\"\\x68\\x74\\x6d\\x6c\"](zo_n22);\t\t\t\t\tjQuery(\"\\x2e\\x73\\x6b\\x69\\x6c\\x6c\\x62\\x61\\x72\\x2d\\x62\\x61\\x72\")[\"\\x65\\x61\\x63\\x68\"](function () {\t\t\t\t\t\tjQuery(this)[\"\\x63\\x73\\x73\"]({ \"\\x77\\x69\\x64\\x74\\x68\": '\\x30' });\t\t\t\t\t\tjQuery(this)[\"\\x61\\x6e\\x69\\x6d\\x61\\x74\\x65\"]({ \"\\x77\\x69\\x64\\x74\\x68\": jQuery(this)[\"\\x64\\x61\\x74\\x61\"]('\\x68\\x61\\x73\\x68\\x72\\x61\\x74\\x65') }, 1000);\t\t\t\t\t});\t\t\t\t}\t\t\t\tfunction getSpeed(Hq23, SYWYu24 = 2) {\t\t\t\t\tif (Hq23 < 999)\t\t\t\t\t\treturn Hq23 + '\\x26\\x6e\\x62\\x73\\x70\\x3b\\x48\\x2f\\x73';\t\t\t\t\telse if (Hq23 >= 1000 && Hq23 < 1000000)\t\t\t\t\t\treturn (Hq23 \/ 1000)[\"\\x74\\x6f\\x46\\x69\\x78\\x65\\x64\"](SYWYu24) + '\\x26\\x6e\\x62\\x73\\x70\\x3b\\x4b\\x48\\x2f\\x73';\t\t\t\t\telse if (Hq23 >= 1000000 && Hq23 < 1000000000)\t\t\t\t\t\treturn (Hq23 \/ 1000000)[\"\\x74\\x6f\\x46\\x69\\x78\\x65\\x64\"](SYWYu24) + '\\x26\\x6e\\x62\\x73\\x70\\x3b\\x4d\\x48\\x2f\\x73';\t\t\t\t\telse\t\t\t\t\t\treturn (Hq23 \/ 1000000000)[\"\\x74\\x6f\\x46\\x69\\x78\\x65\\x64\"](SYWYu24) + '\\x26\\x6e\\x62\\x73\\x70\\x3b\\x47\\x48\\x2f\\x73';\t\t\t\t}\t\t\t\tjQuery(\"\\x2e\\x63\\x61\\x6c\\x63\\x5f\\x62\\x75\\x74\\x74\\x6f\\x6e\\x5f\\x63\\x68\\x61\\x6e\\x67\\x65\")[\"\\x63\\x68\\x61\\x6e\\x67\\x65\"](function () {\t\t\t\t\tchangeBtn();\t\t\t\t});\t\t\t\tjQuery(\"\\x2e\\x63\\x61\\x6c\\x63\\x5f\\x62\\x75\\x74\\x74\\x6f\\x6e\\x5f\\x63\\x68\\x61\\x6e\\x67\\x65\")[\"\\x63\\x6c\\x69\\x63\\x6b\"](function () {\t\t\t\t\tchangeBtn();\t\t\t\t});\t\t\t\tfunction changeBtn() {\t\t\t\t\tvar OgrbV$F25 = false;\t\t\t\t\tif (!jQuery(\"\\x23\\x63\\x68\\x61\\x72\\x73\\x65\\x74\\x5f\\x6c\\x6f\\x77\\x65\\x72\\x63\\x61\\x73\\x65\")[\"\\x69\\x73\"]('\\x3a\\x63\\x68\\x65\\x63\\x6b\\x65\\x64') && !jQuery(\"\\x23\\x63\\x68\\x61\\x72\\x73\\x65\\x74\\x5f\\x75\\x70\\x70\\x65\\x72\\x63\\x61\\x73\\x65\")[\"\\x69\\x73\"]('\\x3a\\x63\\x68\\x65\\x63\\x6b\\x65\\x64') && !jQuery(\"\\x23\\x63\\x68\\x61\\x72\\x73\\x65\\x74\\x5f\\x64\\x69\\x67\\x69\\x74\\x73\")[\"\\x69\\x73\"]('\\x3a\\x63\\x68\\x65\\x63\\x6b\\x65\\x64') && !jQuery(\"\\x23\\x63\\x68\\x61\\x72\\x73\\x65\\x74\\x5f\\x73\\x70\\x65\\x63\")[\"\\x69\\x73\"]('\\x3a\\x63\\x68\\x65\\x63\\x6b\\x65\\x64'))\t\t\t\t\t\tOgrbV$F25 = true;\t\t\t\t\tvar YAnsGecUR26 = jQuery('\\x23\\x70\\x61\\x73\\x73\\x5f\\x6c\\x65\\x6e')[\"\\x76\\x61\\x6c\"]();\t\t\t\t\tif (YAnsGecUR26 != window[\"\\x70\\x61\\x72\\x73\\x65\\x49\\x6e\\x74\"](YAnsGecUR26))\t\t\t\t\t\tOgrbV$F25 = true;\t\t\t\t\tif (OgrbV$F25) {\t\t\t\t\t\tjQuery(\"\\x23\\x62\\x74\\x6e\\x5f\\x63\\x61\\x6c\")[\"\\x70\\x72\\x6f\\x70\"](\"\\x64\\x69\\x73\\x61\\x62\\x6c\\x65\\x64\", true);\t\t\t\t\t\tjQuery(\"\\x23\\x62\\x74\\x6e\\x5f\\x63\\x61\\x6c\")[\"\\x63\\x73\\x73\"]({ \"\\x6f\\x70\\x61\\x63\\x69\\x74\\x79\": \"\\x30\\x2e\\x32\" });\t\t\t\t\t\tjQuery(\"\\x23\\x62\\x74\\x6e\\x5f\\x63\\x61\\x6c\")[\"\\x63\\x73\\x73\"]({ \"\\x63\\x75\\x72\\x73\\x6f\\x72\": \"\\x6e\\x6f\\x74\\x2d\\x61\\x6c\\x6c\\x6f\\x77\\x65\\x64\" });\t\t\t\t\t}\t\t\t\t\telse {\t\t\t\t\t\tjQuery(\"\\x23\\x62\\x74\\x6e\\x5f\\x63\\x61\\x6c\")[\"\\x70\\x72\\x6f\\x70\"](\"\\x64\\x69\\x73\\x61\\x62\\x6c\\x65\\x64\", false);\t\t\t\t\t\tjQuery(\"\\x23\\x62\\x74\\x6e\\x5f\\x63\\x61\\x6c\")[\"\\x63\\x73\\x73\"]({ \"\\x6f\\x70\\x61\\x63\\x69\\x74\\x79\": \"\\x31\" });\t\t\t\t\t\tjQuery(\"\\x23\\x62\\x74\\x6e\\x5f\\x63\\x61\\x6c\")[\"\\x63\\x73\\x73\"]({ \"\\x63\\x75\\x72\\x73\\x6f\\x72\": \"\\x70\\x6f\\x69\\x6e\\x74\\x65\\x72\" });\t\t\t\t\t}\t\t\t\t}\t\t\t});\r\n\t\t<\/script>\r\n<div class=\"wpb_wrapper\">\r\n  <form id=\"brute-force-calc\" class=\"form-bordered\"\r\n\t\t\taction=\"#\"\r\n\t\t\tstyle=\"max-width: 500px; margin: 50px auto;\" data-trp-original-action=\"#\">\r\n    <div class=\"form-group row\">\r\n      <label style=\"padding-top: 5px;\">Type de document<\/label>\r\n      <div class=\"form-group-r\">\r\n        <div class=\"btn-group\" style=\"width: 270px;\">\r\n          <select class=\"form-control mb-3\" id=\"hash_type\" style=\"font-family: monospace;\">\r\n            <option value=\"1\">Code postal (PKZIP)<\/option>\r\n            <option value=\"2\">Zip2 (WinZip)<\/option>\r\n            <option value=\"3\">RAR<\/option>\r\n            <option value=\"4\">7z<\/option>\r\n            <option value=\"5\">PDF version. 2-4<\/option>\r\n            <option value=\"6\">PDF version. 5-8<\/option>\r\n            <option value=\"7\">PDF version. 9<\/option>\r\n            <option value=\"8\">PDF version. 10-11<\/option>\r\n            <option value=\"9\">MS Office ver. 2003<\/option>\r\n            <option value=\"10\">MS Office ver. 2007<\/option>\r\n            <option value=\"11\">MS Office ver. 2010<\/option>\r\n            <option value=\"12\">MS Office ver. 2013 <\/option>\r\n          <\/select>\r\n          <span id=\"order_name\"\r\n\t\t\t\t\t\t\tstyle=\"display: block; margin-top: 8px; font-size: .9em; font-weight: bold;\"><\/span> <\/div>\r\n      <\/div>\r\n    <\/div>\r\n    <div class=\"form-group row\">\r\n      <label style=\"padding-top: 5px;\">Longueur du mot de passe<\/label>\r\n      <div class=\"form-group-r\">\r\n        <div class=\"input-group\" style=\"width: 150px;\">\r\n          <div class=\"input-group-prepend\">\r\n            <button type=\"button\" class=\"spinner-up\"> + <\/button>\r\n          <\/div>\r\n          <input type=\"text\" class=\"input-control\" id=\"pass_len\" maxlength=\"2\" value=\"7\">\r\n          <div class=\"input-group-append\">\r\n            <button type=\"button\" class=\"spinner-down\"> - <\/button>\r\n          <\/div>\r\n        <\/div>\r\n      <\/div>\r\n    <\/div>\r\n    <div class=\"form-group row\">\r\n      <label class=\"col-lg-4 control-label text-lg-right pt-2\" style=\"padding-top: 9px;\">Jeu de caract\u00e8res<\/label>\r\n      <div class=\"col-lg-8\">\r\n        <div style=\"display: inline-block; margin-top: 9px;\">\r\n          <div class=\"checkbox-custom checkbox-default\">\r\n            <input type=\"checkbox\" id=\"charset_lowercase\" name=\"charset_lowercase\"\r\n\t\t\t\t\t\t\t\tclass=\"calc_button_change\">\r\n            <label for=\"charset_lowercase\"\r\n\t\t\t\t\t\t\t\tstyle=\"font-family: monospace;margin: 0 0 0 2px;\">Minuscule (par exemple az)<\/label>\r\n          <\/div>\r\n          <div class=\"checkbox-custom checkbox-default\">\r\n            <input type=\"checkbox\" id=\"charset_uppercase\" name=\"charset_uppercase\"\r\n\t\t\t\t\t\t\t\tclass=\"calc_button_change\">\r\n            <label for=\"charset_uppercase\"\r\n\t\t\t\t\t\t\t\tstyle=\"font-family: monospace;margin: 0 0 0 2px;\">Majuscules (par exemple AZ)<\/label>\r\n          <\/div>\r\n          <div class=\"checkbox-custom checkbox-default\">\r\n            <input type=\"checkbox\" id=\"charset_digits\" name=\"charset_digits\" class=\"calc_button_change\">\r\n            <label for=\"charset_digits\" style=\"font-family: monospace;margin: 0 0 0 2px;\">Num\u00e9ros (0123456789)<\/label>\r\n          <\/div>\r\n          <div class=\"checkbox-custom checkbox-default\">\r\n            <input type=\"checkbox\" id=\"charset_spec\" name=\"charset_spec\" class=\"calc_button_change\">\r\n            <label for=\"charset_spec\"\r\n\t\t\t\t\t\t\t\tstyle=\"font-family: monospace;margin: 0 0 0 2px;\">Symboles(#$%&amp;&#039;()*+,-.\/:;&lt;=&gt;?@[\\]^_`{|}~)<\/label>\r\n          <\/div>\r\n        <\/div>\r\n      <\/div>\r\n    <\/div>\r\n    <div class=\"form-group row\" style=\"margin-top: 25px;\">\r\n      <label><\/label>\r\n      <div class=\"col-lg-8\"> <a href=\"#\" id=\"btn_cal\" class=\"ts-bt\"\r\n\t\t\t\t\t\tstyle=\"opacity: 1; cursor: pointer;\" disabled=\"disabled\">Calculer<\/a> <\/div>\r\n    <\/div>\r\n    <div  class=\"form-group row\" style=\"margin-top: 45px;\">\r\n      <div style=\"flex: 1\">\r\n        <div class=\"wpb_text_column\" id=\"bc_results\" style=\"display:none\"> <span style=\"font-weight: bold; font-size: 18px;color: #555;\">R\u00e9sultat du calcul <\/span>\r\n          <div style=\"text-align: center; font-size: 17px;\"> <span id=\"comb_count\">10,000,000,000<\/span>\r\n            <div style=\"font-size: 12px;\">combinaisons<\/div>\r\n            <p><\/p>\r\n          <\/div>\r\n          <div class=\"skillbarstyle3\" style=\"color: #555;\">\r\n            <div class=\"skillbar-f\" data-percent=\"0%\" data-noanimane=\"1\"> <span style=\"font-weight: bold; font-size: 18px;\">Estimation du temps de r\u00e9cup\u00e9ration pour une attaque par force brute<\/span>\r\n              <p><\/p>\r\n              <div class=\"skillbar-title\"><span\r\n\t\t\t\t\t\t\t\t\t\tstyle=\"font-weight: bold; font-size: 15px;\">iFindPass\u00a0: <span id=\"lmp_timeestimate\">1 seconde<\/span><\/span><\/div>\r\n              <div class=\"skill-bar-bg\" style=\"background: #f3f3f3;\">\r\n                <div class=\"skillbar-bar\"  \r\n\t\t\t\t\t\t\t\t\t\tstyle=\"background: rgb(50 130 249); padding: 0px; width: 100%;\"\r\n\t\t\t\t\t\t\t\t\t\tdata-hashrate=\"100%\">\r\n                  <div class=\"skill-bar-percent\" style=\"margin-left: 13px;\"> Taux de hachage\u00a0:&nbsp;<span id=\"lmp_hashrate\">120\u00a0GH\/s<\/span> <\/div>\r\n                <\/div>\r\n              <\/div>\r\n            <\/div>\r\n            <div class=\"skillbar\" data-percent=\"0%\" data-noanimane=\"1\" style=\"margin-top: 30px;\">\r\n              <div class=\"skillbar-title\"><span style=\"font-weight: normal; font-size: 15px;\">PC de jeu\u00a0: <span id=\"gpc_timeestimate\">5 secondes<\/span><\/span><\/div>\r\n              <div class=\"skill-bar-bg\" style=\"background: #f3f3f3;\">\r\n                <div class=\"skillbar-bar\"\r\n\t\t\t\t\t\t\t\t\t\tstyle=\"background: rgb(50 130 249); padding: 0px; width: 2%;\"\r\n\t\t\t\t\t\t\t\t\t\tdata-hashrate=\"2%\">\r\n                  <div class=\"skill-bar-percent\" style=\"margin-left: 13px; color: #777;\"> Hashrate&nbsp;<span id=\"gpc_hashrate\">2\u00a0GH\/s<\/span> <\/div>\r\n                <\/div>\r\n              <\/div>\r\n            <\/div>\r\n            <div class=\"skillbar\" data-percent=\"0%\" data-noanimane=\"1\" style=\"margin-top: 30px;\">\r\n              <div class=\"skillbar-title\"><span style=\"font-weight: normal; font-size: 15px;\">Ordinateur de bureau\u00a0: <span id=\"opc_timeestimate\">26 secondes<\/span><\/span><\/div>\r\n              <div class=\"skill-bar-bg\" style=\"background: #f3f3f3;\">\r\n                <div class=\"skillbar-bar\"\r\n\t\t\t\t\t\t\t\t\t\tstyle=\"background: rgb(50 130 249); padding: 0px; width: 1%;\"\r\n\t\t\t\t\t\t\t\t\t\tdata-hashrate=\"1%\">\r\n                  <div class=\"skill-bar-percent\" style=\"margin-left: 13px; color: #777;\"> Hashrate&nbsp;<span id=\"opc_hashrate\">399\u00a0MH\/s<\/span> <\/div>\r\n                <\/div>\r\n              <\/div>\r\n            <\/div>\r\n          <\/div>\r\n        <\/div>\r\n      <\/div>\r\n    <\/div>\r\n  <input type=\"hidden\" name=\"trp-form-language\" value=\"fr\"\/><\/form>\r\n<\/div><\/td><\/tr><\/tbody><\/table><\/figure>\n\n<\/div><\/div>","protected":false},"excerpt":{"rendered":"<p>Nous calculerons le nombre de toutes les combinaisons de mots de passe en fonction des informations que vous entrez. Le \u00ab\u00a0temps de r\u00e9cup\u00e9ration estim\u00e9\u00a0\u00bb fait r\u00e9f\u00e9rence au temps n\u00e9cessaire pour rechercher compl\u00e8tement tous les mots de passe. Si vous avez de la chance, peut-\u00eatre que votre mot de passe sera d\u00e9tect\u00e9 avec succ\u00e8s en tr\u00e8s peu de temps.<\/p>","protected":false},"author":1,"featured_media":0,"parent":0,"menu_order":0,"comment_status":"closed","ping_status":"closed","template":"","meta":{"_generate-full-width-content":"true"},"yoast_head":"<!-- This site is optimized with the Yoast SEO Premium plugin v16.3 (Yoast SEO v16.3) - https:\/\/yoast.com\/wordpress\/plugins\/seo\/ -->\n<title>Brute Force Calculator - iFindPass<\/title>\n<meta name=\"description\" content=\"Using the online Brute Force Calculator, you can estimate how long it takes to search for passwords using brute force attacks.\" \/>\n<meta name=\"robots\" content=\"index, follow, max-snippet:-1, max-image-preview:large, max-video-preview:-1\" \/>\n<link rel=\"canonical\" href=\"https:\/\/www.ifindpass.com\/fr\/brute-force-calculator\/\" \/>\n<meta property=\"og:locale\" content=\"fr_FR\" \/>\n<meta property=\"og:type\" content=\"article\" \/>\n<meta property=\"og:title\" content=\"Brute Force Calculator - iFindPass\" \/>\n<meta property=\"og:description\" content=\"Using the online Brute Force Calculator, you can estimate how long it takes to search for passwords using brute force attacks.\" \/>\n<meta property=\"og:url\" content=\"https:\/\/www.ifindpass.com\/fr\/brute-force-calculator\/\" \/>\n<meta property=\"og:site_name\" content=\"iFindPass\" \/>\n<meta property=\"article:modified_time\" content=\"2021-07-23T09:57:50+00:00\" \/>\n<meta name=\"twitter:card\" content=\"summary_large_image\" \/>\n<meta name=\"twitter:label1\" content=\"Dur\u00e9e de lecture est.\">\n\t<meta name=\"twitter:data1\" content=\"1 minute\">\n<script type=\"application\/ld+json\" class=\"yoast-schema-graph\">{\"@context\":\"https:\/\/schema.org\",\"@graph\":[{\"@type\":\"WebSite\",\"@id\":\"https:\/\/www.ifindpass.com\/fr\/#website\",\"url\":\"https:\/\/www.ifindpass.com\/fr\/\",\"name\":\"iFindPass\",\"description\":\"Password Recovery\",\"potentialAction\":[{\"@type\":\"SearchAction\",\"target\":\"https:\/\/www.ifindpass.com\/fr\/?s={search_term_string}\",\"query-input\":\"required name=search_term_string\"}],\"inLanguage\":\"fr-FR\"},{\"@type\":\"WebPage\",\"@id\":\"https:\/\/www.ifindpass.com\/fr\/brute-force-calculator\/#webpage\",\"url\":\"https:\/\/www.ifindpass.com\/fr\/brute-force-calculator\/\",\"name\":\"Brute Force Calculator - iFindPass\",\"isPartOf\":{\"@id\":\"https:\/\/www.ifindpass.com\/fr\/#website\"},\"datePublished\":\"2021-07-23T08:16:10+00:00\",\"dateModified\":\"2021-07-23T09:57:50+00:00\",\"description\":\"Using the online Brute Force Calculator, you can estimate how long it takes to search for passwords using brute force attacks.\",\"breadcrumb\":{\"@id\":\"https:\/\/www.ifindpass.com\/fr\/brute-force-calculator\/#breadcrumb\"},\"inLanguage\":\"fr-FR\",\"potentialAction\":[{\"@type\":\"ReadAction\",\"target\":[\"https:\/\/www.ifindpass.com\/fr\/brute-force-calculator\/\"]}]},{\"@type\":\"BreadcrumbList\",\"@id\":\"https:\/\/www.ifindpass.com\/fr\/brute-force-calculator\/#breadcrumb\",\"itemListElement\":[{\"@type\":\"ListItem\",\"position\":1,\"item\":{\"@id\":\"https:\/\/www.ifindpass.com\/fr\/brute-force-calculator\/#webpage\"}}]}]}<\/script>\n<!-- \/ Yoast SEO Premium plugin. -->","_links":{"self":[{"href":"https:\/\/www.ifindpass.com\/fr\/wp-json\/wp\/v2\/pages\/4373"}],"collection":[{"href":"https:\/\/www.ifindpass.com\/fr\/wp-json\/wp\/v2\/pages"}],"about":[{"href":"https:\/\/www.ifindpass.com\/fr\/wp-json\/wp\/v2\/types\/page"}],"author":[{"embeddable":true,"href":"https:\/\/www.ifindpass.com\/fr\/wp-json\/wp\/v2\/users\/1"}],"replies":[{"embeddable":true,"href":"https:\/\/www.ifindpass.com\/fr\/wp-json\/wp\/v2\/comments?post=4373"}],"version-history":[{"count":1,"href":"https:\/\/www.ifindpass.com\/fr\/wp-json\/wp\/v2\/pages\/4373\/revisions"}],"predecessor-version":[{"id":4384,"href":"https:\/\/www.ifindpass.com\/fr\/wp-json\/wp\/v2\/pages\/4373\/revisions\/4384"}],"wp:attachment":[{"href":"https:\/\/www.ifindpass.com\/fr\/wp-json\/wp\/v2\/media?parent=4373"}],"curies":[{"name":"wp","href":"https:\/\/api.w.org\/{rel}","templated":true}]}}