{"id":4042,"date":"2021-07-13T03:53:22","date_gmt":"2021-07-13T03:53:22","guid":{"rendered":"https:\/\/www.ifindpass.com\/?page_id=4042"},"modified":"2021-12-02T01:57:19","modified_gmt":"2021-12-02T01:57:19","slug":"7z-password-recovery-online","status":"publish","type":"page","link":"https:\/\/www.ifindpass.com\/fr\/7z-password-recovery-online\/","title":{"rendered":"R\u00e9cup\u00e9ration de mot de passe 7z en ligne"},"content":{"rendered":"<div class=\"gb-container gb-container-b34c6840 gb-headline gb-headline-0fcd8a68\"><div class=\"gb-inside-container\">\n<div class=\"gb-grid-wrapper gb-grid-wrapper-04a2c8c0\">\n<div class=\"gb-grid-column gb-grid-column-87aea20b\"><div class=\"gb-container gb-container-87aea20b\"><div class=\"gb-inside-container\">\n\n<h1 class=\"gb-headline gb-headline-6a46ab6b gb-headline-text\">R\u00e9cup\u00e9ration de mot de passe 7z en ligne<\/h1>\n\n\n\n<p class=\"gb-headline gb-headline-55f6c2c3 gb-headline-text\">iFindPass aide \u00e0 d\u00e9chiffrer gratuitement les fichiers 7z prot\u00e9g\u00e9s par mot de passe en ligne. Sans aucun logiciel install\u00e9, cela rend la r\u00e9cup\u00e9ration du mot de passe 7Z beaucoup plus facile et plus rapide.<\/p>\n\n<\/div><\/div><\/div>\n<\/div>\n<\/div><\/div>\n\n<div class=\"gb-container gb-container-503c6b32\"><div class=\"gb-inside-container\">\n<div class=\"gb-container gb-container-f59a52c1\"><div class=\"gb-inside-container\">\n\n<p class=\"gb-headline gb-headline-e5defb3a\"><span class=\"gb-icon\"><svg aria-hidden=\"true\" role=\"img\" height=\"1em\" width=\"1em\" viewbox=\"0 0 256 512\" xmlns=\"http:\/\/www.w3.org\/2000\/svg\"><path fill=\"currentColor\" d=\"M224.3 273l-136 136c-9.4 9.4-24.6 9.4-33.9 0l-22.6-22.6c-9.4-9.4-9.4-24.6 0-33.9l96.4-96.4-96.4-96.4c-9.4-9.4-9.4-24.6 0-33.9L54.3 103c9.4-9.4 24.6-9.4 33.9 0l136 136c9.5 9.4 9.5 24.6.1 34z\"><\/path><\/svg><\/span><span class=\"gb-headline-text\">Veuillez t\u00e9l\u00e9charger votre fichier ici et suivez les instructions.<\/span><\/p>\n\n\n<div class=\"gb-container gb-container-24fcbe45 drag_file\"><div class=\"gb-inside-container\">\n\n<div class=\"wp-block-image upload_show_pic upload_file\"><figure class=\"aligncenter size-large is-resized\"><img src=\"https:\/\/www.ifindpass.com\/wp-content\/uploads\/2021\/07\/tianjia.png\" alt=\"R\u00e9cup\u00e9ration de mot de passe 7z en ligne\" class=\"wp-image-3909\" width=\"66\" height=\"66\"\/><\/figure><\/div>\n\n\n\n\n<div class=\"gb-button-wrapper gb-button-wrapper-adae7db5\">\n\n<span class=\"gb-button gb-button-cac4b05b gb-button-text upload_file\"> S\u00e9lectionner un fichier <\/span>\n\n<\/div>\n<\/div><\/div>\n\n\n<h6 class=\"gb-headline gb-headline-e4e497f2 gb-headline-text\">Taille maximale du fichier de t\u00e9l\u00e9chargement\u00a0: 100\u00a0Mo<\/h6>\n\n\n\n<\/div><\/div>\n<\/div><\/div>\n\n<div class=\"gb-container gb-container-98d31005\"><div class=\"gb-inside-container\">\n<div class=\"gb-container gb-container-7de4cf06\"><div class=\"gb-inside-container\">\n\n<h3 class=\"gb-headline gb-headline-3c390ee6\"><span class=\"gb-icon\"><svg height=\"200\" width=\"200\" xmlns=\"http:\/\/www.w3.org\/2000\/svg\" version=\"1.1\" viewbox=\"0 0 1024 1024\" class=\"icon\"><path fill=\"#347aeb\" d=\"M776.941268 209.795122h160.043708c0.899122 0 1.798244-0.39961 2.497561-0.999024 1.398634-1.398634 1.398634-3.596488 0.099902-4.995122L746.970537 13.986341c-0.699317-0.699317-1.598439-0.999024-2.597464-0.999024-1.998049 0-3.596488 1.598439-3.596488 3.496585v158.145561c0 19.381073 16.184195 35.165659 36.164683 35.165659z m135.068098 80.121756H691.82439c-19.480976 0-35.265561-15.484878-35.265561-34.666146v-217.787317c0-20.180293-16.384-36.564293-36.564292-36.564293H182.222049C121.681171 0.999024 72.529171 50.051122 72.529171 110.592v803.815024c0 60.540878 49.052098 109.592976 109.592975 109.592976h656.758634c60.540878 0 109.592976-49.052098 109.592976-109.592976V326.481171c0.099902-20.180293-16.284098-36.564293-36.46439-36.564293zM255.150829 461.449366c0-12.088195 9.790439-21.878634 21.878634-21.878634h467.243708c12.088195 0 21.878634 9.790439 21.878634 21.878634v65.835707c0 12.088195-9.790439 21.878634-21.878634 21.878634H277.029463c-12.088195 0-21.878634-9.790439-21.878634-21.878634v-65.835707zM768.749268 792.226341c0 12.088195-9.790439 21.878634-21.878634 21.878635H279.527024c-12.088195 0-21.878634-9.790439-21.878634-21.878635v-65.835707c0-12.088195 9.790439-21.878634 21.878634-21.878634H746.770732c12.088195 0 21.878634 9.790439 21.878634 21.878634V792.226341z\"><\/path><\/svg><\/span><span class=\"gb-headline-text\">Chances de r\u00e9cup\u00e9ration<\/span><\/h3>\n\n\n\n<p class=\"gb-headline gb-headline-e8cf310e gb-headline-text\">Les chances de r\u00e9cup\u00e9ration d\u00e9pendent du type de m\u00e9thode que vous choisissez pour r\u00e9cup\u00e9rer votre mot de passe. La r\u00e9cup\u00e9ration de mot de passe faible vous offre un taux de r\u00e9ussite de 22% et vous pouvez l&#039;essayer gratuitement. Si vous n&#039;\u00eates pas satisfait, nous pouvons vous proposer une base de donn\u00e9es de bonne qualit\u00e9.<\/p>\n\n\n\n<p class=\"gb-headline gb-headline-4e819ccd gb-headline-text\">Cette base de donn\u00e9es contient un grand nombre de variantes de mots de passe qui vous aident \u00e0 trouver votre mot de passe. Le temps estim\u00e9 de r\u00e9cup\u00e9ration d\u00e9pend de la version de fichier que vous utilisez actuellement. De plus, la probabilit\u00e9 de succ\u00e8s sera de 61% dans ce cas.<\/p>\n\n<\/div><\/div>\n\n<div class=\"gb-container gb-container-36f1fcdc\"><div class=\"gb-inside-container\">\n\n<h3 class=\"gb-headline gb-headline-00c1349e\"><span class=\"gb-icon\"><svg height=\"200\" width=\"200\" xmlns=\"http:\/\/www.w3.org\/2000\/svg\" version=\"1.1\" viewbox=\"0 0 1024 1024\" class=\"icon\"><path fill=\"#347aeb\" d=\"M949.449394 102.670934v506.527141c0 30.514865-7.121683 60.518826-21.359889 90.522787-14.238206 30.003961-33.053899 58.991276-56.452242 87.472848a660.778672 660.778672 0 0 1-79.845422 80.351166 895.489742 895.489742 0 0 1-91.033691 67.640509c-31.020607 19.83234-61.029729 36.108998-90.017044 49.330558-28.987315 13.22156-54.413789 21.865632-76.284581 26.954023l-10.171621 2.033292-9.660719-2.033292c-22.376535-5.08323-48.313912-13.732463-78.317873-26.954023s-60.518826-29.498218-92.556079-49.330558c-32.037253-19.83234-63.568764-42.208875-94.083628-67.640509-31.020607-25.426473-58.485534-51.874754-82.384458-80.351166-24.409827-28.481572-43.736424-57.468887-58.485534-87.472848-15.254852-30.003961-22.376535-60.007922-22.376535-90.522787V102.670934l35.598095-5.594134 396.166854-78.317873 405.321829 78.317873 25.942538 5.594134z m-431.259206-10.682525l-4.577488-1.016646-341.242162 61.029729v319.37653h345.81965V91.988409z m343.786357 379.895356h-343.786357v454.652387c22.376535-5.594134 46.28062-13.732463 72.217996-24.409827 25.937377-11.188268 51.874754-23.904085 76.790324-39.158937 25.426473-15.254852 49.841462-31.531511 73.234643-49.841461 23.393181-18.309951 44.247328-38.142291 62.046375-58.991277 18.309951-20.848986 32.548157-42.719778 43.225521-65.602056 10.677364-22.887439 16.271498-45.769717 16.271498-69.162898V471.883765z\"><\/path><\/svg><\/span><span class=\"gb-headline-text\">Processus pour d\u00e9verrouiller le mot de passe<\/span><\/h3>\n\n\n\n<p class=\"gb-headline gb-headline-8b7caad2 gb-headline-text\">Nous avons deux sc\u00e9narios pour d\u00e9verrouiller le mot de passe de l&#039;archive 7z. Tout d&#039;abord, si vous connaissez le mot de passe, c&#039;est un processus facile. \u00c9videmment, vous ne pouvez pas supprimer le mot de passe du fichier qui est crypt\u00e9 avec le programme 7z.<\/p>\n\n\n\n<p class=\"gb-headline gb-headline-bd0e59c5 gb-headline-text\">Tout ce que vous pouvez faire est d&#039;extraire le fichier d&#039;un dossier sp\u00e9cifique. Cr\u00e9ez ensuite un dossier s\u00e9par\u00e9 et ajoutez-y l&#039;archive 7z extraite sans d\u00e9finir de mot de passe. Deuxi\u00e8mement, si vous avez perdu le mot de passe, vous n&#039;avez qu&#039;\u00e0 le r\u00e9cup\u00e9rer d&#039;abord.<\/p>\n\n\n\n<p class=\"gb-headline gb-headline-7e346f81 gb-headline-text\">Le processus peut prendre un certain temps car vous devez t\u00e9l\u00e9charger l&#039;archive 7z sur notre site Web. Ensuite, vous pouvez simplement attendre de recevoir la notification de l&#039;ach\u00e8vement de votre travail.<\/p>\n\n<\/div><\/div>\n\n<div class=\"gb-container gb-container-c2861434\"><div class=\"gb-inside-container\">\n\n<h3 class=\"gb-headline gb-headline-440adaad\"><span class=\"gb-icon\"><svg height=\"200\" width=\"200\" xmlns=\"http:\/\/www.w3.org\/2000\/svg\" version=\"1.1\" viewbox=\"0 0 1024 1024\" class=\"icon\"><path fill=\"#347aeb\" d=\"M1005.442 919.015a105.194 105.194 0 0 1-7.69 40.92 143.433 143.433 0 0 1-20.46 33.23 98.068 98.068 0 0 1-33.23 23.07 107.098 107.098 0 0 1-40.99 7.69h-775.3a109.427 109.427 0 0 1-76.761-30.76 101.384 101.384 0 0 1-25.61-30.69 105.194 105.194 0 0 1-7.691-40.991V338.228a98.35 98.35 0 0 1 30.69-74.15 102.513 102.513 0 0 1 74.221-30.69h775.37a98.773 98.773 0 0 1 74.221 30.69 102.442 102.442 0 0 1 30.69 74.15v158.601H741.86a98.35 98.35 0 0 0-74.15 30.69 102.442 102.442 0 0 0-30.761 74.222 118.457 118.457 0 0 0 12.84 53.69 79.3 79.3 0 0 0 30.69 35.84 109.074 109.074 0 0 0 61.381 15.381h263.583v212.292zM846.77 177.157H317.134c40.92-23 81.84-43.46 117.681-63.92 33.301-17.92 63.991-33.301 97.221-51.151 30.69-17.92 56.442-30.69 74.221-40.99A147.102 147.102 0 0 1 677.94 0.634a167.844 167.844 0 0 1 53.69 10.23 141.951 141.951 0 0 1 43.53 33.3zM688.17 601.81a52.35 52.35 0 1 1 15.31 38.38 51.997 51.997 0 0 1-15.31-38.38z m0 0\"><\/path><\/svg><\/span><span class=\"gb-headline-text\">Payer apr\u00e8s la tentative r\u00e9ussie<\/span><\/h3>\n\n\n\n<p class=\"gb-headline gb-headline-03a4fd85 gb-headline-text\"> Vous pouvez utiliser la base de donn\u00e9es de 3 millions de variantes de mot de passe pour v\u00e9rifier le mot de passe gratuitement. Alors que vous devez payer pour la r\u00e9cup\u00e9ration de mot de passe fort, car elle utilise l&#039;alimentation de notre ordinateur pendant environ 24 heures.<\/p>\n\n\n\n<p class=\"gb-headline gb-headline-95942885 gb-headline-text\">Si la m\u00e9thode de r\u00e9cup\u00e9ration de mot de passe fort ne peut toujours pas d\u00e9chiffrer votre mot de passe, vous essayez d&#039;utiliser la m\u00e9thode de force brute. Comme vous le savez, le for\u00e7age brutal avec un masque peut prendre un jour ou plusieurs jours, et nous devons cr\u00e9er un masque sp\u00e9cifi\u00e9 en fonction de votre description. Si vous vous trompez dans la description des r\u00e8gles de composition du mot de passe, tout le travail sera vain.<\/p>\n\n<\/div><\/div>\n<\/div><\/div>","protected":false},"excerpt":{"rendered":"","protected":false},"author":1,"featured_media":0,"parent":0,"menu_order":0,"comment_status":"closed","ping_status":"closed","template":"","meta":{"_generate-full-width-content":"true"},"yoast_head":"<!-- This site is optimized with the Yoast SEO Premium plugin v16.3 (Yoast SEO v16.3) - https:\/\/yoast.com\/wordpress\/plugins\/seo\/ -->\n<title>iFindPass | 7Z File Password Recovery Online<\/title>\n<meta name=\"description\" content=\"This free online 7Z password cracker helps you recover the password of the 7ZIP files and get access to the documents in them.\" \/>\n<meta name=\"robots\" content=\"index, follow, max-snippet:-1, max-image-preview:large, max-video-preview:-1\" \/>\n<link rel=\"canonical\" href=\"https:\/\/www.ifindpass.com\/fr\/7z-password-recovery-online\/\" \/>\n<meta property=\"og:locale\" content=\"fr_FR\" \/>\n<meta property=\"og:type\" content=\"article\" \/>\n<meta property=\"og:title\" content=\"iFindPass | 7Z File Password Recovery Online\" \/>\n<meta property=\"og:description\" content=\"This free online 7Z password cracker helps you recover the password of the 7ZIP files and get access to the documents in them.\" \/>\n<meta property=\"og:url\" content=\"https:\/\/www.ifindpass.com\/fr\/7z-password-recovery-online\/\" \/>\n<meta property=\"og:site_name\" content=\"iFindPass\" \/>\n<meta property=\"article:modified_time\" content=\"2021-12-02T01:57:19+00:00\" \/>\n<meta property=\"og:image\" content=\"https:\/\/www.ifindpass.com\/wp-content\/uploads\/2021\/07\/tianjia.png\" \/>\n<meta name=\"twitter:card\" content=\"summary_large_image\" \/>\n<meta name=\"twitter:label1\" content=\"Dur\u00e9e de lecture est.\">\n\t<meta name=\"twitter:data1\" content=\"2 minutes\">\n<script type=\"application\/ld+json\" class=\"yoast-schema-graph\">{\"@context\":\"https:\/\/schema.org\",\"@graph\":[{\"@type\":\"WebSite\",\"@id\":\"https:\/\/www.ifindpass.com\/fr\/#website\",\"url\":\"https:\/\/www.ifindpass.com\/fr\/\",\"name\":\"iFindPass\",\"description\":\"Password Recovery\",\"potentialAction\":[{\"@type\":\"SearchAction\",\"target\":\"https:\/\/www.ifindpass.com\/fr\/?s={search_term_string}\",\"query-input\":\"required name=search_term_string\"}],\"inLanguage\":\"fr-FR\"},{\"@type\":\"ImageObject\",\"@id\":\"https:\/\/www.ifindpass.com\/zh\/7z-password-recovery-online\/#primaryimage\",\"inLanguage\":\"fr-FR\",\"url\":\"https:\/\/www.ifindpass.com\/wp-content\/uploads\/2021\/07\/tianjia.png\",\"contentUrl\":\"https:\/\/www.ifindpass.com\/wp-content\/uploads\/2021\/07\/tianjia.png\",\"width\":66,\"height\":66},{\"@type\":\"WebPage\",\"@id\":\"https:\/\/www.ifindpass.com\/zh\/7z-password-recovery-online\/#webpage\",\"url\":\"https:\/\/www.ifindpass.com\/zh\/7z-password-recovery-online\/\",\"name\":\"iFindPass | 7Z File Password Recovery Online\",\"isPartOf\":{\"@id\":\"https:\/\/www.ifindpass.com\/fr\/#website\"},\"primaryImageOfPage\":{\"@id\":\"https:\/\/www.ifindpass.com\/zh\/7z-password-recovery-online\/#primaryimage\"},\"datePublished\":\"2021-07-13T03:53:22+00:00\",\"dateModified\":\"2021-12-02T01:57:19+00:00\",\"description\":\"This free online 7Z password cracker helps you recover the password of the 7ZIP files and get access to the documents in them.\",\"breadcrumb\":{\"@id\":\"https:\/\/www.ifindpass.com\/zh\/7z-password-recovery-online\/#breadcrumb\"},\"inLanguage\":\"fr-FR\",\"potentialAction\":[{\"@type\":\"ReadAction\",\"target\":[\"https:\/\/www.ifindpass.com\/zh\/7z-password-recovery-online\/\"]}]},{\"@type\":\"BreadcrumbList\",\"@id\":\"https:\/\/www.ifindpass.com\/zh\/7z-password-recovery-online\/#breadcrumb\",\"itemListElement\":[{\"@type\":\"ListItem\",\"position\":1,\"item\":{\"@id\":\"https:\/\/www.ifindpass.com\/zh\/7z-password-recovery-online\/#webpage\"}}]}]}<\/script>\n<!-- \/ Yoast SEO Premium plugin. -->","_links":{"self":[{"href":"https:\/\/www.ifindpass.com\/fr\/wp-json\/wp\/v2\/pages\/4042"}],"collection":[{"href":"https:\/\/www.ifindpass.com\/fr\/wp-json\/wp\/v2\/pages"}],"about":[{"href":"https:\/\/www.ifindpass.com\/fr\/wp-json\/wp\/v2\/types\/page"}],"author":[{"embeddable":true,"href":"https:\/\/www.ifindpass.com\/fr\/wp-json\/wp\/v2\/users\/1"}],"replies":[{"embeddable":true,"href":"https:\/\/www.ifindpass.com\/fr\/wp-json\/wp\/v2\/comments?post=4042"}],"version-history":[{"count":5,"href":"https:\/\/www.ifindpass.com\/fr\/wp-json\/wp\/v2\/pages\/4042\/revisions"}],"predecessor-version":[{"id":4703,"href":"https:\/\/www.ifindpass.com\/fr\/wp-json\/wp\/v2\/pages\/4042\/revisions\/4703"}],"wp:attachment":[{"href":"https:\/\/www.ifindpass.com\/fr\/wp-json\/wp\/v2\/media?parent=4042"}],"curies":[{"name":"wp","href":"https:\/\/api.w.org\/{rel}","templated":true}]}}