{"id":3987,"date":"2021-07-12T08:19:03","date_gmt":"2021-07-12T08:19:03","guid":{"rendered":"https:\/\/www.ifindpass.com\/?page_id=3987"},"modified":"2021-07-26T07:17:01","modified_gmt":"2021-07-26T07:17:01","slug":"faq","status":"publish","type":"page","link":"https:\/\/www.ifindpass.com\/fr\/faq\/","title":{"rendered":"FAQ"},"content":{"rendered":"<div class=\"gb-container gb-container-b34c6840 gb-headline gb-headline-0fcd8a68\"><div class=\"gb-inside-container\">\n<div class=\"gb-grid-wrapper gb-grid-wrapper-04a2c8c0\">\n<div class=\"gb-grid-column gb-grid-column-87aea20b\"><div class=\"gb-container gb-container-87aea20b\"><div class=\"gb-inside-container\">\n\n<h1 class=\"gb-headline gb-headline-6a46ab6b gb-headline-text\">Foire aux questions (FAQ)<\/h1>\n\n\n\n<p class=\"gb-headline gb-headline-55f6c2c3 gb-headline-text\">Des questions? Voici les r\u00e9ponses !<\/p>\n\n<\/div><\/div><\/div>\n<\/div>\n<\/div><\/div>\n\n<div class=\"gb-container gb-container-98d31005\"><div class=\"gb-inside-container\">\n\n<h2 class=\"gb-headline gb-headline-6798be46\"><span class=\"gb-icon\"><svg height=\"200\" width=\"200\" xmlns=\"http:\/\/www.w3.org\/2000\/svg\" version=\"1.1\" viewbox=\"0 0 1024 1024\" class=\"icon\"><path fill=\"#347aeb\" d=\"M767.146667 181.418667l94.592-19.456c19.541333-4.010667 39.466667 4.949333 49.408 22.314666l82.474666 143.445334c9.984 17.365333 7.765333 39.168-5.461333 54.186666l-64.042667 72.533334a424.490667 424.490667 0 0 1 0 115.114666l64 72.533334c13.269333 15.018667 15.488 36.821333 5.546667 54.186666l-82.517333 143.445334c-9.984 17.365333-29.866667 26.368-49.408 22.314666l-94.634667-19.456a416.213333 416.213333 0 0 1-99.242667 57.685334l-30.506666 91.904a46.378667 46.378667 0 0 1-43.946667 31.829333h-164.949333c-19.925333 0-37.589333-12.8-43.946667-31.829333L354.005333 900.266667a416.213333 416.213333 0 0 1-99.285333-57.685334l-94.634667 19.456a46.250667 46.250667 0 0 1-49.408-22.314666L28.245333 696.277333a46.72 46.72 0 0 1 5.461334-54.186666l64-72.533334a424.490667 424.490667 0 0 1 0-115.114666l-64-72.533334A46.72 46.72 0 0 1 28.16 327.68l82.474667-143.445333c9.984-17.365333 29.866667-26.325333 49.408-22.314667l94.634666 19.456A416.213333 416.213333 0 0 1 354.005333 123.733333L384.512 31.829333A46.378667 46.378667 0 0 1 428.458667 0h164.906666c19.925333 0 37.632 12.8 43.946667 31.829333l30.549333 91.904c35.541333 14.506667 68.949333 33.962667 99.242667 57.685334z m-256.213334 527.488c107.989333 0 195.541333-88.149333 195.541334-196.906667 0-108.8-87.552-196.906667-195.541334-196.906667C402.901333 315.093333 315.306667 403.2 315.306667 512c0 108.8 87.552 196.906667 195.584 196.906667z\"><\/path><\/svg><\/span><span class=\"gb-headline-text\">Questions g\u00e9n\u00e9rales<\/span><\/h2>\n\n\n<div class=\"gb-container gb-container-ddd0a047\"><div class=\"gb-inside-container\">\n\n<h3 class=\"gb-headline gb-headline-ca622f81 gb-headline-text\">1. Ce processus n\u00e9cessite-t-il l&#039;installation de programmes sur mon PC ?<\/h3>\n\n\n\n<p class=\"gb-headline gb-headline-b41c42a8 gb-headline-text\">Non, ce site ne n\u00e9cessite aucun autre programme et fait tous les calculs complexes tout seul. Tout ce que vous avez \u00e0 faire est de t\u00e9l\u00e9charger votre document et d&#039;attendre de r\u00e9cup\u00e9rer votre mot de passe perdu. Vous n&#039;avez pas besoin de vous inscrire, il suffit de laisser tomber votre e-mail et nous vous informerons de votre r\u00e9sultat.<\/p>\n\n<\/div><\/div>\n\n<div class=\"gb-container gb-container-9b073007\"><div class=\"gb-inside-container\">\n\n<h3 class=\"gb-headline gb-headline-e09001ba gb-headline-text\">2. En quoi \u00eates-vous un meilleur choix que mes programmes de r\u00e9cup\u00e9ration de mot de passe\u00a0?<\/h3>\n\n\n\n<p class=\"gb-headline gb-headline-c00afeb2 gb-headline-text\">Nous veillons \u00e0 ce que vos t\u00e2ches soient mieux ex\u00e9cut\u00e9es que n&#039;importe quel ordinateur domestique ordinaire gr\u00e2ce \u00e0 notre cluster informatique qui est beaucoup plus capable et puissant. Nous r\u00e9alisons votre t\u00e2che en quelques heures, ce que n&#039;importe quel ordinateur prendrait des jours \u00e0 faire. De plus, vous payez apr\u00e8s avoir r\u00e9cup\u00e9r\u00e9 votre mot de passe.<\/p>\n\n<\/div><\/div>\n\n<div class=\"gb-container gb-container-a35b8be1\"><div class=\"gb-inside-container\">\n\n<h3 class=\"gb-headline gb-headline-a30f254b gb-headline-text\">3. Mes fichiers sont-ils en s\u00e9curit\u00e9 sur votre site Web ?<\/h3>\n\n\n\n<p class=\"gb-headline gb-headline-00fc0b43 gb-headline-text\">D\u00e9finitivement! Le site Web utilise le protocole s\u00e9curis\u00e9 HTTPS, qui garantit la confidentialit\u00e9 des donn\u00e9es envoy\u00e9es. Les documents t\u00e9l\u00e9charg\u00e9s sont conserv\u00e9s dans un emplacement s\u00e9curis\u00e9, c&#039;est-\u00e0-dire un stockage crypt\u00e9. De plus, afin de prot\u00e9ger la vie priv\u00e9e des utilisateurs, le serveur ne stockera les fichiers t\u00e9l\u00e9charg\u00e9s que pendant 24 heures maximum. Une fois les cl\u00e9s de hachage extraites, toutes seront supprim\u00e9es d\u00e9finitivement. Ainsi, vos pr\u00e9occupations concernant la s\u00e9curit\u00e9 de votre dossier sont bien prises en compte.<\/p>\n\n<\/div><\/div>\n\n<div class=\"gb-container gb-container-b3e0aa57\"><div class=\"gb-inside-container\">\n\n<h3 class=\"gb-headline gb-headline-dfc8d566 gb-headline-text\">4. Vous est-il possible de simplement supprimer le mot de passe de mon document ?<\/h3>\n\n\n\n<p class=\"gb-headline gb-headline-92d20f0c gb-headline-text\">Si vous connaissez le mot de passe, vous pouvez supprimer vous-m\u00eame la protection par mot de passe. Si vous souhaitez supprimer un mot de passe d&#039;un fichier PDF, vous pouvez utiliser le <a href=\"https:\/\/www.ifindpass.com\/fr\/free-pdf-password-unlocker\/\">Outil de d\u00e9verrouillage PDF gratuit <\/a>sur notre site, et cela aussi est absolument gratuit. Cependant, si vous avez perdu le mot de passe, vous devez d&#039;abord le r\u00e9cup\u00e9rer en d\u00e9verrouillant le fichier.<\/p>\n\n<\/div><\/div>\n\n<div class=\"gb-container gb-container-789ec04b\"><div class=\"gb-inside-container\">\n\n<h3 class=\"gb-headline gb-headline-a9f6db17 gb-headline-text\">5. Quelle est votre garantie pour r\u00e9cup\u00e9rer avec succ\u00e8s mon mot de passe ?<\/h3>\n\n\n\n<p class=\"gb-headline gb-headline-610c972b gb-headline-text\">Non, nous ne pouvons garantir le succ\u00e8s du 100% dans le craquage du mot de passe.<br>Mais selon nos statistiques, dans 81% des cas, nous aidons les utilisateurs \u00e0 r\u00e9cup\u00e9rer avec succ\u00e8s les mots de passe perdus. Nous ferons des efforts continus pour am\u00e9liorer le taux de r\u00e9ussite de notre craquage de mots de passe.<br>Pour en savoir plus \u00e0 ce sujet, lisez la section sur &#039;<a href=\"https:\/\/www.ifindpass.com\/fr\/recovery-chances\/\">Chances de r\u00e9cup\u00e9ration<\/a>'.<br>Si vous commandez une force brute avec le masque, nous pouvons nous assurer que toutes les versions du masque seront test\u00e9es et que toutes les conditions seront remplies.<\/p>\n\n<\/div><\/div>\n\n<div class=\"gb-container gb-container-af140376\"><div class=\"gb-inside-container\">\n\n<h3 class=\"gb-headline gb-headline-1271b8b2 gb-headline-text\">6. Quelle est la dur\u00e9e de l&#039;ensemble du processus ?<\/h3>\n\n\n\n<p class=\"gb-headline gb-headline-df000a01 gb-headline-text\">Le processus de r\u00e9cup\u00e9ration du mot de passe ici prend de quelques minutes \u00e0 24 heures maximum. Si nous avons affaire \u00e0 une situation de force brute avec un masque, le temps dont nous aurons besoin est d\u00e9termin\u00e9 par le nombre total de variantes possibles d\u00e9crites s\u00e9par\u00e9ment. Le temps requis peut \u00e9galement varier en fonction des formats de fichiers.<\/p>\n\n<\/div><\/div>\n\n<div class=\"gb-container gb-container-714b5349\"><div class=\"gb-inside-container\">\n\n<h3 class=\"gb-headline gb-headline-41248257 gb-headline-text\">7. Puis-je fermer la fen\u00eatre du navigateur pendant la r\u00e9cup\u00e9ration de mon mot de passe ?<\/h3>\n\n\n\n<p class=\"gb-headline gb-headline-f34fda5a gb-headline-text\">Assur\u00e9ment! Vous n&#039;avez pas \u00e0 attendre dans la m\u00eame fen\u00eatre de navigateur pendant que nous effectuons notre travail. Vous n&#039;avez qu&#039;\u00e0 copier l&#039;URL quelque part et garder un contr\u00f4le. Revenez apr\u00e8s quelques heures pour voir le statut. Vous devez laisser une adresse e-mail correcte et nous vous informerons lorsque ce sera fait.<\/p>\n\n<\/div><\/div>\n<\/div><\/div>\n\n<div class=\"gb-container gb-container-2d2ca13e\"><div class=\"gb-inside-container\">\n\n<h2 class=\"gb-headline gb-headline-91562628\"><span class=\"gb-icon\"><svg height=\"200\" width=\"200\" xmlns=\"http:\/\/www.w3.org\/2000\/svg\" version=\"1.1\" viewbox=\"0 0 1024 1024\" class=\"icon\"><path fill=\"#347aeb\" d=\"M1002.663804 918.949306c0.170666 13.994585-2.431986 27.946504-7.679955 40.959761-5.205303 11.946597-12.03193 23.125198-20.309215 33.279806a97.364765 97.364765 0 0 1-33.023807 23.125199 105.684717 105.684717 0 0 1-40.703763 7.679955H130.690224a108.244702 108.244702 0 0 1-76.244888-30.805154 101.332742 101.332742 0 0 1-25.429185-30.719821 106.068715 106.068715 0 0 1-7.679955-41.045094V337.278033a98.900756 98.900756 0 0 1 30.506488-74.239567 101.460741 101.460741 0 0 1 73.72757-30.719821h770.342173a97.706097 97.706097 0 0 1 73.72757 30.719821c19.797218 19.583886 30.805154 46.378396 30.506489 74.239567v158.847073h-259.41182a97.279433 97.279433 0 0 0-73.642237 30.719821 102.996733 102.996733 0 0 0-30.549156 74.3249c0 18.687891 4.351975 37.119783 12.757259 53.759686 6.31463 14.847913 16.938568 27.349174 30.506489 35.925124 18.34656 11.093269 39.551769 16.469237 60.970311 15.35991H1002.663804v212.734759zM835.624779 179.454953H313.601157c40.319765-23.381197 80.63953-44.159742 115.967324-64.980954 32.853142-18.21856 63.060965-33.834469 95.828774-51.967697 30.25049-18.21856 55.637009-31.231818 73.13024-41.68509C619.946037 7.765288 644.265895 0.59733 669.22575 0c18.090561 0.469331 36.010457 4.010643 52.906358 10.410606 16.298572 8.319951 30.890486 19.797218 42.922416 33.877136l70.570255 135.167211z m-146.132481 420.904212a52.607693 52.607693 0 0 1 43.007749-50.559705 52.095696 52.095696 0 0 1 57.599664 32.383811 53.11969 53.11969 0 0 1-19.711885 63.615629 51.754365 51.754365 0 0 1-65.62095-6.741295 52.735692 52.735692 0 0 1-15.274578-38.69844z\"><\/path><\/svg><\/span><span class=\"gb-headline-text\">Paiements<\/span><\/h2>\n\n\n<div class=\"gb-container gb-container-b03ea8e3\"><div class=\"gb-inside-container\">\n\n<h3 class=\"gb-headline gb-headline-086fe34a gb-headline-text\">1. Quel est le mode de paiement ?<\/h3>\n\n\n\n<p class=\"gb-headline gb-headline-76a17136 gb-headline-text\">Pour que vous puissiez payer, de nombreux syst\u00e8mes de paiement sont fonctionnels. La plupart d&#039;entre eux sont dans le monde entier, tandis que les autres sont fonctionnels dans leurs pays respectifs. Certains des syst\u00e8mes de paiement incluent PayPal, Apple Pay, Bitcoin, carte de cr\u00e9dit\/d\u00e9bit, virement bancaire en temps r\u00e9el, etc.<\/p>\n\n<\/div><\/div>\n\n<div class=\"gb-container gb-container-e5b464cf\"><div class=\"gb-inside-container\">\n\n<h3 class=\"gb-headline gb-headline-08035890 gb-headline-text\">2. Puis-je r\u00e9cup\u00e9rer mon mot de passe gratuitement ?<\/h3>\n\n\n\n<p class=\"gb-headline gb-headline-9560f6c1 gb-headline-text\">Oui! Si vous souhaitez r\u00e9cup\u00e9rer un mot de passe faible, vous pouvez le faire gratuitement ! Cependant, vous devez payer la commande Strong Password Recovery que vous passez une fois que vos mots de passe ont \u00e9t\u00e9 r\u00e9cup\u00e9r\u00e9s avec succ\u00e8s. Si votre processus de r\u00e9cup\u00e9ration \u00e9choue, vous n&#039;avez pas \u00e0 payer. Le craquage par force brute avec un masque doit \u00eatre pr\u00e9pay\u00e9 sans remboursement.<\/p>\n\n<\/div><\/div>\n<\/div><\/div>\n\n<div class=\"gb-container gb-container-29e1c1b3\"><div class=\"gb-inside-container\">\n\n<h2 class=\"gb-headline gb-headline-33f8fb56\"><span class=\"gb-icon\"><svg height=\"200\" width=\"200\" xmlns=\"http:\/\/www.w3.org\/2000\/svg\" version=\"1.1\" viewbox=\"0 0 1024 1024\" class=\"icon\"><path fill=\"#347aeb\" d=\"M641.243429 320.658286c-31.305143-28.16-66.56-42.276571-106.203429-42.276572-11.483429-0.585143-21.138286 8.996571-21.723429 20.48v1.316572c-0.658286 12.8 8.923429 21.723429 21.723429 21.723428 26.258286 0 50.541714 10.24 73.581714 32.036572 23.04 21.065143 34.596571 47.981714 34.596572 79.36a21.942857 21.942857 0 0 0 21.723428 21.723428 22.893714 22.893714 0 0 0 21.796572-21.723428c0-47.396571-14.774857-84.48-45.494857-112.64zM1024 887.661714V136.338286A136.850286 136.850286 0 0 0 887.661714 0H136.338286A136.850286 136.850286 0 0 0 0 136.338286v750.665143C0 962.413714 60.928 1023.634286 136.338286 1024h750.665143A137.801143 137.801143 0 0 0 1024 887.661714z m-401.261714-137.508571v27.501714h0.585143c0 30.72-24.941714 55.734857-55.661715 55.734857H456.338286a55.734857 55.734857 0 0 1-55.734857-55.734857v-27.574857h222.134857z m65.901714-488.96a258.413714 258.413714 0 0 1 25.6 351.305143c-17.92 22.454857-87.04 55.734857-96.621714 97.28H400.018286c-9.654857-40.96-72.338286-74.825143-90.258286-97.28a258.56 258.56 0 0 1 26.258286-351.305143 259.437714 259.437714 0 0 1 352.548571 0z\"><\/path><\/svg><\/span><span class=\"gb-headline-text\">Demandes personnalis\u00e9es<\/span><\/h2>\n\n\n<div class=\"gb-container gb-container-a53436e7\"><div class=\"gb-inside-container\">\n\n<h3 class=\"gb-headline gb-headline-4b056306 gb-headline-text\">1. Que faire d&#039;un fichier hautement priv\u00e9 qui ne peut pas \u00eatre envoy\u00e9 ?<\/h3>\n\n\n\n<p class=\"gb-headline gb-headline-e8b6db52 gb-headline-text\">On peut r\u00e9cup\u00e9rer le mot de passe sur les informations du service technique, c&#039;est-\u00e0-dire une courte valeur de hachage ne contenant aucune information secr\u00e8te. Cependant, si vous ne souhaitez pas nous envoyer le fichier, vous devez envoyer son hachage pour le processus de r\u00e9cup\u00e9ration. Il s&#039;agit d&#039;un service personnalis\u00e9, veuillez nous contacter si vous avez besoin : support@ifindpass.com<\/p>\n\n<\/div><\/div>\n\n<div class=\"gb-container gb-container-9ca965c1\"><div class=\"gb-inside-container\">\n\n<h3 class=\"gb-headline gb-headline-a0760ab8 gb-headline-text\">2. Quel type de documents supportez-vous ?<\/h3>\n\n\n\n<p class=\"gb-headline gb-headline-d5f789aa gb-headline-text\">Les fichiers MS Office et PDF et les archives RAR, WinZip et 7z sont tous pris en charge sur ce site. Certains formats peuvent ne pas toujours \u00eatre accept\u00e9s. Dans ce cas, envoyez-nous une demande personnalis\u00e9e. Sinon, suivez les instructions et vous pourrez r\u00e9cup\u00e9rer votre mot de passe.<\/p>\n\n<\/div><\/div>\n<\/div><\/div>","protected":false},"excerpt":{"rendered":"","protected":false},"author":1,"featured_media":0,"parent":0,"menu_order":0,"comment_status":"closed","ping_status":"closed","template":"","meta":{"_generate-full-width-content":"true"},"yoast_head":"<!-- This site is optimized with the Yoast SEO Premium plugin v16.3 (Yoast SEO v16.3) - https:\/\/yoast.com\/wordpress\/plugins\/seo\/ -->\n<title>iFindPass FAQs<\/title>\n<meta name=\"description\" content=\"Having questions? Here in this page you can find answers to various website-related questions you may have. Contact us if you still feel confused.\" \/>\n<meta name=\"robots\" content=\"index, follow, max-snippet:-1, max-image-preview:large, max-video-preview:-1\" \/>\n<link rel=\"canonical\" href=\"https:\/\/www.ifindpass.com\/fr\/faq\/\" \/>\n<meta property=\"og:locale\" content=\"fr_FR\" \/>\n<meta property=\"og:type\" content=\"article\" \/>\n<meta property=\"og:title\" content=\"iFindPass FAQs\" \/>\n<meta property=\"og:description\" content=\"Having questions? Here in this page you can find answers to various website-related questions you may have. Contact us if you still feel confused.\" \/>\n<meta property=\"og:url\" content=\"https:\/\/www.ifindpass.com\/fr\/faq\/\" \/>\n<meta property=\"og:site_name\" content=\"iFindPass\" \/>\n<meta property=\"article:modified_time\" content=\"2021-07-26T07:17:01+00:00\" \/>\n<meta name=\"twitter:card\" content=\"summary_large_image\" \/>\n<meta name=\"twitter:label1\" content=\"Dur\u00e9e de lecture est.\">\n\t<meta name=\"twitter:data1\" content=\"4 minutes\">\n<script type=\"application\/ld+json\" class=\"yoast-schema-graph\">{\"@context\":\"https:\/\/schema.org\",\"@graph\":[{\"@type\":\"WebSite\",\"@id\":\"https:\/\/www.ifindpass.com\/fr\/#website\",\"url\":\"https:\/\/www.ifindpass.com\/fr\/\",\"name\":\"iFindPass\",\"description\":\"Password Recovery\",\"potentialAction\":[{\"@type\":\"SearchAction\",\"target\":\"https:\/\/www.ifindpass.com\/fr\/?s={search_term_string}\",\"query-input\":\"required name=search_term_string\"}],\"inLanguage\":\"fr-FR\"},{\"@type\":\"WebPage\",\"@id\":\"https:\/\/www.ifindpass.com\/pt\/faq\/#webpage\",\"url\":\"https:\/\/www.ifindpass.com\/pt\/faq\/\",\"name\":\"iFindPass FAQs\",\"isPartOf\":{\"@id\":\"https:\/\/www.ifindpass.com\/fr\/#website\"},\"datePublished\":\"2021-07-12T08:19:03+00:00\",\"dateModified\":\"2021-07-26T07:17:01+00:00\",\"description\":\"Having questions? Here in this page you can find answers to various website-related questions you may have. Contact us if you still feel confused.\",\"breadcrumb\":{\"@id\":\"https:\/\/www.ifindpass.com\/pt\/faq\/#breadcrumb\"},\"inLanguage\":\"fr-FR\",\"potentialAction\":[{\"@type\":\"ReadAction\",\"target\":[\"https:\/\/www.ifindpass.com\/pt\/faq\/\"]}]},{\"@type\":\"BreadcrumbList\",\"@id\":\"https:\/\/www.ifindpass.com\/pt\/faq\/#breadcrumb\",\"itemListElement\":[{\"@type\":\"ListItem\",\"position\":1,\"item\":{\"@id\":\"https:\/\/www.ifindpass.com\/pt\/faq\/#webpage\"}}]}]}<\/script>\n<!-- \/ Yoast SEO Premium plugin. -->","_links":{"self":[{"href":"https:\/\/www.ifindpass.com\/fr\/wp-json\/wp\/v2\/pages\/3987"}],"collection":[{"href":"https:\/\/www.ifindpass.com\/fr\/wp-json\/wp\/v2\/pages"}],"about":[{"href":"https:\/\/www.ifindpass.com\/fr\/wp-json\/wp\/v2\/types\/page"}],"author":[{"embeddable":true,"href":"https:\/\/www.ifindpass.com\/fr\/wp-json\/wp\/v2\/users\/1"}],"replies":[{"embeddable":true,"href":"https:\/\/www.ifindpass.com\/fr\/wp-json\/wp\/v2\/comments?post=3987"}],"version-history":[{"count":1,"href":"https:\/\/www.ifindpass.com\/fr\/wp-json\/wp\/v2\/pages\/3987\/revisions"}],"predecessor-version":[{"id":4458,"href":"https:\/\/www.ifindpass.com\/fr\/wp-json\/wp\/v2\/pages\/3987\/revisions\/4458"}],"wp:attachment":[{"href":"https:\/\/www.ifindpass.com\/fr\/wp-json\/wp\/v2\/media?parent=3987"}],"curies":[{"name":"wp","href":"https:\/\/api.w.org\/{rel}","templated":true}]}}