{"id":3224,"date":"2021-06-23T10:14:10","date_gmt":"2021-06-23T10:14:10","guid":{"rendered":"https:\/\/www.iseeguard.com\/?page_id=3224"},"modified":"2021-09-28T01:34:51","modified_gmt":"2021-09-28T01:34:51","slug":"terms-of-service","status":"publish","type":"page","link":"https:\/\/www.ifindpass.com\/fr\/terms-of-service\/","title":{"rendered":"Conditions d&#039;utilisation"},"content":{"rendered":"<div class=\"gb-container gb-container-6d264d71 gb-headline gb-headline-0fcd8a68\"><div class=\"gb-inside-container\">\n<div class=\"gb-grid-wrapper gb-grid-wrapper-b75a8e92\">\n<div class=\"gb-grid-column gb-grid-column-cc09e3e0\"><div class=\"gb-container gb-container-cc09e3e0\"><div class=\"gb-inside-container\">\n\n<h1 class=\"gb-headline gb-headline-0fcd8a68 gb-headline-text\">Conditions d&#039;utilisation<\/h1>\n\n\n\n<p class=\"gb-headline gb-headline-53f88472 gb-headline-text\">Derni\u00e8re mise \u00e0 jour\u00a0: 11\u00a0mai\u00a02021<\/p>\n\n<\/div><\/div><\/div>\n<\/div>\n<\/div><\/div>\n\n<div class=\"gb-container gb-container-1918cd5e\"><div class=\"gb-inside-container\">\n\n<h3 class=\"gb-headline gb-headline-b1e4ca68\"><span class=\"gb-icon\"><svg viewbox=\"0 0 60 4.688\" xmlns=\"https:\/\/www.w3.org\/2000\/svg\"><path d=\"M57.656 0H2.344a2.343 2.343 0 100 4.688h55.312a2.344 2.344 0 000-4.688z\"><\/path><\/svg><\/span><span class=\"gb-headline-text\">Politique de confidentialit\u00e9<\/span><\/h3>\n\n\n\n<p class=\"gb-headline gb-headline-8c5b0612 gb-headline-text\">Notre politique de confidentialit\u00e9 est disponible sur une page s\u00e9par\u00e9e. Notre politique de confidentialit\u00e9 vous explique comment nous traitons les informations vous concernant. Vous devez comprendre qu&#039;en utilisant le site Web, vous reconnaissez que le traitement de ces informations sera effectu\u00e9 conform\u00e9ment \u00e0 la politique de confidentialit\u00e9.<\/p>\n\n\n\n<h3 class=\"gb-headline gb-headline-8fbdd611\"><span class=\"gb-icon\"><svg viewbox=\"0 0 60 4.688\" xmlns=\"https:\/\/www.w3.org\/2000\/svg\"><path d=\"M57.656 0H2.344a2.343 2.343 0 100 4.688h55.312a2.344 2.344 0 000-4.688z\"><\/path><\/svg><\/span><span class=\"gb-headline-text\">Votre compte<\/span><\/h3>\n\n\n\n<p class=\"gb-headline gb-headline-faeca95f gb-headline-text\">Lorsque vous utilisez le site Web, vous \u00eates responsable d&#039;assurer la confidentialit\u00e9 de votre compte, mot de passe et autres informations d&#039;identification et de s\u00e9curiser l&#039;acc\u00e8s \u00e0 votre appareil. Vous ne devez c\u00e9der votre compte \u00e0 personne. La Soci\u00e9t\u00e9 n&#039;est pas responsable des acc\u00e8s non autoris\u00e9s \u00e0 votre compte r\u00e9sultant d&#039;un d\u00e9tournement ou d&#039;un vol de votre compte. La Soci\u00e9t\u00e9 peut refuser ou annuler le service, r\u00e9silier votre compte et supprimer ou modifier le contenu.<\/p>\n\n\n\n<h3 class=\"gb-headline gb-headline-e7491245\"><span class=\"gb-icon\"><svg viewbox=\"0 0 60 4.688\" xmlns=\"https:\/\/www.w3.org\/2000\/svg\"><path d=\"M57.656 0H2.344a2.343 2.343 0 100 4.688h55.312a2.344 2.344 0 000-4.688z\"><\/path><\/svg><\/span><span class=\"gb-headline-text\">Prestations de service<\/span><\/h3>\n\n\n\n<p class=\"gb-headline gb-headline-0863563f gb-headline-text\">Le site Internet vous permet d&#039;utiliser les Services disponibles sur le site Internet. Vous ne devez pas utiliser les services \u00e0 des fins ill\u00e9gales.<\/p>\n\n\n\n<p class=\"gb-headline gb-headline-b3ec778b gb-headline-text\">Le site Internet vous permet d&#039;utiliser les Services disponibles sur le site Internet. Vous ne devez pas utiliser les services \u00e0 des fins ill\u00e9gales. Nous pouvons, \u00e0 notre seule discr\u00e9tion, fixer des frais d&#039;utilisation du site Web pour vous. Tous les prix sont publi\u00e9s s\u00e9par\u00e9ment sur les pages pertinentes du site Web. Nous pouvons, \u00e0 notre seule discr\u00e9tion, modifier \u00e0 tout moment les frais. Le site Internet vous permet d&#039;utiliser les Services disponibles sur le site Internet. Vous ne devez pas utiliser les services \u00e0 des fins ill\u00e9gales.<\/p>\n\n\n\n<p class=\"gb-headline gb-headline-8d391999 gb-headline-text\">Nous pouvons utiliser des syst\u00e8mes de paiement certifi\u00e9s, qui peuvent \u00e9galement avoir leurs commissions. De telles commissions peuvent vous \u00eatre impos\u00e9es lorsque vous choisissez un syst\u00e8me de paiement particulier. Des informations d\u00e9taill\u00e9es sur les commissions de ces syst\u00e8mes de paiement peuvent \u00eatre trouv\u00e9es sur leurs sites Web.<\/p>\n\n\n\n<h3 class=\"gb-headline gb-headline-67779771\"><span class=\"gb-icon\"><svg viewbox=\"0 0 60 4.688\" xmlns=\"https:\/\/www.w3.org\/2000\/svg\"><path d=\"M57.656 0H2.344a2.343 2.343 0 100 4.688h55.312a2.344 2.344 0 000-4.688z\"><\/path><\/svg><\/span><span class=\"gb-headline-text\">Services tiers<\/span><\/h3>\n\n\n\n<p class=\"gb-headline gb-headline-3987aaa3 gb-headline-text\">Le site Web peut inclure des liens vers d&#039;autres sites Web, applications et plateformes (ci-apr\u00e8s les \u00ab\u00a0Sites li\u00e9s\u00a0\u00bb).<\/p>\n\n\n\n<p class=\"gb-headline gb-headline-53a40ef6 gb-headline-text\">La Soci\u00e9t\u00e9 ne contr\u00f4le pas les sites li\u00e9s et ne sera pas responsable du contenu et des autres \u00e9l\u00e9ments des sites li\u00e9s. La Soci\u00e9t\u00e9 met ces liens \u00e0 votre disposition pour fournir des fonctionnalit\u00e9s ou des services sur le site Web.<\/p>\n\n\n\n<h3 class=\"gb-headline gb-headline-c38b6763\"><span class=\"gb-icon\"><svg viewbox=\"0 0 60 4.688\" xmlns=\"https:\/\/www.w3.org\/2000\/svg\"><path d=\"M57.656 0H2.344a2.343 2.343 0 100 4.688h55.312a2.344 2.344 0 000-4.688z\"><\/path><\/svg><\/span><span class=\"gb-headline-text\">Utilisations interdites et propri\u00e9t\u00e9 intellectuelle<\/span><\/h3>\n\n\n\n<p class=\"gb-headline gb-headline-d28e5580 gb-headline-text\">La Soci\u00e9t\u00e9 vous accorde une licence non transf\u00e9rable, non exclusive et r\u00e9vocable pour acc\u00e9der et utiliser le site Web \u00e0 partir d&#039;un appareil conform\u00e9ment aux Conditions. Vous ne devez pas utiliser le site Web \u00e0 des fins ill\u00e9gales ou interdites. Vous ne pouvez pas utiliser le site Web d&#039;une mani\u00e8re qui pourrait d\u00e9sactiver, endommager ou interf\u00e9rer avec le site Web.<\/p>\n\n\n\n<p class=\"gb-headline gb-headline-52b5fd73 gb-headline-text\">Tout contenu pr\u00e9sent sur le site Internet comprend les textes, codes, graphiques, logos, images, compilation, logiciels utilis\u00e9s sur le site Internet (ci-apr\u00e8s et ci-apr\u00e8s le \u00ab\u00a0Contenu\u00a0\u00bb). Le Contenu est la propri\u00e9t\u00e9 de la Soci\u00e9t\u00e9 ou de ses sous-traitants et est prot\u00e9g\u00e9 par les lois sur la propri\u00e9t\u00e9 intellectuelle qui prot\u00e8gent ces droits. Vous acceptez d&#039;utiliser tous les droits d&#039;auteur et autres avis ou restrictions de propri\u00e9t\u00e9 contenus dans le contenu et il vous est interdit de modifier le contenu.<\/p>\n\n\n\n<p class=\"gb-headline gb-headline-a4cf55e4 gb-headline-text\">Vous ne pouvez pas publier, transmettre, modifier, faire de l&#039;ing\u00e9nierie inverse, participer au transfert, ou cr\u00e9er et vendre des \u0153uvres d\u00e9riv\u00e9es, ou utiliser de quelque mani\u00e8re que ce soit le Contenu. Votre jouissance du site Web ne vous autorise pas \u00e0 faire une utilisation ill\u00e9gale et interdite du contenu, et en particulier, vous ne devez pas modifier les droits de propri\u00e9t\u00e9 ou les avis dans le contenu. Vous devez utiliser le Contenu uniquement pour votre usage personnel et non commercial. La Soci\u00e9t\u00e9 ne vous accorde aucune licence sur la propri\u00e9t\u00e9 intellectuelle de la Soci\u00e9t\u00e9.<\/p>\n\n\n\n<h3 class=\"gb-headline gb-headline-1d542d56\"><span class=\"gb-icon\"><svg viewbox=\"0 0 60 4.688\" xmlns=\"https:\/\/www.w3.org\/2000\/svg\"><path d=\"M57.656 0H2.344a2.343 2.343 0 100 4.688h55.312a2.344 2.344 0 000-4.688z\"><\/path><\/svg><\/span><span class=\"gb-headline-text\">Les mat\u00e9riaux de l&#039;entreprise<\/span><\/h3>\n\n\n\n<p class=\"gb-headline gb-headline-5f88c03e gb-headline-text\">En publiant, t\u00e9l\u00e9chargeant, saisissant, fournissant ou soumettant votre Contenu, vous autorisez la Soci\u00e9t\u00e9 \u00e0 utiliser votre Contenu dans le cadre de l&#039;exploitation des activit\u00e9s de la Soci\u00e9t\u00e9, y compris, mais sans s&#039;y limiter, les droits de transmettre, afficher publiquement, distribuer, ex\u00e9cuter publiquement, copier , reproduire et traduire votre Contenu\u00a0; et de publier votre nom en relation avec votre Contenu.<\/p>\n\n\n\n<p class=\"gb-headline gb-headline-216ce585 gb-headline-text\">Aucune indemnit\u00e9 ne sera vers\u00e9e au titre de l&#039;utilisation de votre Contenu. La Soci\u00e9t\u00e9 n&#039;a aucune obligation de publier ou de profiter de tout Contenu que vous pouvez nous envoyer et peut supprimer votre Contenu \u00e0 tout moment.<\/p>\n\n\n\n<p class=\"gb-headline gb-headline-ef93ccda gb-headline-text\">En publiant, t\u00e9l\u00e9chargeant, saisissant, fournissant ou soumettant votre Contenu, vous garantissez et d\u00e9clarez que vous poss\u00e9dez tous les droits sur votre Contenu.<\/p>\n\n\n\n<h3 class=\"gb-headline gb-headline-bd24058b\"><span class=\"gb-icon\"><svg viewbox=\"0 0 60 4.688\" xmlns=\"https:\/\/www.w3.org\/2000\/svg\"><path d=\"M57.656 0H2.344a2.343 2.343 0 100 4.688h55.312a2.344 2.344 0 000-4.688z\"><\/path><\/svg><\/span><span class=\"gb-headline-text\">Les mat\u00e9riaux de l&#039;entreprise<\/span><\/h3>\n\n\n\n<p class=\"gb-headline gb-headline-de8b587b gb-headline-text\">Les informations disponibles via le site peuvent contenir des erreurs typographiques ou des inexactitudes. La Soci\u00e9t\u00e9 ne saurait \u00eatre tenue responsable de ces inexactitudes et erreurs.<\/p>\n\n\n\n<p class=\"gb-headline gb-headline-118319f8 gb-headline-text\">La Soci\u00e9t\u00e9 ne fait aucune d\u00e9claration quant \u00e0 la disponibilit\u00e9, l&#039;exactitude, la fiabilit\u00e9, la pertinence et l&#039;actualit\u00e9 du Contenu et des services disponibles sur le site Web. Dans toute la mesure permise par la loi applicable, tous ces Contenus et services sont fournis \u00ab\u00a0tels quels\u00a0\u00bb. La Soci\u00e9t\u00e9 d\u00e9cline toutes les garanties et conditions concernant ce Contenu et ces services, y compris les garanties et dispositions de qualit\u00e9 marchande, d&#039;ad\u00e9quation \u00e0 un certain usage.<\/p>\n\n\n\n<p class=\"gb-headline gb-headline-b98d4bc2 gb-headline-text\">Dans la mesure maximale permise par la loi applicable, la Soci\u00e9t\u00e9 ne sera en aucun cas responsable des dommages directs, indirects, accessoires, cons\u00e9cutifs, sp\u00e9ciaux, punitifs, y compris, mais sans s&#039;y limiter, les dommages pour perte de jouissance, de donn\u00e9es ou de profits, en le lien avec la jouissance ou l&#039;ex\u00e9cution du site Web dans le contexte de l&#039;impossibilit\u00e9 ou du retard de profiter du site Web ou de ses services, ou pour tout contenu du site Web, ou r\u00e9sultant de la jouissance du site Web, sur la base d&#039;un contrat et non -responsabilit\u00e9 contractuelle ou autre raison.<\/p>\n\n\n\n<p class=\"gb-headline gb-headline-876d1315 gb-headline-text\">Si l&#039;exclusion ou la limitation de responsabilit\u00e9 pour les dommages, qu&#039;ils soient cons\u00e9cutifs ou accessoires, sont interdites dans un cas particulier, l&#039;exclusion ou la limitation de responsabilit\u00e9 ne s&#039;appliquera pas \u00e0 vous.<\/p>\n\n\n\n<h3 class=\"gb-headline gb-headline-710393c6\"><span class=\"gb-icon\"><svg viewbox=\"0 0 60 4.688\" xmlns=\"https:\/\/www.w3.org\/2000\/svg\"><path d=\"M57.656 0H2.344a2.343 2.343 0 100 4.688h55.312a2.344 2.344 0 000-4.688z\"><\/path><\/svg><\/span><span class=\"gb-headline-text\">Indemnit\u00e9<\/span><\/h3>\n\n\n\n<p class=\"gb-headline gb-headline-9d4b6a91 gb-headline-text\">Vous acceptez d&#039;indemniser, de d\u00e9fendre et de d\u00e9gager de toute responsabilit\u00e9 la Soci\u00e9t\u00e9, ses dirigeants, administrateurs, employ\u00e9s, agents et tiers, pour tous les co\u00fbts, pertes, d\u00e9penses (y compris les honoraires d&#039;avocat), responsabilit\u00e9s concernant ou d\u00e9coulant de votre jouissance ou incapacit\u00e9 pour profiter du site Web ou de ses services et des services et produits de la Soci\u00e9t\u00e9, votre violation des Conditions ou votre violation de tout droit de tiers, ou votre violation de la loi applicable. La Soci\u00e9t\u00e9 peut assumer la d\u00e9fense exclusive et vous devez coop\u00e9rer avec la Soci\u00e9t\u00e9 pour faire valoir toutes les d\u00e9fenses disponibles.<\/p>\n\n\n\n<h3 class=\"gb-headline gb-headline-5ac6df7c\"><span class=\"gb-icon\"><svg viewbox=\"0 0 60 4.688\" xmlns=\"https:\/\/www.w3.org\/2000\/svg\"><path d=\"M57.656 0H2.344a2.343 2.343 0 100 4.688h55.312a2.344 2.344 0 000-4.688z\"><\/path><\/svg><\/span><span class=\"gb-headline-text\">R\u00e9siliation et restriction d&#039;acc\u00e8s<\/span><\/h3>\n\n\n\n<p class=\"gb-headline gb-headline-5642661c gb-headline-text\">La Soci\u00e9t\u00e9 peut r\u00e9silier votre acc\u00e8s et votre compte au site Web et \u00e0 ses services connexes ou \u00e0 toute partie \u00e0 tout moment, sans pr\u00e9avis, en cas de violation des Conditions.<\/p>\n\n\n\n<h3 class=\"gb-headline gb-headline-2d957027\"><span class=\"gb-icon\"><svg viewbox=\"0 0 60 4.688\" xmlns=\"https:\/\/www.w3.org\/2000\/svg\"><path d=\"M57.656 0H2.344a2.343 2.343 0 100 4.688h55.312a2.344 2.344 0 000-4.688z\"><\/path><\/svg><\/span><span class=\"gb-headline-text\">Divers<\/span><\/h3>\n\n\n\n<p class=\"gb-headline gb-headline-56c52ba5 gb-headline-text\">La loi applicable aux Conditions sera le droit mat\u00e9riel du pays o\u00f9 la Soci\u00e9t\u00e9 est \u00e9tablie, \u00e0 l&#039;exception des r\u00e8gles de conflit de lois. Vous ne devez pas utiliser le site Web dans des juridictions qui ne donnent pas effet \u00e0 toutes les dispositions des Conditions.<\/p>\n\n\n\n<p class=\"gb-headline gb-headline-6435ab92 gb-headline-text\">Aucune coentreprise, partenariat, emploi ou relation d&#039;agence ne sera implicite entre vous et la Soci\u00e9t\u00e9 en raison des Conditions ou de l&#039;utilisation du site Web.<\/p>\n\n\n\n<p class=\"gb-headline gb-headline-f63c2377 gb-headline-text\">Rien dans les Conditions ne constitue une d\u00e9rogation au droit de la Soci\u00e9t\u00e9 de se conformer aux demandes ou exigences gouvernementales, judiciaires, polici\u00e8res et polici\u00e8res concernant votre utilisation du site Web.<\/p>\n\n\n\n<p class=\"gb-headline gb-headline-5aacc676 gb-headline-text\">Si une partie des Conditions est jug\u00e9e nulle ou inapplicable conform\u00e9ment \u00e0 la loi applicable, les clauses nulles ou inapplicables seront r\u00e9put\u00e9es remplac\u00e9es par des clauses valides et ex\u00e9cutoires qui seront similaires \u00e0 la version originale des Conditions et aux autres parties et sections des Les conditions s&#039;appliqueront \u00e0 vous et \u00e0 la Soci\u00e9t\u00e9.<\/p>\n\n\n\n<p class=\"gb-headline gb-headline-c0a8908f gb-headline-text\">Les Conditions constituent l&#039;int\u00e9gralit\u00e9 de l&#039;accord entre vous et la Soci\u00e9t\u00e9 concernant la jouissance du site Web et les Conditions remplacent toutes les communications et offres ant\u00e9rieures, qu&#039;elles soient \u00e9lectroniques, orales ou \u00e9crites, entre vous et la Soci\u00e9t\u00e9.<\/p>\n\n\n\n<p class=\"gb-headline gb-headline-7ce21a07 gb-headline-text\">La Soci\u00e9t\u00e9 et ses soci\u00e9t\u00e9s affili\u00e9es ne seront pas responsables d&#039;un manquement ou d&#039;un retard \u00e0 remplir ses obligations lorsque le manquement ou le retard r\u00e9sulte de toute cause ind\u00e9pendante de la volont\u00e9 de la Soci\u00e9t\u00e9, y compris les d\u00e9faillances techniques, les catastrophes naturelles, les blocages, les embargos, les \u00e9meutes, les actes, la r\u00e9glementation, la l\u00e9gislation , ou les ordres du gouvernement, les actes terroristes, la guerre ou toute autre force ind\u00e9pendante de la volont\u00e9 de la Soci\u00e9t\u00e9.<\/p>\n\n\n\n<p class=\"gb-headline gb-headline-789302c8 gb-headline-text\">En cas de controverses, demandes, r\u00e9clamations, diff\u00e9rends ou causes d&#039;action entre la Soci\u00e9t\u00e9 et vous concernant le site Web ou d&#039;autres probl\u00e8mes connexes, ou les Conditions, vous et la Soci\u00e9t\u00e9 acceptez de tenter de r\u00e9soudre ces controverses, demandes, r\u00e9clamations, diff\u00e9rends , ou des causes d&#039;action par n\u00e9gociation de bonne foi, et en cas d&#039;\u00e9chec de cette n\u00e9gociation, exclusivement devant les tribunaux du pays o\u00f9 la Soci\u00e9t\u00e9 est constitu\u00e9e.<\/p>\n\n\n\n<h3 class=\"gb-headline gb-headline-d3bce61d\"><span class=\"gb-icon\"><svg viewbox=\"0 0 60 4.688\" xmlns=\"https:\/\/www.w3.org\/2000\/svg\"><path d=\"M57.656 0H2.344a2.343 2.343 0 100 4.688h55.312a2.344 2.344 0 000-4.688z\"><\/path><\/svg><\/span><span class=\"gb-headline-text\">Plaintes<\/span><\/h3>\n\n\n\n<p class=\"gb-headline gb-headline-59c4f053 gb-headline-text\">Nous nous engageons \u00e0 r\u00e9soudre toute r\u00e9clamation concernant notre collecte ou notre utilisation de vos donn\u00e9es personnelles. Si vous souhaitez d\u00e9poser une plainte concernant ces Conditions ou nos pratiques en ce qui concerne vos donn\u00e9es personnelles, veuillez nous contacter via notre site Web. Nous r\u00e9pondrons \u00e0 votre r\u00e9clamation dans les plus brefs d\u00e9lais et en tout \u00e9tat de cause, dans un d\u00e9lai de 30 jours. Nous esp\u00e9rons r\u00e9soudre toute plainte port\u00e9e \u00e0 notre attention, cependant, si vous estimez que votre plainte n&#039;a pas \u00e9t\u00e9 r\u00e9solue de mani\u00e8re ad\u00e9quate, vous vous r\u00e9servez le droit de contacter votre autorit\u00e9 locale de contr\u00f4le de la protection des donn\u00e9es.<\/p>\n\n\n\n<h3 class=\"gb-headline gb-headline-67e627a4\"><span class=\"gb-icon\"><svg viewbox=\"0 0 60 4.688\" xmlns=\"https:\/\/www.w3.org\/2000\/svg\"><path d=\"M57.656 0H2.344a2.343 2.343 0 100 4.688h55.312a2.344 2.344 0 000-4.688z\"><\/path><\/svg><\/span><span class=\"gb-headline-text\">Coordonn\u00e9es<\/span><\/h3>\n\n\n\n<p class=\"gb-headline gb-headline-1d2a1a20 gb-headline-text\">Nous accueillons vos commentaires ou questions sur nos Conditions. Vous pouvez nous contacter via les coordonn\u00e9es disponibles sur notre site Web.<\/p>\n\n<\/div><\/div>","protected":false},"excerpt":{"rendered":"","protected":false},"author":1,"featured_media":0,"parent":0,"menu_order":0,"comment_status":"closed","ping_status":"closed","template":"","meta":{"_generate-full-width-content":"true"},"yoast_head":"<!-- This site is optimized with the Yoast SEO Premium plugin v16.3 (Yoast SEO v16.3) - https:\/\/yoast.com\/wordpress\/plugins\/seo\/ -->\n<title>Terms of Service<\/title>\n<meta name=\"description\" content=\"Please read the following information carefully to understand our practices regarding your use of the website.\" \/>\n<meta name=\"robots\" content=\"index, follow, max-snippet:-1, max-image-preview:large, max-video-preview:-1\" \/>\n<link rel=\"canonical\" href=\"https:\/\/www.ifindpass.com\/fr\/terms-of-service\/\" \/>\n<meta property=\"og:locale\" content=\"fr_FR\" \/>\n<meta property=\"og:type\" content=\"article\" \/>\n<meta property=\"og:title\" content=\"Terms of Service\" \/>\n<meta property=\"og:description\" content=\"Please read the following information carefully to understand our practices regarding your use of the website.\" \/>\n<meta property=\"og:url\" content=\"https:\/\/www.ifindpass.com\/fr\/terms-of-service\/\" \/>\n<meta property=\"og:site_name\" content=\"iFindPass\" \/>\n<meta property=\"article:modified_time\" content=\"2021-09-28T01:34:51+00:00\" \/>\n<meta name=\"twitter:card\" content=\"summary_large_image\" \/>\n<meta name=\"twitter:label1\" content=\"Dur\u00e9e de lecture est.\">\n\t<meta name=\"twitter:data1\" content=\"7 minutes\">\n<script type=\"application\/ld+json\" class=\"yoast-schema-graph\">{\"@context\":\"https:\/\/schema.org\",\"@graph\":[{\"@type\":\"WebSite\",\"@id\":\"https:\/\/www.ifindpass.com\/fr\/#website\",\"url\":\"https:\/\/www.ifindpass.com\/fr\/\",\"name\":\"iFindPass\",\"description\":\"Password Recovery\",\"potentialAction\":[{\"@type\":\"SearchAction\",\"target\":\"https:\/\/www.ifindpass.com\/fr\/?s={search_term_string}\",\"query-input\":\"required name=search_term_string\"}],\"inLanguage\":\"fr-FR\"},{\"@type\":\"WebPage\",\"@id\":\"https:\/\/www.ifindpass.com\/fr\/terms-of-service\/#webpage\",\"url\":\"https:\/\/www.ifindpass.com\/fr\/terms-of-service\/\",\"name\":\"Terms of Service\",\"isPartOf\":{\"@id\":\"https:\/\/www.ifindpass.com\/fr\/#website\"},\"datePublished\":\"2021-06-23T10:14:10+00:00\",\"dateModified\":\"2021-09-28T01:34:51+00:00\",\"description\":\"Please read the following information carefully to understand our practices regarding your use of the website.\",\"breadcrumb\":{\"@id\":\"https:\/\/www.ifindpass.com\/fr\/terms-of-service\/#breadcrumb\"},\"inLanguage\":\"fr-FR\",\"potentialAction\":[{\"@type\":\"ReadAction\",\"target\":[\"https:\/\/www.ifindpass.com\/fr\/terms-of-service\/\"]}]},{\"@type\":\"BreadcrumbList\",\"@id\":\"https:\/\/www.ifindpass.com\/fr\/terms-of-service\/#breadcrumb\",\"itemListElement\":[{\"@type\":\"ListItem\",\"position\":1,\"item\":{\"@id\":\"https:\/\/www.ifindpass.com\/fr\/terms-of-service\/#webpage\"}}]}]}<\/script>\n<!-- \/ Yoast SEO Premium plugin. -->","_links":{"self":[{"href":"https:\/\/www.ifindpass.com\/fr\/wp-json\/wp\/v2\/pages\/3224"}],"collection":[{"href":"https:\/\/www.ifindpass.com\/fr\/wp-json\/wp\/v2\/pages"}],"about":[{"href":"https:\/\/www.ifindpass.com\/fr\/wp-json\/wp\/v2\/types\/page"}],"author":[{"embeddable":true,"href":"https:\/\/www.ifindpass.com\/fr\/wp-json\/wp\/v2\/users\/1"}],"replies":[{"embeddable":true,"href":"https:\/\/www.ifindpass.com\/fr\/wp-json\/wp\/v2\/comments?post=3224"}],"version-history":[{"count":2,"href":"https:\/\/www.ifindpass.com\/fr\/wp-json\/wp\/v2\/pages\/3224\/revisions"}],"predecessor-version":[{"id":4670,"href":"https:\/\/www.ifindpass.com\/fr\/wp-json\/wp\/v2\/pages\/3224\/revisions\/4670"}],"wp:attachment":[{"href":"https:\/\/www.ifindpass.com\/fr\/wp-json\/wp\/v2\/media?parent=3224"}],"curies":[{"name":"wp","href":"https:\/\/api.w.org\/{rel}","templated":true}]}}