{"id":4007,"date":"2021-07-12T09:16:59","date_gmt":"2021-07-12T09:16:59","guid":{"rendered":"https:\/\/www.ifindpass.com\/?page_id=4007"},"modified":"2021-07-27T01:27:21","modified_gmt":"2021-07-27T01:27:21","slug":"return-policy","status":"publish","type":"page","link":"https:\/\/www.ifindpass.com\/de\/return-policy\/","title":{"rendered":"R\u00fccknahmegarantie"},"content":{"rendered":"<div class=\"gb-container gb-container-6d264d71 gb-headline gb-headline-0fcd8a68\"><div class=\"gb-inside-container\">\n<div class=\"gb-grid-wrapper gb-grid-wrapper-b75a8e92\">\n<div class=\"gb-grid-column gb-grid-column-cc09e3e0\"><div class=\"gb-container gb-container-cc09e3e0\"><div class=\"gb-inside-container\">\n\n<h1 class=\"gb-headline gb-headline-0fcd8a68 gb-headline-text\">R\u00fcckgaberecht<\/h1>\n\n\n\n<p class=\"gb-headline gb-headline-e0de5141 gb-headline-text\"><\/p>\n\n<\/div><\/div><\/div>\n<\/div>\n<\/div><\/div>\n\n<div class=\"gb-container gb-container-a1aaac52 wp-block-image size-large is-resized\"><div class=\"gb-inside-container\">\n<div class=\"gb-grid-wrapper gb-grid-wrapper-086e17e1\">\n<div class=\"gb-grid-column gb-grid-column-417290a3\"><div class=\"gb-container gb-container-417290a3\"><div class=\"gb-inside-container\">\n\n<p>Unsere Website verf\u00fcgt \u00fcber ein automatisches System zur \u00dcberpr\u00fcfung aller Kundenbestellungen. Auf diese Weise k\u00f6nnen wir Fehler vermeiden, aber in seltenen F\u00e4llen, wenn das wiederhergestellte Passwort falsch ist, k\u00f6nnen wir Sie entsch\u00e4digen. Es h\u00e4ngt alles von Ihrer Wahl ab! Entweder l\u00f6sen wir das Problem oder erstatten Ihr Geld innerhalb von drei Werktagen.<\/p>\n\n\n\n<h2 class=\"gb-headline gb-headline-5275f094 gb-headline-text\">Kunden Bestellung<\/h2>\n\n\n\n<p class=\"gb-headline gb-headline-7a2681ce gb-headline-text\">Sie k\u00f6nnen kundenspezifische Bestellungen \u00fcber die benutzerdefinierte Anfrageseite aufgeben. Wenn die Seite nicht reagiert, k\u00f6nnen Sie sich an unser technisches Team wenden. Die Sonderanfertigungen sind:<\/p>\n\n\n\n<p class=\"gb-headline gb-headline-34024260\"><span class=\"gb-icon\"><svg aria-hidden=\"true\" height=\"1em\" width=\"1em\" viewbox=\"0 0 256 512\" xmlns=\"http:\/\/www.w3.org\/2000\/svg\"><path fill=\"currentColor\" d=\"M224.3 273l-136 136c-9.4 9.4-24.6 9.4-33.9 0l-22.6-22.6c-9.4-9.4-9.4-24.6 0-33.9l96.4-96.4-96.4-96.4c-9.4-9.4-9.4-24.6 0-33.9L54.3 103c9.4-9.4 24.6-9.4 33.9 0l136 136c9.5 9.4 9.5 24.6.1 34z\"><\/path><\/svg><\/span><span class=\"gb-headline-text\"><strong>1. Passwortwiederherstellung der Datei, die nicht in der Formatliste aufgef\u00fchrt ist.<\/strong><\/span><\/p>\n\n\n\n<p class=\"gb-headline gb-headline-b91cd9b0\"><span class=\"gb-icon\"><svg aria-hidden=\"true\" height=\"1em\" width=\"1em\" viewbox=\"0 0 256 512\" xmlns=\"http:\/\/www.w3.org\/2000\/svg\"><path fill=\"currentColor\" d=\"M224.3 273l-136 136c-9.4 9.4-24.6 9.4-33.9 0l-22.6-22.6c-9.4-9.4-9.4-24.6 0-33.9l96.4-96.4-96.4-96.4c-9.4-9.4-9.4-24.6 0-33.9L54.3 103c9.4-9.4 24.6-9.4 33.9 0l136 136c9.5 9.4 9.5 24.6.1 34z\"><\/path><\/svg><\/span><span class=\"gb-headline-text\"><strong>2. Wir bieten auch eine Sonderanfertigung von Brute-Forcing mit Maske an.<\/strong><\/span><\/p>\n\n\n\n<p class=\"gb-headline gb-headline-81c795ac\"><span class=\"gb-icon\"><svg aria-hidden=\"true\" height=\"1em\" width=\"1em\" viewbox=\"0 0 256 512\" xmlns=\"http:\/\/www.w3.org\/2000\/svg\"><path fill=\"currentColor\" d=\"M224.3 273l-136 136c-9.4 9.4-24.6 9.4-33.9 0l-22.6-22.6c-9.4-9.4-9.4-24.6 0-33.9l96.4-96.4-96.4-96.4c-9.4-9.4-9.4-24.6 0-33.9L54.3 103c9.4-9.4 24.6-9.4 33.9 0l136 136c9.5 9.4 9.5 24.6.1 34z\"><\/path><\/svg><\/span><span class=\"gb-headline-text\"><strong>3. Alle Arbeiten, die nach individueller Vereinbarung durchgef\u00fchrt werden m\u00fcssen.<\/strong><\/span><\/p>\n\n\n\n<p class=\"gb-headline gb-headline-bbc64fd8 gb-headline-text\"><strong>Wir stellen sicher, dass alle oben genannten Bestellungen mit einer fairen R\u00fcckerstattungsrichtlinie versehen werden. Es gibt jedoch kein R\u00fcckgaberecht f\u00fcr nicht angenommene Bestellungen.<\/strong><\/p>\n\n\n\n<h2 class=\"gb-headline gb-headline-96640c50 gb-headline-text\">Allgemeine Gesch\u00e4ftsbedingungen<\/h2>\n\n\n\n<p class=\"gb-headline gb-headline-aaf765ad gb-headline-text\">In dem Moment, in dem Sie unsere Dienste akzeptieren, erkl\u00e4ren Sie sich mit den Bedingungen einverstanden, dass Sie keine Gesetze zum Urheberrecht oder Datenschutz in Ihrer Region verletzen. Dar\u00fcber hinaus geben Sie eine Erkl\u00e4rung ab, dass Sie die Wiederherstellungsdienste als Urheberrechtsinhaber nutzen.<\/p>\n\n\n\n<p class=\"gb-headline gb-headline-84d21672 gb-headline-text\">Gleichzeitig \u00fcbernimmt unsere Website keine Verantwortung, wenn Sie bei der Angabe der Passwortstruktur einen Fehler gemacht haben. Au\u00dferdem haftet iFindPass.com unter keinen Umst\u00e4nden f\u00fcr zuf\u00e4llige, Folge-, direkte, indirekte oder besondere Sch\u00e4den.<\/p>\n\n<\/div><\/div><\/div>\n<\/div>\n<\/div><\/div>","protected":false},"excerpt":{"rendered":"","protected":false},"author":1,"featured_media":0,"parent":0,"menu_order":0,"comment_status":"closed","ping_status":"closed","template":"","meta":{"_generate-full-width-content":"true"},"yoast_head":"<!-- This site is optimized with the Yoast SEO Premium plugin v16.3 (Yoast SEO v16.3) - https:\/\/yoast.com\/wordpress\/plugins\/seo\/ -->\n<title>Refund Policy<\/title>\n<meta name=\"description\" content=\"Here in this page you can learn about our policies and conditions regarding your purchases and refunds. please read carefully before taking orders.\" \/>\n<meta name=\"robots\" content=\"index, follow, max-snippet:-1, max-image-preview:large, max-video-preview:-1\" \/>\n<link rel=\"canonical\" href=\"https:\/\/www.ifindpass.com\/de\/return-policy\/\" \/>\n<meta property=\"og:locale\" content=\"de_DE\" \/>\n<meta property=\"og:type\" content=\"article\" \/>\n<meta property=\"og:title\" content=\"Refund Policy\" \/>\n<meta property=\"og:description\" content=\"Here in this page you can learn about our policies and conditions regarding your purchases and refunds. please read carefully before taking orders.\" \/>\n<meta property=\"og:url\" content=\"https:\/\/www.ifindpass.com\/de\/return-policy\/\" \/>\n<meta property=\"og:site_name\" content=\"iFindPass\" \/>\n<meta property=\"article:modified_time\" content=\"2021-07-27T01:27:21+00:00\" \/>\n<meta name=\"twitter:card\" content=\"summary_large_image\" \/>\n<meta name=\"twitter:label1\" content=\"Gesch\u00e4tzte Lesezeit\">\n\t<meta name=\"twitter:data1\" content=\"2 Minuten\">\n<script type=\"application\/ld+json\" class=\"yoast-schema-graph\">{\"@context\":\"https:\/\/schema.org\",\"@graph\":[{\"@type\":\"WebSite\",\"@id\":\"https:\/\/www.ifindpass.com\/fr\/#website\",\"url\":\"https:\/\/www.ifindpass.com\/fr\/\",\"name\":\"iFindPass\",\"description\":\"Password Recovery\",\"potentialAction\":[{\"@type\":\"SearchAction\",\"target\":\"https:\/\/www.ifindpass.com\/fr\/?s={search_term_string}\",\"query-input\":\"required name=search_term_string\"}],\"inLanguage\":\"de-DE\"},{\"@type\":\"WebPage\",\"@id\":\"https:\/\/www.ifindpass.com\/return-policy\/#webpage\",\"url\":\"https:\/\/www.ifindpass.com\/return-policy\/\",\"name\":\"Refund Policy\",\"isPartOf\":{\"@id\":\"https:\/\/www.ifindpass.com\/fr\/#website\"},\"datePublished\":\"2021-07-12T09:16:59+00:00\",\"dateModified\":\"2021-07-27T01:27:21+00:00\",\"description\":\"Here in this page you can learn about our policies and conditions regarding your purchases and refunds. please read carefully before taking orders.\",\"breadcrumb\":{\"@id\":\"https:\/\/www.ifindpass.com\/return-policy\/#breadcrumb\"},\"inLanguage\":\"de-DE\",\"potentialAction\":[{\"@type\":\"ReadAction\",\"target\":[\"https:\/\/www.ifindpass.com\/return-policy\/\"]}]},{\"@type\":\"BreadcrumbList\",\"@id\":\"https:\/\/www.ifindpass.com\/return-policy\/#breadcrumb\",\"itemListElement\":[{\"@type\":\"ListItem\",\"position\":1,\"item\":{\"@id\":\"https:\/\/www.ifindpass.com\/return-policy\/#webpage\"}}]}]}<\/script>\n<!-- \/ Yoast SEO Premium plugin. -->","_links":{"self":[{"href":"https:\/\/www.ifindpass.com\/de\/wp-json\/wp\/v2\/pages\/4007"}],"collection":[{"href":"https:\/\/www.ifindpass.com\/de\/wp-json\/wp\/v2\/pages"}],"about":[{"href":"https:\/\/www.ifindpass.com\/de\/wp-json\/wp\/v2\/types\/page"}],"author":[{"embeddable":true,"href":"https:\/\/www.ifindpass.com\/de\/wp-json\/wp\/v2\/users\/1"}],"replies":[{"embeddable":true,"href":"https:\/\/www.ifindpass.com\/de\/wp-json\/wp\/v2\/comments?post=4007"}],"version-history":[{"count":1,"href":"https:\/\/www.ifindpass.com\/de\/wp-json\/wp\/v2\/pages\/4007\/revisions"}],"predecessor-version":[{"id":4486,"href":"https:\/\/www.ifindpass.com\/de\/wp-json\/wp\/v2\/pages\/4007\/revisions\/4486"}],"wp:attachment":[{"href":"https:\/\/www.ifindpass.com\/de\/wp-json\/wp\/v2\/media?parent=4007"}],"curies":[{"name":"wp","href":"https:\/\/api.w.org\/{rel}","templated":true}]}}