{"id":3987,"date":"2021-07-12T08:19:03","date_gmt":"2021-07-12T08:19:03","guid":{"rendered":"https:\/\/www.ifindpass.com\/?page_id=3987"},"modified":"2021-07-26T07:17:01","modified_gmt":"2021-07-26T07:17:01","slug":"faq","status":"publish","type":"page","link":"https:\/\/www.ifindpass.com\/de\/faq\/","title":{"rendered":"FAQ"},"content":{"rendered":"<div class=\"gb-container gb-container-b34c6840 gb-headline gb-headline-0fcd8a68\"><div class=\"gb-inside-container\">\n<div class=\"gb-grid-wrapper gb-grid-wrapper-04a2c8c0\">\n<div class=\"gb-grid-column gb-grid-column-87aea20b\"><div class=\"gb-container gb-container-87aea20b\"><div class=\"gb-inside-container\">\n\n<h1 class=\"gb-headline gb-headline-6a46ab6b gb-headline-text\">H\u00e4ufig gestellte Fragen (FAQ)<\/h1>\n\n\n\n<p class=\"gb-headline gb-headline-55f6c2c3 gb-headline-text\">Irgendwelche Fragen? Hier sind die Antworten!<\/p>\n\n<\/div><\/div><\/div>\n<\/div>\n<\/div><\/div>\n\n<div class=\"gb-container gb-container-98d31005\"><div class=\"gb-inside-container\">\n\n<h2 class=\"gb-headline gb-headline-6798be46\"><span class=\"gb-icon\"><svg height=\"200\" width=\"200\" xmlns=\"http:\/\/www.w3.org\/2000\/svg\" version=\"1.1\" viewbox=\"0 0 1024 1024\" class=\"icon\"><path fill=\"#347aeb\" d=\"M767.146667 181.418667l94.592-19.456c19.541333-4.010667 39.466667 4.949333 49.408 22.314666l82.474666 143.445334c9.984 17.365333 7.765333 39.168-5.461333 54.186666l-64.042667 72.533334a424.490667 424.490667 0 0 1 0 115.114666l64 72.533334c13.269333 15.018667 15.488 36.821333 5.546667 54.186666l-82.517333 143.445334c-9.984 17.365333-29.866667 26.368-49.408 22.314666l-94.634667-19.456a416.213333 416.213333 0 0 1-99.242667 57.685334l-30.506666 91.904a46.378667 46.378667 0 0 1-43.946667 31.829333h-164.949333c-19.925333 0-37.589333-12.8-43.946667-31.829333L354.005333 900.266667a416.213333 416.213333 0 0 1-99.285333-57.685334l-94.634667 19.456a46.250667 46.250667 0 0 1-49.408-22.314666L28.245333 696.277333a46.72 46.72 0 0 1 5.461334-54.186666l64-72.533334a424.490667 424.490667 0 0 1 0-115.114666l-64-72.533334A46.72 46.72 0 0 1 28.16 327.68l82.474667-143.445333c9.984-17.365333 29.866667-26.325333 49.408-22.314667l94.634666 19.456A416.213333 416.213333 0 0 1 354.005333 123.733333L384.512 31.829333A46.378667 46.378667 0 0 1 428.458667 0h164.906666c19.925333 0 37.632 12.8 43.946667 31.829333l30.549333 91.904c35.541333 14.506667 68.949333 33.962667 99.242667 57.685334z m-256.213334 527.488c107.989333 0 195.541333-88.149333 195.541334-196.906667 0-108.8-87.552-196.906667-195.541334-196.906667C402.901333 315.093333 315.306667 403.2 315.306667 512c0 108.8 87.552 196.906667 195.584 196.906667z\"><\/path><\/svg><\/span><span class=\"gb-headline-text\">Allgemeine Fragen<\/span><\/h2>\n\n\n<div class=\"gb-container gb-container-ddd0a047\"><div class=\"gb-inside-container\">\n\n<h3 class=\"gb-headline gb-headline-ca622f81 gb-headline-text\">1. Erfordert dieser Vorgang die Installation von Programmen auf meinem PC?<\/h3>\n\n\n\n<p class=\"gb-headline gb-headline-b41c42a8 gb-headline-text\">Nein, diese Site erfordert keine anderen Programme und f\u00fchrt alle komplexen Berechnungen selbst durch. Alles, was Sie tun m\u00fcssen, ist Ihr Dokument hochzuladen und zu warten, bis Sie Ihr verlorenes Passwort wiederhergestellt haben. Sie m\u00fcssen sich nicht registrieren, schreiben Sie einfach Ihre E-Mail und wir werden Sie \u00fcber Ihr Ergebnis informieren.<\/p>\n\n<\/div><\/div>\n\n<div class=\"gb-container gb-container-9b073007\"><div class=\"gb-inside-container\">\n\n<h3 class=\"gb-headline gb-headline-e09001ba gb-headline-text\">2. Inwiefern sind Sie eine bessere Wahl als meine Programme zur Passwortwiederherstellung?<\/h3>\n\n\n\n<p class=\"gb-headline gb-headline-c00afeb2 gb-headline-text\">Wir sorgen daf\u00fcr, dass Ihre Aufgaben besser als jeder gew\u00f6hnliche Heimcomputer durch unseren viel leistungsf\u00e4higeren und leistungsf\u00e4higeren Computercluster erledigt werden. Wir erledigen Ihre Aufgabe innerhalb von Stunden, f\u00fcr die jeder Computer Tage ben\u00f6tigen w\u00fcrde. Au\u00dferdem zahlen Sie, nachdem Sie Ihr Passwort wiederhergestellt haben.<\/p>\n\n<\/div><\/div>\n\n<div class=\"gb-container gb-container-a35b8be1\"><div class=\"gb-inside-container\">\n\n<h3 class=\"gb-headline gb-headline-a30f254b gb-headline-text\">3. Sind meine Dateien auf Ihrer Website sicher?<\/h3>\n\n\n\n<p class=\"gb-headline gb-headline-00fc0b43 gb-headline-text\">Bestimmt! Die Website verwendet das sichere HTTPS-Protokoll, das den Schutz der gesendeten Daten gew\u00e4hrleistet. Die hochgeladenen Dokumente werden an einem sicheren Ort, dh einem verschl\u00fcsselten Speicher, aufbewahrt. Dar\u00fcber hinaus speichert der Server zum Schutz der Privatsph\u00e4re der Benutzer nur hochgeladene Dateien f\u00fcr nicht l\u00e4nger als 24 Stunden. Sobald die Hash-Schl\u00fcssel extrahiert wurden, werden sie alle dauerhaft gel\u00f6scht. Daher sind Ihre Bedenken hinsichtlich der Sicherheit Ihrer Datei gut aufgehoben.<\/p>\n\n<\/div><\/div>\n\n<div class=\"gb-container gb-container-b3e0aa57\"><div class=\"gb-inside-container\">\n\n<h3 class=\"gb-headline gb-headline-dfc8d566 gb-headline-text\">4. K\u00f6nnen Sie das Passwort einfach aus meinem Dokument entfernen?<\/h3>\n\n\n\n<p class=\"gb-headline gb-headline-92d20f0c gb-headline-text\">Wenn Sie das Passwort kennen, k\u00f6nnen Sie den Passwortschutz selbst aufheben. Wenn Sie ein Passwort aus einer PDF-Datei entfernen m\u00f6chten, k\u00f6nnen Sie das <a href=\"https:\/\/www.ifindpass.com\/de\/free-pdf-password-unlocker\/\">Kostenloses PDF-Entsperr-Tool <\/a>auf unserer Seite, und auch das ist absolut kostenlos. Wenn Sie das Kennwort jedoch verloren haben, m\u00fcssen Sie es zun\u00e4chst wiederherstellen, indem Sie die Datei entsperren.<\/p>\n\n<\/div><\/div>\n\n<div class=\"gb-container gb-container-789ec04b\"><div class=\"gb-inside-container\">\n\n<h3 class=\"gb-headline gb-headline-a9f6db17 gb-headline-text\">5. Was ist Ihre Garantie, um mein Passwort erfolgreich wiederherzustellen?<\/h3>\n\n\n\n<p class=\"gb-headline gb-headline-610c972b gb-headline-text\">Nein, wir k\u00f6nnen 100% keinen Erfolg beim Knacken des Passworts garantieren.<br>Aber laut unseren Statistiken helfen wir Benutzern in 81% F\u00e4llen, verlorene Passw\u00f6rter erfolgreich wiederherzustellen. Wir werden uns kontinuierlich bem\u00fchen, die Erfolgsquote unseres Passwort-Crackings zu verbessern.<br>Um mehr dar\u00fcber zu erfahren, lesen Sie den Abschnitt \u00fcber &#039;<a href=\"https:\/\/www.ifindpass.com\/de\/recovery-chances\/\">Heilungschancen<\/a>'.<br>Wenn Sie mit der Maske eine Brute Force bestellen, k\u00f6nnen wir sicherstellen, dass alle Versionen der Maske getestet werden und alle Bedingungen erf\u00fcllt sind.<\/p>\n\n<\/div><\/div>\n\n<div class=\"gb-container gb-container-af140376\"><div class=\"gb-inside-container\">\n\n<h3 class=\"gb-headline gb-headline-1271b8b2 gb-headline-text\">6. Wie lange dauert der gesamte Prozess?<\/h3>\n\n\n\n<p class=\"gb-headline gb-headline-df000a01 gb-headline-text\">Der Prozess der Passwortwiederherstellung dauert hier einige Minuten bis maximal 24 Stunden. Wenn wir es mit einer Brute-Force-Situation mit Maske zu tun haben, wird der Zeitaufwand durch die Gesamtzahl der separat beschriebenen m\u00f6glichen Varianten bestimmt. Die ben\u00f6tigte Zeit kann auch je nach Dateiformat variieren.<\/p>\n\n<\/div><\/div>\n\n<div class=\"gb-container gb-container-714b5349\"><div class=\"gb-inside-container\">\n\n<h3 class=\"gb-headline gb-headline-41248257 gb-headline-text\">7. Kann ich das Browserfenster w\u00e4hrend meiner Passwortwiederherstellung schlie\u00dfen?<\/h3>\n\n\n\n<p class=\"gb-headline gb-headline-f34fda5a gb-headline-text\">Bestimmt! Sie m\u00fcssen nicht im selben Browserfenster warten, w\u00e4hrend wir unsere Arbeit ausf\u00fchren. Sie m\u00fcssen nur die URL irgendwo kopieren und \u00fcberpr\u00fcfen. Kommen Sie nach ein paar Stunden wieder, um den Status zu sehen. Sie sollten eine korrekte E-Mail-Adresse hinterlassen und wir werden Sie benachrichtigen, wenn dies erledigt ist.<\/p>\n\n<\/div><\/div>\n<\/div><\/div>\n\n<div class=\"gb-container gb-container-2d2ca13e\"><div class=\"gb-inside-container\">\n\n<h2 class=\"gb-headline gb-headline-91562628\"><span class=\"gb-icon\"><svg height=\"200\" width=\"200\" xmlns=\"http:\/\/www.w3.org\/2000\/svg\" version=\"1.1\" viewbox=\"0 0 1024 1024\" class=\"icon\"><path fill=\"#347aeb\" d=\"M1002.663804 918.949306c0.170666 13.994585-2.431986 27.946504-7.679955 40.959761-5.205303 11.946597-12.03193 23.125198-20.309215 33.279806a97.364765 97.364765 0 0 1-33.023807 23.125199 105.684717 105.684717 0 0 1-40.703763 7.679955H130.690224a108.244702 108.244702 0 0 1-76.244888-30.805154 101.332742 101.332742 0 0 1-25.429185-30.719821 106.068715 106.068715 0 0 1-7.679955-41.045094V337.278033a98.900756 98.900756 0 0 1 30.506488-74.239567 101.460741 101.460741 0 0 1 73.72757-30.719821h770.342173a97.706097 97.706097 0 0 1 73.72757 30.719821c19.797218 19.583886 30.805154 46.378396 30.506489 74.239567v158.847073h-259.41182a97.279433 97.279433 0 0 0-73.642237 30.719821 102.996733 102.996733 0 0 0-30.549156 74.3249c0 18.687891 4.351975 37.119783 12.757259 53.759686 6.31463 14.847913 16.938568 27.349174 30.506489 35.925124 18.34656 11.093269 39.551769 16.469237 60.970311 15.35991H1002.663804v212.734759zM835.624779 179.454953H313.601157c40.319765-23.381197 80.63953-44.159742 115.967324-64.980954 32.853142-18.21856 63.060965-33.834469 95.828774-51.967697 30.25049-18.21856 55.637009-31.231818 73.13024-41.68509C619.946037 7.765288 644.265895 0.59733 669.22575 0c18.090561 0.469331 36.010457 4.010643 52.906358 10.410606 16.298572 8.319951 30.890486 19.797218 42.922416 33.877136l70.570255 135.167211z m-146.132481 420.904212a52.607693 52.607693 0 0 1 43.007749-50.559705 52.095696 52.095696 0 0 1 57.599664 32.383811 53.11969 53.11969 0 0 1-19.711885 63.615629 51.754365 51.754365 0 0 1-65.62095-6.741295 52.735692 52.735692 0 0 1-15.274578-38.69844z\"><\/path><\/svg><\/span><span class=\"gb-headline-text\">Zahlungen<\/span><\/h2>\n\n\n<div class=\"gb-container gb-container-b03ea8e3\"><div class=\"gb-inside-container\">\n\n<h3 class=\"gb-headline gb-headline-086fe34a gb-headline-text\">1. Was ist die Zahlungsmethode?<\/h3>\n\n\n\n<p class=\"gb-headline gb-headline-76a17136 gb-headline-text\">Damit Sie bezahlen k\u00f6nnen, sind viele Zahlungssysteme funktionsf\u00e4hig. Die meisten von ihnen sind weltweit, w\u00e4hrend die anderen in ihren jeweiligen L\u00e4ndern funktionieren. Einige der Zahlungssysteme umfassen PayPal, Apple Pay, Bitcoin, Kredit-\/Debitkarte, Echtzeit-Bank\u00fcberweisung usw.<\/p>\n\n<\/div><\/div>\n\n<div class=\"gb-container gb-container-e5b464cf\"><div class=\"gb-inside-container\">\n\n<h3 class=\"gb-headline gb-headline-08035890 gb-headline-text\">2. Kann ich mein Passwort kostenlos wiederherstellen?<\/h3>\n\n\n\n<p class=\"gb-headline gb-headline-9560f6c1 gb-headline-text\">Jawohl! Wenn Sie ein schwaches Passwort wiederherstellen m\u00f6chten, k\u00f6nnen Sie dies absolut kostenlos tun! Sie m\u00fcssen jedoch f\u00fcr die Bestellung zur Wiederherstellung starker Kennw\u00f6rter bezahlen, die Sie aufgeben, nachdem Ihre Kennw\u00f6rter erfolgreich wiederhergestellt wurden. Wenn Ihr Wiederherstellungsprozess fehlschl\u00e4gt, m\u00fcssen Sie nicht bezahlen. Brute-Force-Cracking mit einer Maske muss ohne R\u00fcckerstattung im Voraus bezahlt werden.<\/p>\n\n<\/div><\/div>\n<\/div><\/div>\n\n<div class=\"gb-container gb-container-29e1c1b3\"><div class=\"gb-inside-container\">\n\n<h2 class=\"gb-headline gb-headline-33f8fb56\"><span class=\"gb-icon\"><svg height=\"200\" width=\"200\" xmlns=\"http:\/\/www.w3.org\/2000\/svg\" version=\"1.1\" viewbox=\"0 0 1024 1024\" class=\"icon\"><path fill=\"#347aeb\" d=\"M641.243429 320.658286c-31.305143-28.16-66.56-42.276571-106.203429-42.276572-11.483429-0.585143-21.138286 8.996571-21.723429 20.48v1.316572c-0.658286 12.8 8.923429 21.723429 21.723429 21.723428 26.258286 0 50.541714 10.24 73.581714 32.036572 23.04 21.065143 34.596571 47.981714 34.596572 79.36a21.942857 21.942857 0 0 0 21.723428 21.723428 22.893714 22.893714 0 0 0 21.796572-21.723428c0-47.396571-14.774857-84.48-45.494857-112.64zM1024 887.661714V136.338286A136.850286 136.850286 0 0 0 887.661714 0H136.338286A136.850286 136.850286 0 0 0 0 136.338286v750.665143C0 962.413714 60.928 1023.634286 136.338286 1024h750.665143A137.801143 137.801143 0 0 0 1024 887.661714z m-401.261714-137.508571v27.501714h0.585143c0 30.72-24.941714 55.734857-55.661715 55.734857H456.338286a55.734857 55.734857 0 0 1-55.734857-55.734857v-27.574857h222.134857z m65.901714-488.96a258.413714 258.413714 0 0 1 25.6 351.305143c-17.92 22.454857-87.04 55.734857-96.621714 97.28H400.018286c-9.654857-40.96-72.338286-74.825143-90.258286-97.28a258.56 258.56 0 0 1 26.258286-351.305143 259.437714 259.437714 0 0 1 352.548571 0z\"><\/path><\/svg><\/span><span class=\"gb-headline-text\">Benutzerdefinierte Anfragen<\/span><\/h2>\n\n\n<div class=\"gb-container gb-container-a53436e7\"><div class=\"gb-inside-container\">\n\n<h3 class=\"gb-headline gb-headline-4b056306 gb-headline-text\">1. Was tun bei einer sehr privaten Datei, die nicht gesendet werden kann?<\/h3>\n\n\n\n<p class=\"gb-headline gb-headline-e8b6db52 gb-headline-text\">Wir k\u00f6nnen das Passwort aus den technischen Serviceinformationen wiederherstellen, dh einen kurzen Hash-Wert, der keine geheimen Informationen enth\u00e4lt. Wenn Sie uns die Datei jedoch nicht senden m\u00f6chten, m\u00fcssen Sie deren Hash f\u00fcr den Wiederherstellungsprozess senden. Dies ist ein kundenspezifischer Service, bitte kontaktieren Sie uns, wenn Sie ihn ben\u00f6tigen: support@ifindpass.com<\/p>\n\n<\/div><\/div>\n\n<div class=\"gb-container gb-container-9ca965c1\"><div class=\"gb-inside-container\">\n\n<h3 class=\"gb-headline gb-headline-a0760ab8 gb-headline-text\">2. Welche Art von Dokumenten unterst\u00fctzen Sie?<\/h3>\n\n\n\n<p class=\"gb-headline gb-headline-d5f789aa gb-headline-text\">Auf dieser Site werden MS Office- und PDF-Dateien sowie RAR-, WinZip- und 7z-Archive unterst\u00fctzt. Einige Formate werden m\u00f6glicherweise nicht immer akzeptiert. Senden Sie uns in diesem Fall eine individuelle Anfrage. Befolgen Sie andernfalls die Anweisungen, und Sie k\u00f6nnen Ihr Passwort wiederherstellen.<\/p>\n\n<\/div><\/div>\n<\/div><\/div>","protected":false},"excerpt":{"rendered":"","protected":false},"author":1,"featured_media":0,"parent":0,"menu_order":0,"comment_status":"closed","ping_status":"closed","template":"","meta":{"_generate-full-width-content":"true"},"yoast_head":"<!-- This site is optimized with the Yoast SEO Premium plugin v16.3 (Yoast SEO v16.3) - https:\/\/yoast.com\/wordpress\/plugins\/seo\/ -->\n<title>iFindPass FAQs<\/title>\n<meta name=\"description\" content=\"Having questions? Here in this page you can find answers to various website-related questions you may have. Contact us if you still feel confused.\" \/>\n<meta name=\"robots\" content=\"index, follow, max-snippet:-1, max-image-preview:large, max-video-preview:-1\" \/>\n<link rel=\"canonical\" href=\"https:\/\/www.ifindpass.com\/de\/faq\/\" \/>\n<meta property=\"og:locale\" content=\"de_DE\" \/>\n<meta property=\"og:type\" content=\"article\" \/>\n<meta property=\"og:title\" content=\"iFindPass FAQs\" \/>\n<meta property=\"og:description\" content=\"Having questions? Here in this page you can find answers to various website-related questions you may have. Contact us if you still feel confused.\" \/>\n<meta property=\"og:url\" content=\"https:\/\/www.ifindpass.com\/de\/faq\/\" \/>\n<meta property=\"og:site_name\" content=\"iFindPass\" \/>\n<meta property=\"article:modified_time\" content=\"2021-07-26T07:17:01+00:00\" \/>\n<meta name=\"twitter:card\" content=\"summary_large_image\" \/>\n<meta name=\"twitter:label1\" content=\"Gesch\u00e4tzte Lesezeit\">\n\t<meta name=\"twitter:data1\" content=\"4 Minuten\">\n<script type=\"application\/ld+json\" class=\"yoast-schema-graph\">{\"@context\":\"https:\/\/schema.org\",\"@graph\":[{\"@type\":\"WebSite\",\"@id\":\"https:\/\/www.ifindpass.com\/fr\/#website\",\"url\":\"https:\/\/www.ifindpass.com\/fr\/\",\"name\":\"iFindPass\",\"description\":\"Password Recovery\",\"potentialAction\":[{\"@type\":\"SearchAction\",\"target\":\"https:\/\/www.ifindpass.com\/fr\/?s={search_term_string}\",\"query-input\":\"required name=search_term_string\"}],\"inLanguage\":\"de-DE\"},{\"@type\":\"WebPage\",\"@id\":\"https:\/\/www.ifindpass.com\/pt\/faq\/#webpage\",\"url\":\"https:\/\/www.ifindpass.com\/pt\/faq\/\",\"name\":\"iFindPass FAQs\",\"isPartOf\":{\"@id\":\"https:\/\/www.ifindpass.com\/fr\/#website\"},\"datePublished\":\"2021-07-12T08:19:03+00:00\",\"dateModified\":\"2021-07-26T07:17:01+00:00\",\"description\":\"Having questions? Here in this page you can find answers to various website-related questions you may have. Contact us if you still feel confused.\",\"breadcrumb\":{\"@id\":\"https:\/\/www.ifindpass.com\/pt\/faq\/#breadcrumb\"},\"inLanguage\":\"de-DE\",\"potentialAction\":[{\"@type\":\"ReadAction\",\"target\":[\"https:\/\/www.ifindpass.com\/pt\/faq\/\"]}]},{\"@type\":\"BreadcrumbList\",\"@id\":\"https:\/\/www.ifindpass.com\/pt\/faq\/#breadcrumb\",\"itemListElement\":[{\"@type\":\"ListItem\",\"position\":1,\"item\":{\"@id\":\"https:\/\/www.ifindpass.com\/pt\/faq\/#webpage\"}}]}]}<\/script>\n<!-- \/ Yoast SEO Premium plugin. -->","_links":{"self":[{"href":"https:\/\/www.ifindpass.com\/de\/wp-json\/wp\/v2\/pages\/3987"}],"collection":[{"href":"https:\/\/www.ifindpass.com\/de\/wp-json\/wp\/v2\/pages"}],"about":[{"href":"https:\/\/www.ifindpass.com\/de\/wp-json\/wp\/v2\/types\/page"}],"author":[{"embeddable":true,"href":"https:\/\/www.ifindpass.com\/de\/wp-json\/wp\/v2\/users\/1"}],"replies":[{"embeddable":true,"href":"https:\/\/www.ifindpass.com\/de\/wp-json\/wp\/v2\/comments?post=3987"}],"version-history":[{"count":1,"href":"https:\/\/www.ifindpass.com\/de\/wp-json\/wp\/v2\/pages\/3987\/revisions"}],"predecessor-version":[{"id":4458,"href":"https:\/\/www.ifindpass.com\/de\/wp-json\/wp\/v2\/pages\/3987\/revisions\/4458"}],"wp:attachment":[{"href":"https:\/\/www.ifindpass.com\/de\/wp-json\/wp\/v2\/media?parent=3987"}],"curies":[{"name":"wp","href":"https:\/\/api.w.org\/{rel}","templated":true}]}}