{"id":3224,"date":"2021-06-23T10:14:10","date_gmt":"2021-06-23T10:14:10","guid":{"rendered":"https:\/\/www.iseeguard.com\/?page_id=3224"},"modified":"2021-09-28T01:34:51","modified_gmt":"2021-09-28T01:34:51","slug":"terms-of-service","status":"publish","type":"page","link":"https:\/\/www.ifindpass.com\/de\/terms-of-service\/","title":{"rendered":"Nutzungsbedingungen"},"content":{"rendered":"<div class=\"gb-container gb-container-6d264d71 gb-headline gb-headline-0fcd8a68\"><div class=\"gb-inside-container\">\n<div class=\"gb-grid-wrapper gb-grid-wrapper-b75a8e92\">\n<div class=\"gb-grid-column gb-grid-column-cc09e3e0\"><div class=\"gb-container gb-container-cc09e3e0\"><div class=\"gb-inside-container\">\n\n<h1 class=\"gb-headline gb-headline-0fcd8a68 gb-headline-text\">Nutzungsbedingungen<\/h1>\n\n\n\n<p class=\"gb-headline gb-headline-53f88472 gb-headline-text\">Zuletzt aktualisiert: 11. Mai 2021<\/p>\n\n<\/div><\/div><\/div>\n<\/div>\n<\/div><\/div>\n\n<div class=\"gb-container gb-container-1918cd5e\"><div class=\"gb-inside-container\">\n\n<h3 class=\"gb-headline gb-headline-b1e4ca68\"><span class=\"gb-icon\"><svg viewbox=\"0 0 60 4.688\" xmlns=\"https:\/\/www.w3.org\/2000\/svg\"><path d=\"M57.656 0H2.344a2.343 2.343 0 100 4.688h55.312a2.344 2.344 0 000-4.688z\"><\/path><\/svg><\/span><span class=\"gb-headline-text\">Datenschutz-Bestimmungen<\/span><\/h3>\n\n\n\n<p class=\"gb-headline gb-headline-8c5b0612 gb-headline-text\">Unsere Datenschutzerkl\u00e4rung ist auf einer separaten Seite verf\u00fcgbar. Unsere Datenschutzrichtlinie erkl\u00e4rt Ihnen, wie wir Informationen \u00fcber Sie verarbeiten. Sie nehmen zur Kenntnis, dass Sie durch Ihre Nutzung der Website erkennen, dass die Verarbeitung dieser Informationen in \u00dcbereinstimmung mit der Datenschutzrichtlinie erfolgt.<\/p>\n\n\n\n<h3 class=\"gb-headline gb-headline-8fbdd611\"><span class=\"gb-icon\"><svg viewbox=\"0 0 60 4.688\" xmlns=\"https:\/\/www.w3.org\/2000\/svg\"><path d=\"M57.656 0H2.344a2.343 2.343 0 100 4.688h55.312a2.344 2.344 0 000-4.688z\"><\/path><\/svg><\/span><span class=\"gb-headline-text\">Ihr Konto<\/span><\/h3>\n\n\n\n<p class=\"gb-headline gb-headline-faeca95f gb-headline-text\">Bei der Nutzung der Website sind Sie daf\u00fcr verantwortlich, die Vertraulichkeit Ihres Kontos, Ihres Passworts und anderer Zugangsdaten zu gew\u00e4hrleisten und den sicheren Zugriff auf Ihr Ger\u00e4t zu gew\u00e4hrleisten. Sie d\u00fcrfen Ihr Konto niemandem zuordnen. Das Unternehmen ist nicht verantwortlich f\u00fcr den unbefugten Zugriff auf Ihr Konto, der aus der Veruntreuung oder dem Diebstahl Ihres Kontos resultiert. Das Unternehmen kann den Service verweigern oder k\u00fcndigen, Ihr Konto k\u00fcndigen und Inhalte entfernen oder bearbeiten.<\/p>\n\n\n\n<h3 class=\"gb-headline gb-headline-e7491245\"><span class=\"gb-icon\"><svg viewbox=\"0 0 60 4.688\" xmlns=\"https:\/\/www.w3.org\/2000\/svg\"><path d=\"M57.656 0H2.344a2.343 2.343 0 100 4.688h55.312a2.344 2.344 0 000-4.688z\"><\/path><\/svg><\/span><span class=\"gb-headline-text\">Dienstleistungen<\/span><\/h3>\n\n\n\n<p class=\"gb-headline gb-headline-0863563f gb-headline-text\">Die Website erm\u00f6glicht Ihnen die Nutzung der auf der Website verf\u00fcgbaren Dienste. Sie d\u00fcrfen die Dienste nicht f\u00fcr rechtswidrige Zwecke nutzen.<\/p>\n\n\n\n<p class=\"gb-headline gb-headline-b3ec778b gb-headline-text\">Die Website erm\u00f6glicht Ihnen die Nutzung der auf der Website verf\u00fcgbaren Dienste. Sie d\u00fcrfen die Dienste nicht f\u00fcr rechtswidrige Zwecke nutzen. Wir k\u00f6nnen nach eigenem Ermessen Geb\u00fchren f\u00fcr die Nutzung der Website f\u00fcr Sie festlegen. Alle Preise werden gesondert auf den entsprechenden Seiten der Website ver\u00f6ffentlicht. Wir k\u00f6nnen nach eigenem Ermessen die Geb\u00fchren jederzeit \u00e4ndern. Die Website erm\u00f6glicht Ihnen die Nutzung der auf der Website verf\u00fcgbaren Dienste. Sie d\u00fcrfen die Dienste nicht f\u00fcr rechtswidrige Zwecke nutzen.<\/p>\n\n\n\n<p class=\"gb-headline gb-headline-8d391999 gb-headline-text\">Wir k\u00f6nnen zertifizierte Zahlungssysteme verwenden, die auch ihre Provisionen haben k\u00f6nnen. Solche Provisionen k\u00f6nnen von Ihnen verlangt werden, wenn Sie sich f\u00fcr ein bestimmtes Zahlungssystem entscheiden. Detaillierte Informationen zu den Provisionen solcher Zahlungssysteme finden Sie auf deren Websites.<\/p>\n\n\n\n<h3 class=\"gb-headline gb-headline-67779771\"><span class=\"gb-icon\"><svg viewbox=\"0 0 60 4.688\" xmlns=\"https:\/\/www.w3.org\/2000\/svg\"><path d=\"M57.656 0H2.344a2.343 2.343 0 100 4.688h55.312a2.344 2.344 0 000-4.688z\"><\/path><\/svg><\/span><span class=\"gb-headline-text\">Dienste von Drittanbietern<\/span><\/h3>\n\n\n\n<p class=\"gb-headline gb-headline-3987aaa3 gb-headline-text\">Die Website kann Links zu anderen Websites, Anwendungen und Plattformen enthalten (im Folgenden die \u201everlinkten Websites\u201c).<\/p>\n\n\n\n<p class=\"gb-headline gb-headline-53a40ef6 gb-headline-text\">Das Unternehmen kontrolliert die verlinkten Seiten nicht und ist nicht verantwortlich f\u00fcr den Inhalt und andere Materialien der verlinkten Seiten. Das Unternehmen stellt Ihnen diese Links zur Verf\u00fcgung, um die Funktionen oder Dienste auf der Website bereitzustellen.<\/p>\n\n\n\n<h3 class=\"gb-headline gb-headline-c38b6763\"><span class=\"gb-icon\"><svg viewbox=\"0 0 60 4.688\" xmlns=\"https:\/\/www.w3.org\/2000\/svg\"><path d=\"M57.656 0H2.344a2.343 2.343 0 100 4.688h55.312a2.344 2.344 0 000-4.688z\"><\/path><\/svg><\/span><span class=\"gb-headline-text\">Verbotene Verwendungen und geistiges Eigentum<\/span><\/h3>\n\n\n\n<p class=\"gb-headline gb-headline-d28e5580 gb-headline-text\">Das Unternehmen gew\u00e4hrt Ihnen eine nicht \u00fcbertragbare, nicht ausschlie\u00dfliche, widerrufliche Lizenz f\u00fcr den Zugriff und die Nutzung der Website von einem Ger\u00e4t in \u00dcbereinstimmung mit den Bedingungen. Sie d\u00fcrfen die Website nicht f\u00fcr rechtswidrige oder verbotene Zwecke nutzen. Sie d\u00fcrfen die Website nicht in einer Weise nutzen, die die Website deaktivieren, besch\u00e4digen oder st\u00f6ren k\u00f6nnte.<\/p>\n\n\n\n<p class=\"gb-headline gb-headline-52b5fd73 gb-headline-text\">Alle auf der Website vorhandenen Inhalte umfassen Texte, Codes, Grafiken, Logos, Bilder, Zusammenstellungen, auf der Website verwendete Software (im Folgenden und im Folgenden &quot;Inhalt&quot;). Der Inhalt ist Eigentum des Unternehmens oder seiner Auftragnehmer und durch Gesetze zum Schutz des geistigen Eigentums gesch\u00fctzt, die diese Rechte sch\u00fctzen. Sie stimmen zu, alle im Inhalt enthaltenen Urheberrechts- und sonstigen Eigentumshinweise oder Beschr\u00e4nkungen zu verwenden, und es ist Ihnen untersagt, den Inhalt zu \u00e4ndern.<\/p>\n\n\n\n<p class=\"gb-headline gb-headline-a4cf55e4 gb-headline-text\">Sie d\u00fcrfen nicht ver\u00f6ffentlichen, \u00fcbertragen, modifizieren, zur\u00fcckentwickeln, an der \u00dcbertragung teilnehmen oder abgeleitete Werke erstellen und verkaufen oder den Inhalt in irgendeiner Weise verwenden. Ihre Nutzung der Website berechtigt Sie nicht zu einer illegalen und unzul\u00e4ssigen Nutzung des Inhalts, und Sie d\u00fcrfen insbesondere keine Eigentumsrechte oder Hinweise an den Inhalten \u00e4ndern. Sie d\u00fcrfen den Inhalt nur f\u00fcr Ihren pers\u00f6nlichen und nicht kommerziellen Gebrauch verwenden. Das Unternehmen gew\u00e4hrt Ihnen keine Lizenzen am geistigen Eigentum des Unternehmens.<\/p>\n\n\n\n<h3 class=\"gb-headline gb-headline-1d542d56\"><span class=\"gb-icon\"><svg viewbox=\"0 0 60 4.688\" xmlns=\"https:\/\/www.w3.org\/2000\/svg\"><path d=\"M57.656 0H2.344a2.343 2.343 0 100 4.688h55.312a2.344 2.344 0 000-4.688z\"><\/path><\/svg><\/span><span class=\"gb-headline-text\">Die Unternehmensmaterialien<\/span><\/h3>\n\n\n\n<p class=\"gb-headline gb-headline-5f88c03e gb-headline-text\">Durch das Posten, Hochladen, Eingeben, Bereitstellen oder Einreichen Ihrer Inhalte gestatten Sie dem Unternehmen, Ihre Inhalte in Verbindung mit dem Betrieb der Gesch\u00e4fte des Unternehmens zu verwenden, einschlie\u00dflich, aber nicht beschr\u00e4nkt auf die Rechte zur \u00dcbertragung, \u00f6ffentlichen Anzeige, Verteilung, \u00f6ffentlichen Auff\u00fchrung, Kopie , reproduzieren und \u00fcbersetzen Sie Ihre Inhalte; und Ihren Namen in Verbindung mit Ihren Inhalten zu ver\u00f6ffentlichen.<\/p>\n\n\n\n<p class=\"gb-headline gb-headline-216ce585 gb-headline-text\">F\u00fcr die Nutzung Ihrer Inhalte wird keine Entsch\u00e4digung gezahlt. Das Unternehmen ist nicht verpflichtet, Inhalte, die Sie uns senden, zu ver\u00f6ffentlichen oder zu genie\u00dfen, und kann Ihre Inhalte jederzeit entfernen.<\/p>\n\n\n\n<p class=\"gb-headline gb-headline-ef93ccda gb-headline-text\">Durch das Posten, Hochladen, Eingeben, Bereitstellen oder Einreichen Ihrer Inhalte garantieren und versichern Sie, dass Sie alle Rechte an Ihren Inhalten besitzen.<\/p>\n\n\n\n<h3 class=\"gb-headline gb-headline-bd24058b\"><span class=\"gb-icon\"><svg viewbox=\"0 0 60 4.688\" xmlns=\"https:\/\/www.w3.org\/2000\/svg\"><path d=\"M57.656 0H2.344a2.343 2.343 0 100 4.688h55.312a2.344 2.344 0 000-4.688z\"><\/path><\/svg><\/span><span class=\"gb-headline-text\">Die Unternehmensmaterialien<\/span><\/h3>\n\n\n\n<p class=\"gb-headline gb-headline-de8b587b gb-headline-text\">Die \u00fcber die Website verf\u00fcgbaren Informationen k\u00f6nnen typografische Fehler oder Ungenauigkeiten enthalten. Das Unternehmen haftet nicht f\u00fcr diese Ungenauigkeiten und Fehler.<\/p>\n\n\n\n<p class=\"gb-headline gb-headline-118319f8 gb-headline-text\">Das Unternehmen macht keine Zusicherungen hinsichtlich der Verf\u00fcgbarkeit, Genauigkeit, Zuverl\u00e4ssigkeit, Eignung und Aktualit\u00e4t der auf der Website enthaltenen Inhalte und der auf der Website verf\u00fcgbaren Dienste. Soweit nach geltendem Recht zul\u00e4ssig, werden alle diese Inhalte und Dienste &quot;wie besehen&quot; bereitgestellt. Das Unternehmen lehnt alle Gew\u00e4hrleistungen und Bedingungen in Bezug auf diese Inhalte und Dienste ab, einschlie\u00dflich Gew\u00e4hrleistungen und Bestimmungen zur Marktg\u00e4ngigkeit und Eignung f\u00fcr einen bestimmten Zweck.<\/p>\n\n\n\n<p class=\"gb-headline gb-headline-b98d4bc2 gb-headline-text\">Soweit dies nach geltendem Recht zul\u00e4ssig ist, haftet das Unternehmen in keinem Fall f\u00fcr direkte, indirekte, zuf\u00e4llige, Folge-, Sonder- oder Strafsch\u00e4den, einschlie\u00dflich, aber nicht beschr\u00e4nkt auf Sch\u00e4den aus Genuss-, Daten- oder Gewinnverlust, in die Verbindung mit der Nutzung oder Ausf\u00fchrung der Website im Zusammenhang mit der Unf\u00e4higkeit oder Verz\u00f6gerung, die Website oder ihre Dienste zu nutzen, oder f\u00fcr Inhalte der Website oder anderweitig aus der Nutzung der Website, basierend auf Vertrag und nicht - Vertragshaftung oder aus anderen Gr\u00fcnden.<\/p>\n\n\n\n<p class=\"gb-headline gb-headline-876d1315 gb-headline-text\">Sollte der Ausschluss oder die Beschr\u00e4nkung der Haftung f\u00fcr Folgesch\u00e4den oder Folgesch\u00e4den im Einzelfall untersagt sein, gilt der Haftungsausschluss oder die Haftungsbeschr\u00e4nkung f\u00fcr Sie nicht.<\/p>\n\n\n\n<h3 class=\"gb-headline gb-headline-710393c6\"><span class=\"gb-icon\"><svg viewbox=\"0 0 60 4.688\" xmlns=\"https:\/\/www.w3.org\/2000\/svg\"><path d=\"M57.656 0H2.344a2.343 2.343 0 100 4.688h55.312a2.344 2.344 0 000-4.688z\"><\/path><\/svg><\/span><span class=\"gb-headline-text\">Entsch\u00e4digung<\/span><\/h3>\n\n\n\n<p class=\"gb-headline gb-headline-9d4b6a91 gb-headline-text\">Sie erkl\u00e4ren sich damit einverstanden, das Unternehmen, seine Manager, Direktoren, Mitarbeiter, Vertreter und Dritte f\u00fcr alle Kosten, Verluste, Ausgaben (einschlie\u00dflich Anwaltskosten), Verbindlichkeiten in Bezug auf oder aufgrund Ihrer Unf\u00e4higkeit oder Unf\u00e4higkeit schadlos zu halten, zu verteidigen und schadlos zu halten um die Website oder ihre Dienstleistungen und die Dienstleistungen und Produkte des Unternehmens zu genie\u00dfen, Ihre Verletzung der Bedingungen oder Ihre Verletzung von Rechten Dritter oder Ihre Verletzung des geltenden Rechts. Das Unternehmen kann die ausschlie\u00dfliche Verteidigung \u00fcbernehmen und Sie werden mit dem Unternehmen zusammenarbeiten, um alle verf\u00fcgbaren Verteidigungen geltend zu machen.<\/p>\n\n\n\n<h3 class=\"gb-headline gb-headline-5ac6df7c\"><span class=\"gb-icon\"><svg viewbox=\"0 0 60 4.688\" xmlns=\"https:\/\/www.w3.org\/2000\/svg\"><path d=\"M57.656 0H2.344a2.343 2.343 0 100 4.688h55.312a2.344 2.344 0 000-4.688z\"><\/path><\/svg><\/span><span class=\"gb-headline-text\">K\u00fcndigung und Zugangsbeschr\u00e4nkung<\/span><\/h3>\n\n\n\n<p class=\"gb-headline gb-headline-5642661c gb-headline-text\">Das Unternehmen kann Ihren Zugriff und Ihr Konto auf die Website und die damit verbundenen Dienste oder Teile davon jederzeit ohne vorherige Ank\u00fcndigung k\u00fcndigen, falls Sie gegen die Bedingungen versto\u00dfen.<\/p>\n\n\n\n<h3 class=\"gb-headline gb-headline-2d957027\"><span class=\"gb-icon\"><svg viewbox=\"0 0 60 4.688\" xmlns=\"https:\/\/www.w3.org\/2000\/svg\"><path d=\"M57.656 0H2.344a2.343 2.343 0 100 4.688h55.312a2.344 2.344 0 000-4.688z\"><\/path><\/svg><\/span><span class=\"gb-headline-text\">Sonstig<\/span><\/h3>\n\n\n\n<p class=\"gb-headline gb-headline-56c52ba5 gb-headline-text\">Das ma\u00dfgebliche Recht der Bedingungen ist das materielle Recht des Landes, in dem das Unternehmen gegr\u00fcndet wurde, mit Ausnahme der Kollisionsnormen. Sie d\u00fcrfen die Website nicht in Gerichtsbarkeiten nutzen, die nicht alle Bestimmungen der Bedingungen erf\u00fcllen.<\/p>\n\n\n\n<p class=\"gb-headline gb-headline-6435ab92 gb-headline-text\">Aufgrund der Bedingungen oder der Nutzung der Website wird kein Joint Venture, keine Partnerschaft, kein Besch\u00e4ftigungs- oder Agenturverh\u00e4ltnis zwischen Ihnen und dem Unternehmen impliziert.<\/p>\n\n\n\n<p class=\"gb-headline gb-headline-f63c2377 gb-headline-text\">Nichts in den Bedingungen stellt eine Abweichung vom Recht des Unternehmens dar, beh\u00f6rdlichen, gerichtlichen, polizeilichen und Strafverfolgungsanforderungen oder -anforderungen bez\u00fcglich Ihrer Nutzung der Website nachzukommen.<\/p>\n\n\n\n<p class=\"gb-headline gb-headline-5aacc676 gb-headline-text\">Wenn ein Teil der Bedingungen gem\u00e4\u00df geltendem Recht als ung\u00fcltig oder nicht durchsetzbar befunden wird, gelten die ung\u00fcltigen oder nicht durchsetzbaren Klauseln als durch g\u00fcltige und durchsetzbare Klauseln ersetzt, die der Originalversion der Bedingungen und anderen Teilen und Abschnitten der \u00e4hneln Die Bedingungen gelten f\u00fcr Sie und das Unternehmen.<\/p>\n\n\n\n<p class=\"gb-headline gb-headline-c0a8908f gb-headline-text\">Die Bedingungen stellen die gesamte Vereinbarung zwischen Ihnen und dem Unternehmen in Bezug auf die Nutzung der Website dar, und die Bedingungen ersetzen alle vorherigen oder elektronischen, m\u00fcndlichen oder schriftlichen Mitteilungen und Angebote zwischen Ihnen und dem Unternehmen.<\/p>\n\n\n\n<p class=\"gb-headline gb-headline-7ce21a07 gb-headline-text\">Das Unternehmen und seine verbundenen Unternehmen haften nicht f\u00fcr eine Nichterf\u00fcllung oder Verz\u00f6gerung bei der Erf\u00fcllung ihrer Verpflichtungen, wenn die Nichterf\u00fcllung oder Verz\u00f6gerung auf einen Grund zur\u00fcckzuf\u00fchren ist, der au\u00dferhalb der angemessenen Kontrolle des Unternehmens liegt, einschlie\u00dflich technischer Ausf\u00e4lle, Naturkatastrophen, Blockaden, Embargos, Aufruhr, Handlungen, Vorschriften, Gesetze oder beh\u00f6rdliche Anordnungen, terroristische Handlungen, Krieg oder andere Gewalten au\u00dferhalb der Kontrolle des Unternehmens.<\/p>\n\n\n\n<p class=\"gb-headline gb-headline-789302c8 gb-headline-text\">Im Falle von Kontroversen, Forderungen, Anspr\u00fcchen, Streitigkeiten oder Klagegr\u00fcnden zwischen dem Unternehmen und Ihnen in Bezug auf die Website oder andere damit verbundene Probleme oder die Bedingungen stimmen Sie und das Unternehmen zu, zu versuchen, solche Kontroversen, Forderungen, Anspr\u00fcche, Streitigkeiten beizulegen , oder Klagegr\u00fcnde nach Treu und Glauben, und im Falle des Scheiterns einer solchen Verhandlung ausschlie\u00dflich durch die Gerichte des Landes, in dem die Gesellschaft gegr\u00fcndet wurde.<\/p>\n\n\n\n<h3 class=\"gb-headline gb-headline-d3bce61d\"><span class=\"gb-icon\"><svg viewbox=\"0 0 60 4.688\" xmlns=\"https:\/\/www.w3.org\/2000\/svg\"><path d=\"M57.656 0H2.344a2.343 2.343 0 100 4.688h55.312a2.344 2.344 0 000-4.688z\"><\/path><\/svg><\/span><span class=\"gb-headline-text\">Beschwerden<\/span><\/h3>\n\n\n\n<p class=\"gb-headline gb-headline-59c4f053 gb-headline-text\">Wir verpflichten uns, alle Beschwerden \u00fcber unsere Erhebung oder Verwendung Ihrer personenbezogenen Daten zu kl\u00e4ren. Wenn Sie eine Beschwerde bez\u00fcglich dieser Bedingungen oder unserer Praktiken in Bezug auf Ihre personenbezogenen Daten einreichen m\u00f6chten, kontaktieren Sie uns bitte \u00fcber unsere Website. Wir werden Ihre Beschwerde so schnell wie m\u00f6glich beantworten, in jedem Fall jedoch innerhalb von 30 Tagen. Wir hoffen, jede uns zur Kenntnis gebrachte Beschwerde beilegen zu k\u00f6nnen. Wenn Sie jedoch der Meinung sind, dass Ihre Beschwerde nicht angemessen gel\u00f6st wurde, behalten Sie sich das Recht vor, sich an Ihre \u00f6rtliche Datenschutzaufsichtsbeh\u00f6rde zu wenden.<\/p>\n\n\n\n<h3 class=\"gb-headline gb-headline-67e627a4\"><span class=\"gb-icon\"><svg viewbox=\"0 0 60 4.688\" xmlns=\"https:\/\/www.w3.org\/2000\/svg\"><path d=\"M57.656 0H2.344a2.343 2.343 0 100 4.688h55.312a2.344 2.344 0 000-4.688z\"><\/path><\/svg><\/span><span class=\"gb-headline-text\">Kontaktinformationen<\/span><\/h3>\n\n\n\n<p class=\"gb-headline gb-headline-1d2a1a20 gb-headline-text\">Wir freuen uns \u00fcber Ihre Kommentare oder Fragen zu unseren Bedingungen. Sie k\u00f6nnen uns \u00fcber die auf unserer Website verf\u00fcgbaren Kontaktinformationen kontaktieren.<\/p>\n\n<\/div><\/div>","protected":false},"excerpt":{"rendered":"","protected":false},"author":1,"featured_media":0,"parent":0,"menu_order":0,"comment_status":"closed","ping_status":"closed","template":"","meta":{"_generate-full-width-content":"true"},"yoast_head":"<!-- This site is optimized with the Yoast SEO Premium plugin v16.3 (Yoast SEO v16.3) - https:\/\/yoast.com\/wordpress\/plugins\/seo\/ -->\n<title>Terms of Service<\/title>\n<meta name=\"description\" content=\"Please read the following information carefully to understand our practices regarding your use of the website.\" \/>\n<meta name=\"robots\" content=\"index, follow, max-snippet:-1, max-image-preview:large, max-video-preview:-1\" \/>\n<link rel=\"canonical\" href=\"https:\/\/www.ifindpass.com\/de\/terms-of-service\/\" \/>\n<meta property=\"og:locale\" content=\"de_DE\" \/>\n<meta property=\"og:type\" content=\"article\" \/>\n<meta property=\"og:title\" content=\"Terms of Service\" \/>\n<meta property=\"og:description\" content=\"Please read the following information carefully to understand our practices regarding your use of the website.\" \/>\n<meta property=\"og:url\" content=\"https:\/\/www.ifindpass.com\/de\/terms-of-service\/\" \/>\n<meta property=\"og:site_name\" content=\"iFindPass\" \/>\n<meta property=\"article:modified_time\" content=\"2021-09-28T01:34:51+00:00\" \/>\n<meta name=\"twitter:card\" content=\"summary_large_image\" \/>\n<meta name=\"twitter:label1\" content=\"Gesch\u00e4tzte Lesezeit\">\n\t<meta name=\"twitter:data1\" content=\"7 Minuten\">\n<script type=\"application\/ld+json\" class=\"yoast-schema-graph\">{\"@context\":\"https:\/\/schema.org\",\"@graph\":[{\"@type\":\"WebSite\",\"@id\":\"https:\/\/www.ifindpass.com\/fr\/#website\",\"url\":\"https:\/\/www.ifindpass.com\/fr\/\",\"name\":\"iFindPass\",\"description\":\"Password Recovery\",\"potentialAction\":[{\"@type\":\"SearchAction\",\"target\":\"https:\/\/www.ifindpass.com\/fr\/?s={search_term_string}\",\"query-input\":\"required name=search_term_string\"}],\"inLanguage\":\"de-DE\"},{\"@type\":\"WebPage\",\"@id\":\"https:\/\/www.ifindpass.com\/fr\/terms-of-service\/#webpage\",\"url\":\"https:\/\/www.ifindpass.com\/fr\/terms-of-service\/\",\"name\":\"Terms of Service\",\"isPartOf\":{\"@id\":\"https:\/\/www.ifindpass.com\/fr\/#website\"},\"datePublished\":\"2021-06-23T10:14:10+00:00\",\"dateModified\":\"2021-09-28T01:34:51+00:00\",\"description\":\"Please read the following information carefully to understand our practices regarding your use of the website.\",\"breadcrumb\":{\"@id\":\"https:\/\/www.ifindpass.com\/fr\/terms-of-service\/#breadcrumb\"},\"inLanguage\":\"de-DE\",\"potentialAction\":[{\"@type\":\"ReadAction\",\"target\":[\"https:\/\/www.ifindpass.com\/fr\/terms-of-service\/\"]}]},{\"@type\":\"BreadcrumbList\",\"@id\":\"https:\/\/www.ifindpass.com\/fr\/terms-of-service\/#breadcrumb\",\"itemListElement\":[{\"@type\":\"ListItem\",\"position\":1,\"item\":{\"@id\":\"https:\/\/www.ifindpass.com\/fr\/terms-of-service\/#webpage\"}}]}]}<\/script>\n<!-- \/ Yoast SEO Premium plugin. -->","_links":{"self":[{"href":"https:\/\/www.ifindpass.com\/de\/wp-json\/wp\/v2\/pages\/3224"}],"collection":[{"href":"https:\/\/www.ifindpass.com\/de\/wp-json\/wp\/v2\/pages"}],"about":[{"href":"https:\/\/www.ifindpass.com\/de\/wp-json\/wp\/v2\/types\/page"}],"author":[{"embeddable":true,"href":"https:\/\/www.ifindpass.com\/de\/wp-json\/wp\/v2\/users\/1"}],"replies":[{"embeddable":true,"href":"https:\/\/www.ifindpass.com\/de\/wp-json\/wp\/v2\/comments?post=3224"}],"version-history":[{"count":2,"href":"https:\/\/www.ifindpass.com\/de\/wp-json\/wp\/v2\/pages\/3224\/revisions"}],"predecessor-version":[{"id":4670,"href":"https:\/\/www.ifindpass.com\/de\/wp-json\/wp\/v2\/pages\/3224\/revisions\/4670"}],"wp:attachment":[{"href":"https:\/\/www.ifindpass.com\/de\/wp-json\/wp\/v2\/media?parent=3224"}],"curies":[{"name":"wp","href":"https:\/\/api.w.org\/{rel}","templated":true}]}}